{"id":295,"date":"2021-11-30T17:17:51","date_gmt":"2021-11-30T22:17:51","guid":{"rendered":"https:\/\/medecine-du-papillon.com\/panier\/"},"modified":"2023-06-09T19:28:57","modified_gmt":"2023-06-09T23:28:57","slug":"panier","status":"publish","type":"page","link":"https:\/\/medecine-du-papillon.com\/en\/basket\/","title":{"rendered":"Basket"},"content":{"rendered":"<p>[et_pb_section fb_built=\u00a0\u00bb1&Prime; _builder_version=\u00a0\u00bb4.16&Prime; background_image=\u00a0\u00bbhttps:\/\/medecine-du-papillon.com\/wp-content\/uploads\/2021\/11\/holistic-healer-35.png\u00a0\u00bb background_size=\u00a0\u00bbinitial\u00a0\u00bb background_repeat=\u00a0\u00bbrepeat\u00a0\u00bb global_colors_info=\u00a0\u00bb{}\u00a0\u00bb][et_pb_row _builder_version=\u00a0\u00bb4.16&Prime; background_size=\u00a0\u00bbinitial\u00a0\u00bb background_position=\u00a0\u00bbtop_left\u00a0\u00bb background_repeat=\u00a0\u00bbrepeat\u00a0\u00bb global_colors_info=\u00a0\u00bb{}\u00a0\u00bb][et_pb_column type=\u00a0\u00bb4_4&Prime; _builder_version=\u00a0\u00bb4.16&Prime; custom_padding=\u00a0\u00bb|||\u00a0\u00bb global_colors_info=\u00a0\u00bb{}\u00a0\u00bb custom_padding__hover=\u00a0\u00bb|||\u00a0\u00bb][et_pb_post_title meta=\u00a0\u00bboff\u00a0\u00bb featured_image=\u00a0\u00bboff\u00a0\u00bb _builder_version=\u00a0\u00bb4.16&Prime; title_font=\u00a0\u00bbZCOOL XiaoWei||||||||\u00a0\u00bb title_text_align=\u00a0\u00bbcenter\u00a0\u00bb title_text_color=\u00a0\u00bb#a9804a\u00a0\u00bb title_font_size=\u00a0\u00bb75px\u00a0\u00bb global_colors_info=\u00a0\u00bb{}\u00a0\u00bb][\/et_pb_post_title][et_pb_wc_cart_notice _builder_version=\u00a0\u00bb4.16&Prime; custom_button=\u00a0\u00bbon\u00a0\u00bb button_text_color=\u00a0\u00bb#FFFFFF\u00a0\u00bb global_colors_info=\u00a0\u00bb{}\u00a0\u00bb][\/et_pb_wc_cart_notice][et_pb_wc_cart_products _builder_version=\u00a0\u00bb4.20.0&Prime; form_field_background_color=\u00a0\u00bb#f7f1e9&Prime; table_header_text_align=\u00a0\u00bbleft\u00a0\u00bb background_color=\u00a0\u00bb#f5f5f5&Prime; custom_button=\u00a0\u00bbon\u00a0\u00bb button_text_size=\u00a0\u00bb19px\u00a0\u00bb button_text_color=\u00a0\u00bb#FFFFFF\u00a0\u00bb button_custom_margin=\u00a0\u00bb5px||0px||false|false\u00a0\u00bb custom_disabled_button=\u00a0\u00bbon\u00a0\u00bb disabled_button_border_width=\u00a0\u00bb2px\u00a0\u00bb hover_enabled=\u00a0\u00bb0&Prime; border_radii_form_field=\u00a0\u00bbon|10px|10px|10px|10px\u00a0\u00bb global_colors_info=\u00a0\u00bb{}\u00a0\u00bb sticky_enabled=\u00a0\u00bb0&Prime; button_border_width=\u00a0\u00bb0px\u00a0\u00bb][\/et_pb_wc_cart_products][\/et_pb_column][\/et_pb_row][et_pb_row column_structure=\u00a0\u00bb1_2,1_2&Prime; _builder_version=\u00a0\u00bb4.16&Prime; background_size=\u00a0\u00bbinitial\u00a0\u00bb background_position=\u00a0\u00bbtop_left\u00a0\u00bb background_repeat=\u00a0\u00bbrepeat\u00a0\u00bb global_colors_info=\u00a0\u00bb{}\u00a0\u00bb][et_pb_column type=\u00a0\u00bb1_2&Prime; _builder_version=\u00a0\u00bb4.16&Prime; custom_padding=\u00a0\u00bb|||\u00a0\u00bb global_colors_info=\u00a0\u00bb{}\u00a0\u00bb custom_padding__hover=\u00a0\u00bb|||\u00a0\u00bb][et_pb_wc_cross_sells _builder_version=\u00a0\u00bb4.16&Prime; global_colors_info=\u00a0\u00bb{}\u00a0\u00bb][\/et_pb_wc_cross_sells][\/et_pb_column][et_pb_column type=\u00a0\u00bb1_2&Prime; _builder_version=\u00a0\u00bb4.16&Prime; custom_padding=\u00a0\u00bb|||\u00a0\u00bb global_colors_info=\u00a0\u00bb{}\u00a0\u00bb custom_padding__hover=\u00a0\u00bb|||\u00a0\u00bb][et_pb_wc_cart_totals _builder_version=\u00a0\u00bb4.20.0&Prime; custom_button=\u00a0\u00bbon\u00a0\u00bb button_text_color=\u00a0\u00bb#FFFFFF\u00a0\u00bb button_border_color=\u00a0\u00bbRGBA(255,255,255,0)\u00a0\u00bb text_orientation=\u00a0\u00bbcenter\u00a0\u00bb hover_enabled=\u00a0\u00bb0&Prime; border_width_all=\u00a0\u00bb2px\u00a0\u00bb border_color_all=\u00a0\u00bb#FFFFFF\u00a0\u00bb global_colors_info=\u00a0\u00bb{}\u00a0\u00bb sticky_enabled=\u00a0\u00bb0&Prime;][\/et_pb_wc_cart_totals][\/et_pb_column][\/et_pb_row][\/et_pb_section]<\/p>\n","protected":false},"excerpt":{"rendered":"","protected":false},"author":1,"featured_media":0,"parent":0,"menu_order":0,"comment_status":"closed","ping_status":"closed","template":"","meta":{"_et_pb_use_builder":"on","_et_pb_old_content":"<!-- wp:shortcode -->[woocommerce_cart]<!-- \/wp:shortcode -->","_et_gb_content_width":"","_exactmetrics_skip_tracking":false,"_exactmetrics_sitenote_active":false,"_exactmetrics_sitenote_note":"","_exactmetrics_sitenote_category":0,"jetpack_post_was_ever_published":true,"footnotes":""},"class_list":["post-295","page","type-page","status-publish","hentry"],"yoast_head":"<!-- This site is optimized with the Yoast SEO plugin v23.9 - https:\/\/yoast.com\/wordpress\/plugins\/seo\/ -->\n<title>Panier &#183; M\u00e9decine du papillon<\/title>\n<meta name=\"robots\" content=\"index, follow, max-snippet:-1, max-image-preview:large, max-video-preview:-1\" \/>\n<link rel=\"canonical\" href=\"https:\/\/medecine-du-papillon.com\/en\/basket\/\" \/>\n<meta property=\"og:locale\" content=\"en_US\" \/>\n<meta property=\"og:type\" content=\"article\" \/>\n<meta property=\"og:title\" content=\"Panier &#183; M\u00e9decine du papillon\" \/>\n<meta property=\"og:url\" content=\"https:\/\/medecine-du-papillon.com\/en\/basket\/\" \/>\n<meta property=\"og:site_name\" content=\"M\u00e9decine du papillon\" \/>\n<meta property=\"article:modified_time\" content=\"2023-06-09T23:28:57+00:00\" \/>\n<meta name=\"twitter:card\" content=\"summary_large_image\" \/>\n<meta name=\"twitter:label1\" content=\"Est. reading time\" \/>\n\t<meta name=\"twitter:data1\" content=\"2 minutes\" \/>\n<script type=\"application\/ld+json\" class=\"yoast-schema-graph\">{\"@context\":\"https:\/\/schema.org\",\"@graph\":[{\"@type\":\"WebPage\",\"@id\":\"https:\/\/medecine-du-papillon.com\/panier\/\",\"url\":\"https:\/\/medecine-du-papillon.com\/panier\/\",\"name\":\"Panier &#183; M\u00e9decine du papillon\",\"isPartOf\":{\"@id\":\"https:\/\/medecine-du-papillon.com\/#website\"},\"datePublished\":\"2021-11-30T22:17:51+00:00\",\"dateModified\":\"2023-06-09T23:28:57+00:00\",\"breadcrumb\":{\"@id\":\"https:\/\/medecine-du-papillon.com\/panier\/#breadcrumb\"},\"inLanguage\":\"en-CA\",\"potentialAction\":[{\"@type\":\"ReadAction\",\"target\":[\"https:\/\/medecine-du-papillon.com\/panier\/\"]}]},{\"@type\":\"BreadcrumbList\",\"@id\":\"https:\/\/medecine-du-papillon.com\/panier\/#breadcrumb\",\"itemListElement\":[{\"@type\":\"ListItem\",\"position\":1,\"name\":\"Accueil\",\"item\":\"https:\/\/medecine-du-papillon.com\/\"},{\"@type\":\"ListItem\",\"position\":2,\"name\":\"Panier\"}]},{\"@type\":\"WebSite\",\"@id\":\"https:\/\/medecine-du-papillon.com\/#website\",\"url\":\"https:\/\/medecine-du-papillon.com\/\",\"name\":\"M\u00e9decine du papillon\",\"description\":\"Retrouver votre bien-\u00eatre en vous accordant de doux moments via nos produits naturels.\",\"potentialAction\":[{\"@type\":\"SearchAction\",\"target\":{\"@type\":\"EntryPoint\",\"urlTemplate\":\"https:\/\/medecine-du-papillon.com\/?s={search_term_string}\"},\"query-input\":{\"@type\":\"PropertyValueSpecification\",\"valueRequired\":true,\"valueName\":\"search_term_string\"}}],\"inLanguage\":\"en-CA\"}]}<\/script>\n<!-- \/ Yoast SEO plugin. -->","yoast_head_json":{"title":"Shopping cart \u00b7 Butterfly medicine","robots":{"index":"index","follow":"follow","max-snippet":"max-snippet:-1","max-image-preview":"max-image-preview:large","max-video-preview":"max-video-preview:-1"},"canonical":"https:\/\/medecine-du-papillon.com\/en\/basket\/","og_locale":"en_US","og_type":"article","og_title":"Panier &#183; M\u00e9decine du papillon","og_url":"https:\/\/medecine-du-papillon.com\/en\/basket\/","og_site_name":"M\u00e9decine du papillon","article_modified_time":"2023-06-09T23:28:57+00:00","twitter_card":"summary_large_image","twitter_misc":{"Est. reading time":"2 minutes"},"schema":{"@context":"https:\/\/schema.org","@graph":[{"@type":"WebPage","@id":"https:\/\/medecine-du-papillon.com\/panier\/","url":"https:\/\/medecine-du-papillon.com\/panier\/","name":"Shopping cart \u00b7 Butterfly medicine","isPartOf":{"@id":"https:\/\/medecine-du-papillon.com\/#website"},"datePublished":"2021-11-30T22:17:51+00:00","dateModified":"2023-06-09T23:28:57+00:00","breadcrumb":{"@id":"https:\/\/medecine-du-papillon.com\/panier\/#breadcrumb"},"inLanguage":"en-CA","potentialAction":[{"@type":"ReadAction","target":["https:\/\/medecine-du-papillon.com\/panier\/"]}]},{"@type":"BreadcrumbList","@id":"https:\/\/medecine-du-papillon.com\/panier\/#breadcrumb","itemListElement":[{"@type":"ListItem","position":1,"name":"Accueil","item":"https:\/\/medecine-du-papillon.com\/"},{"@type":"ListItem","position":2,"name":"Panier"}]},{"@type":"WebSite","@id":"https:\/\/medecine-du-papillon.com\/#website","url":"https:\/\/medecine-du-papillon.com\/","name":"Butterfly Medicine","description":"Regain your well-being by treating yourself to sweet moments with our natural products.","potentialAction":[{"@type":"SearchAction","target":{"@type":"EntryPoint","urlTemplate":"https:\/\/medecine-du-papillon.com\/?s={search_term_string}"},"query-input":{"@type":"PropertyValueSpecification","valueRequired":true,"valueName":"search_term_string"}}],"inLanguage":"en-CA"}]}},"jetpack-related-posts":[{"id":296,"url":"https:\/\/medecine-du-papillon.com\/en\/commander\/","url_meta":{"origin":295,"position":0},"title":"Confirmation of the order","author":"Lisa Bleuze","date":"","format":false,"excerpt":"","rel":"","context":"Similar post","block_context":{"text":"Similar post","link":""},"img":{"alt_text":"","src":"","width":0,"height":0},"classes":[]},{"id":338,"url":"https:\/\/medecine-du-papillon.com\/en\/reiki-energy-healing\/","url_meta":{"origin":295,"position":1},"title":"Reiki energy treatments","author":"Lisa Bleuze","date":"","format":false,"excerpt":"","rel":"","context":"Similar post","block_context":{"text":"Similar post","link":""},"img":{"alt_text":"soin energetique reiki medecine holistique energie chakras gue\u0301rir","src":"https:\/\/i0.wp.com\/medecine-du-papillon.com\/wp-content\/uploads\/2021\/12\/soin-energetique-reiki-medecine-holistique-energie-chakras-gue%CC%81rir.jpg?fit=509%2C339&ssl=1&resize=350%2C200","width":350,"height":200},"classes":[]},{"id":3123,"url":"https:\/\/medecine-du-papillon.com\/en\/sales-page\/","url_meta":{"origin":295,"position":2},"title":"Sales Page","author":"Lisa Bleuze","date":"","format":false,"excerpt":"","rel":"","context":"Similar post","block_context":{"text":"Similar post","link":""},"img":{"alt_text":"","src":"","width":0,"height":0},"classes":[]},{"id":3114,"url":"https:\/\/medecine-du-papillon.com\/en\/benefits\/","url_meta":{"origin":295,"position":3},"title":"Benefits","author":"Lisa Bleuze","date":"","format":false,"excerpt":"","rel":"","context":"Similar post","block_context":{"text":"Similar post","link":""},"img":{"alt_text":"pexels yaroslav shuraev 6811170 scaled","src":"https:\/\/i0.wp.com\/medecine-du-papillon.com\/wp-content\/uploads\/2023\/06\/pexels-yaroslav-shuraev-6811170-scaled.jpg?fit=1200%2C800&ssl=1&resize=350%2C200","width":350,"height":200,"srcset":"https:\/\/i0.wp.com\/medecine-du-papillon.com\/wp-content\/uploads\/2023\/06\/pexels-yaroslav-shuraev-6811170-scaled.jpg?fit=1200%2C800&ssl=1&resize=350%2C200 1x, https:\/\/i0.wp.com\/medecine-du-papillon.com\/wp-content\/uploads\/2023\/06\/pexels-yaroslav-shuraev-6811170-scaled.jpg?fit=1200%2C800&ssl=1&resize=525%2C300 1.5x, https:\/\/i0.wp.com\/medecine-du-papillon.com\/wp-content\/uploads\/2023\/06\/pexels-yaroslav-shuraev-6811170-scaled.jpg?fit=1200%2C800&ssl=1&resize=700%2C400 2x, https:\/\/i0.wp.com\/medecine-du-papillon.com\/wp-content\/uploads\/2023\/06\/pexels-yaroslav-shuraev-6811170-scaled.jpg?fit=1200%2C800&ssl=1&resize=1050%2C600 3x"},"classes":[]},{"id":3128,"url":"https:\/\/medecine-du-papillon.com\/en\/","url_meta":{"origin":295,"position":4},"title":"Natural and organic products, with dried flowers \u2022 Butterfly medicine","author":"Lisa Bleuze","date":"","format":false,"excerpt":"Butterfly Medicine offers you healthy cosmetics and care products, the natural products you need.","rel":"","context":"Similar post","block_context":{"text":"Similar post","link":""},"img":{"alt_text":"M\u00e9decine du papillon vous offre des cosm\u00e9tiques sains et des produits de soins, les produits naturels qu'il vous faut.","src":"https:\/\/i0.wp.com\/medecine-du-papillon.com\/wp-content\/uploads\/2023\/05\/Logo-petit-Medecine-du-papillon-produits-soins-corporels-holistiques.jpg?fit=1200%2C1200&ssl=1&resize=350%2C200","width":350,"height":200,"srcset":"https:\/\/i0.wp.com\/medecine-du-papillon.com\/wp-content\/uploads\/2023\/05\/Logo-petit-Medecine-du-papillon-produits-soins-corporels-holistiques.jpg?fit=1200%2C1200&ssl=1&resize=350%2C200 1x, https:\/\/i0.wp.com\/medecine-du-papillon.com\/wp-content\/uploads\/2023\/05\/Logo-petit-Medecine-du-papillon-produits-soins-corporels-holistiques.jpg?fit=1200%2C1200&ssl=1&resize=525%2C300 1.5x, https:\/\/i0.wp.com\/medecine-du-papillon.com\/wp-content\/uploads\/2023\/05\/Logo-petit-Medecine-du-papillon-produits-soins-corporels-holistiques.jpg?fit=1200%2C1200&ssl=1&resize=700%2C400 2x, https:\/\/i0.wp.com\/medecine-du-papillon.com\/wp-content\/uploads\/2023\/05\/Logo-petit-Medecine-du-papillon-produits-soins-corporels-holistiques.jpg?fit=1200%2C1200&ssl=1&resize=1050%2C600 3x"},"classes":[]},{"id":3122,"url":"https:\/\/medecine-du-papillon.com\/en\/contact\/","url_meta":{"origin":295,"position":5},"title":"Contact","author":"Lisa Bleuze","date":"","format":false,"excerpt":"You can contact us with any questions or comments. We will be happy to respond as quickly as possible. By form or email.","rel":"","context":"Similar post","block_context":{"text":"Similar post","link":""},"img":{"alt_text":"Contacter la compagnie M\u00e9decine du papillon \u00e0 Montr\u00e9al cr\u00e9ant des produits naturels et sains pour le corps.","src":"https:\/\/i0.wp.com\/medecine-du-papillon.com\/wp-content\/uploads\/2023\/10\/medecine-du-papillon-montreal-garder-contact-scaled.jpg?fit=800%2C1200&ssl=1&resize=350%2C200","width":350,"height":200,"srcset":"https:\/\/i0.wp.com\/medecine-du-papillon.com\/wp-content\/uploads\/2023\/10\/medecine-du-papillon-montreal-garder-contact-scaled.jpg?fit=800%2C1200&ssl=1&resize=350%2C200 1x, https:\/\/i0.wp.com\/medecine-du-papillon.com\/wp-content\/uploads\/2023\/10\/medecine-du-papillon-montreal-garder-contact-scaled.jpg?fit=800%2C1200&ssl=1&resize=525%2C300 1.5x, https:\/\/i0.wp.com\/medecine-du-papillon.com\/wp-content\/uploads\/2023\/10\/medecine-du-papillon-montreal-garder-contact-scaled.jpg?fit=800%2C1200&ssl=1&resize=700%2C400 2x"},"classes":[]}],"jetpack_sharing_enabled":true,"_links":{"self":[{"href":"https:\/\/medecine-du-papillon.com\/en\/wp-json\/wp\/v2\/pages\/295","targetHints":{"allow":["GET"]}}],"collection":[{"href":"https:\/\/medecine-du-papillon.com\/en\/wp-json\/wp\/v2\/pages"}],"about":[{"href":"https:\/\/medecine-du-papillon.com\/en\/wp-json\/wp\/v2\/types\/page"}],"author":[{"embeddable":true,"href":"https:\/\/medecine-du-papillon.com\/en\/wp-json\/wp\/v2\/users\/1"}],"replies":[{"embeddable":true,"href":"https:\/\/medecine-du-papillon.com\/en\/wp-json\/wp\/v2\/comments?post=295"}],"version-history":[{"count":7,"href":"https:\/\/medecine-du-papillon.com\/en\/wp-json\/wp\/v2\/pages\/295\/revisions"}],"predecessor-version":[{"id":3589,"href":"https:\/\/medecine-du-papillon.com\/en\/wp-json\/wp\/v2\/pages\/295\/revisions\/3589"}],"wp:attachment":[{"href":"https:\/\/medecine-du-papillon.com\/en\/wp-json\/wp\/v2\/media?parent=295"}],"curies":[{"name":"wp","href":"https:\/\/api.w.org\/{rel}","templated":true}]}}