{"id":1466,"date":"2022-02-25T18:53:26","date_gmt":"2022-02-25T23:53:26","guid":{"rendered":"https:\/\/medecine-du-papillon.com\/?post_type=product&#038;p=1466"},"modified":"2024-11-28T16:30:01","modified_gmt":"2024-11-28T21:30:01","slug":"relaxation-totale-the-de-bain","status":"publish","type":"product","link":"https:\/\/medecine-du-papillon.com\/en\/product\/total-relaxation-bath-tea\/","title":{"rendered":"Total relaxation \u2013 Bath tea"},"content":{"rendered":"<p>[et_pb_section fb_built=\u00a0\u00bb1&Prime; _builder_version=\u00a0\u00bb4.16&Prime; custom_padding=\u00a0\u00bb0px||||false|false\u00a0\u00bb global_colors_info=\u00a0\u00bb{}\u00a0\u00bb][et_pb_row _builder_version=\u00a0\u00bb4.16&Prime; background_size=\u00a0\u00bbinitial\u00a0\u00bb background_position=\u00a0\u00bbtop_left\u00a0\u00bb background_repeat=\u00a0\u00bbrepeat\u00a0\u00bb width=\u00a0\u00bb100%\u00a0\u00bb custom_padding=\u00a0\u00bb0px||0px||false|false\u00a0\u00bb global_colors_info=\u00a0\u00bb{}\u00a0\u00bb][et_pb_column type=\u00a0\u00bb4_4&Prime; _builder_version=\u00a0\u00bb4.16&Prime; custom_padding=\u00a0\u00bb|||\u00a0\u00bb global_colors_info=\u00a0\u00bb{}\u00a0\u00bb custom_padding__hover=\u00a0\u00bb|||\u00a0\u00bb][et_pb_wc_breadcrumb _builder_version=\u00a0\u00bb4.16&Prime; global_colors_info=\u00a0\u00bb{}\u00a0\u00bb][\/et_pb_wc_breadcrumb][et_pb_wc_cart_notice _builder_version=\u00a0\u00bb4.17.3&Prime; custom_button=\u00a0\u00bbon\u00a0\u00bb button_text_color=\u00a0\u00bb#FFFFFF\u00a0\u00bb global_colors_info=\u00a0\u00bb{}\u00a0\u00bb][\/et_pb_wc_cart_notice][\/et_pb_column][\/et_pb_row][et_pb_row column_structure=\u00a0\u00bb1_2,1_2&Prime; _builder_version=\u00a0\u00bb4.16&Prime; background_size=\u00a0\u00bbinitial\u00a0\u00bb background_position=\u00a0\u00bbtop_left\u00a0\u00bb background_repeat=\u00a0\u00bbrepeat\u00a0\u00bb width=\u00a0\u00bb100%\u00a0\u00bb custom_padding=\u00a0\u00bb0px||||false|false\u00a0\u00bb global_colors_info=\u00a0\u00bb{}\u00a0\u00bb][et_pb_column type=\u00a0\u00bb1_2&Prime; _builder_version=\u00a0\u00bb4.16&Prime; custom_padding=\u00a0\u00bb|||\u00a0\u00bb global_colors_info=\u00a0\u00bb{}\u00a0\u00bb custom_padding__hover=\u00a0\u00bb|||\u00a0\u00bb][et_pb_wc_images _builder_version=\u00a0\u00bb4.16&Prime; global_colors_info=\u00a0\u00bb{}\u00a0\u00bb][\/et_pb_wc_images][\/et_pb_column][et_pb_column type=\u00a0\u00bb1_2&Prime; _builder_version=\u00a0\u00bb4.16&Prime; custom_padding=\u00a0\u00bb|||\u00a0\u00bb global_colors_info=\u00a0\u00bb{}\u00a0\u00bb custom_padding__hover=\u00a0\u00bb|||\u00a0\u00bb][et_pb_wc_title _builder_version=\u00a0\u00bb4.16.0&Prime; global_colors_info=\u00a0\u00bb{}\u00a0\u00bb][\/et_pb_wc_title][et_pb_wc_rating _builder_version=\u00a0\u00bb4.16&Prime; global_colors_info=\u00a0\u00bb{}\u00a0\u00bb][\/et_pb_wc_rating][et_pb_wc_price _builder_version=\u00a0\u00bb4.16&Prime; global_colors_info=\u00a0\u00bb{}\u00a0\u00bb][\/et_pb_wc_price][et_pb_wc_description _builder_version=\u00a0\u00bb4.16.0&Prime; global_colors_info=\u00a0\u00bb{}\u00a0\u00bb][\/et_pb_wc_description][et_pb_wc_add_to_cart _builder_version=\u00a0\u00bb4.16&Prime; custom_button=\u00a0\u00bbon\u00a0\u00bb button_text_color=\u00a0\u00bb#FFFFFF\u00a0\u00bb global_colors_info=\u00a0\u00bb{}\u00a0\u00bb][\/et_pb_wc_add_to_cart][et_pb_wc_meta _builder_version=\u00a0\u00bb4.16&Prime; global_colors_info=\u00a0\u00bb{}\u00a0\u00bb][\/et_pb_wc_meta][\/et_pb_column][\/et_pb_row][et_pb_row _builder_version=\u00a0\u00bb4.16&Prime; background_size=\u00a0\u00bbinitial\u00a0\u00bb background_position=\u00a0\u00bbtop_left\u00a0\u00bb background_repeat=\u00a0\u00bbrepeat\u00a0\u00bb width=\u00a0\u00bb100%\u00a0\u00bb global_colors_info=\u00a0\u00bb{}\u00a0\u00bb][et_pb_column type=\u00a0\u00bb4_4&Prime; _builder_version=\u00a0\u00bb4.16&Prime; custom_padding=\u00a0\u00bb|||\u00a0\u00bb global_colors_info=\u00a0\u00bb{}\u00a0\u00bb custom_padding__hover=\u00a0\u00bb|||\u00a0\u00bb][et_pb_wc_tabs _builder_version=\u00a0\u00bb4.16&Prime; global_colors_info=\u00a0\u00bb{}\u00a0\u00bb]\t\t\t\t\t[\/et_pb_wc_tabs][et_pb_wc_upsells _builder_version=\u00a0\u00bb4.16&Prime; global_colors_info=\u00a0\u00bb{}\u00a0\u00bb][\/et_pb_wc_upsells][et_pb_wc_related_products _builder_version=\u00a0\u00bb4.16.0&Prime; global_colors_info=\u00a0\u00bb{}\u00a0\u00bb][\/et_pb_wc_related_products][\/et_pb_column][\/et_pb_row][\/et_pb_section]<\/p>\n","protected":false},"excerpt":{"rendered":"<p><span style=\"text-decoration: underline;\"><strong>The experience<\/strong><\/span><br \/>\nBath tea \u2013 Total relaxation, perfect for relaxing the mind and body. Immerse yourself in a bath of floral sweetness.<\/p>\n<p><span style=\"text-decoration: underline;\"><strong>It smells<\/strong><\/span><br \/>\nChamomile, lavender and roman<\/p>\n<p><span style=\"text-decoration: underline;\"><strong>The benefits<\/strong><\/span><\/p>\n<ul>\n<li><strong>Soothes<\/strong> the effects of the<strong>anxiety and <\/strong>of <strong>stress<\/strong><\/li>\n<li>Reduces headaches<\/li>\n<li>Promotes sleep<\/li>\n<li>Deeply cleanses skin pores<\/li>\n<li>Reduces muscle and joint stiffness and pain<\/li>\n<\/ul>\n<p><strong><span style=\"text-decoration: underline;\">Ingredients<\/span><br \/>\n<\/strong>Epsom salt, gray salt, oats, lavender and chamomile flowers, rosemary<\/p>\n<p><span style=\"text-decoration: underline;\"><strong>Use<\/strong><\/span><br \/>\nFor the bath<br \/>\n<span class=\"WdYUQQ text-decoration-none text-strikethrough-none\">Completely fill your muslin bag with your Bath Tea for easy infusion in your bath water. Soak in and enjoy your comforting bath. Let the bag soak in the bath for at least 20 minutes. To have a complete spa session, also treat yourself to a <a href=\"https:\/\/medecine-du-papillon.com\/en\/product\/lavender-scent-mask-for-oily-or-combination-skin\/\">clay mask for face<\/a>.<\/span><\/p>","protected":false},"featured_media":2982,"comment_status":"open","ping_status":"closed","template":"","meta":{"_et_pb_use_builder":"on","_et_pb_old_content":"<span style=\"text-decoration: underline\"><strong>BONUS<\/strong><\/span><b>\r\n<\/b>Le th\u00e9 de bain est livr\u00e9 avec un sac en mousseline \u00e0 cordon r\u00e9utilisable pour une infusion facile d'ar\u00f4mes botaniques dans votre eau de baignade. Cela vous permet de sortir du bain en gardant votre \u00e9tat zen, sans avoir \u00e0 nettoyer votre bain des fleurs et les feuilles contre les parois\r\n\r\n<strong><span style=\"text-decoration: underline\">Entretien<\/span> :<\/strong><b>\r\n<\/b>Laissez les ingr\u00e9dients \u00e0 l\u2019abri de la lumi\u00e8re et au sec pour pr\u00e9server les propri\u00e9t\u00e9s des plantes m\u00e9dicinales.","_et_gb_content_width":"","_exactmetrics_skip_tracking":false,"_exactmetrics_sitenote_active":false,"_exactmetrics_sitenote_note":"","_exactmetrics_sitenote_category":0,"jetpack_post_was_ever_published":false,"jetpack_publicize_message":"","jetpack_publicize_feature_enabled":true,"jetpack_social_post_already_shared":true,"jetpack_social_options":{"image_generator_settings":{"template":"highway","default_image_id":0,"font":"","enabled":false},"version":2}},"product_brand":[],"product_cat":[31],"product_tag":[42,41,39,40,38,37],"giftcard-category":[],"class_list":{"0":"post-1466","1":"product","2":"type-product","3":"status-publish","4":"has-post-thumbnail","6":"product_cat-the-de-bain","7":"product_tag-detox","8":"product_tag-muscles","9":"product_tag-peau-grasse","10":"product_tag-peau-mixte","11":"product_tag-peau-normale","12":"product_tag-peau-seche","14":"first","15":"outofstock","16":"purchasable","17":"product-type-variable"},"yoast_head":"<!-- This site is optimized with the Yoast SEO plugin v23.9 - https:\/\/yoast.com\/wordpress\/plugins\/seo\/ -->\n<title>Relaxation totale - Th\u00e9 de bain &#183; M\u00e9decine du papillon<\/title>\n<meta name=\"description\" content=\"Le m\u00e9lange botanique Relaxation totale de plantes apaisantes permet une d\u00e9tente totale de votre \u00eatre pour retrouver la paix int\u00e9rieure.\" \/>\n<meta name=\"robots\" content=\"index, follow, max-snippet:-1, max-image-preview:large, max-video-preview:-1\" \/>\n<link rel=\"canonical\" href=\"https:\/\/medecine-du-papillon.com\/en\/product\/total-relaxation-bath-tea\/\" \/>\n<meta property=\"og:locale\" content=\"en_US\" \/>\n<meta property=\"og:type\" content=\"article\" \/>\n<meta property=\"og:title\" content=\"Relaxation totale - Th\u00e9 de bain &#183; M\u00e9decine du papillon\" \/>\n<meta property=\"og:description\" content=\"Le m\u00e9lange botanique Relaxation totale de plantes apaisantes permet une d\u00e9tente totale de votre \u00eatre pour retrouver la paix int\u00e9rieure.\" \/>\n<meta property=\"og:url\" content=\"https:\/\/medecine-du-papillon.com\/en\/product\/total-relaxation-bath-tea\/\" \/>\n<meta property=\"og:site_name\" content=\"M\u00e9decine du papillon\" \/>\n<meta property=\"article:modified_time\" content=\"2024-11-28T21:30:01+00:00\" \/>\n<meta property=\"og:image\" content=\"https:\/\/medecine-du-papillon.com\/wp-content\/uploads\/2022\/02\/The-de-bain-sel-de-bain-medecine-du-papillon-Relaxation-totale-CARREE-HAUT.jpg\" \/>\n\t<meta property=\"og:image:width\" content=\"1146\" \/>\n\t<meta property=\"og:image:height\" content=\"1146\" \/>\n\t<meta property=\"og:image:type\" content=\"image\/jpeg\" \/>\n<meta name=\"twitter:card\" content=\"summary_large_image\" \/>\n<meta name=\"twitter:label1\" content=\"Est. reading time\" \/>\n\t<meta name=\"twitter:data1\" content=\"4 minutes\" \/>\n<script type=\"application\/ld+json\" class=\"yoast-schema-graph\">{\"@context\":\"https:\/\/schema.org\",\"@graph\":[{\"@type\":\"WebPage\",\"@id\":\"https:\/\/medecine-du-papillon.com\/produit\/relaxation-totale-the-de-bain\/\",\"url\":\"https:\/\/medecine-du-papillon.com\/produit\/relaxation-totale-the-de-bain\/\",\"name\":\"Relaxation totale - Th\u00e9 de bain &#183; M\u00e9decine du papillon\",\"isPartOf\":{\"@id\":\"https:\/\/medecine-du-papillon.com\/#website\"},\"primaryImageOfPage\":{\"@id\":\"https:\/\/medecine-du-papillon.com\/produit\/relaxation-totale-the-de-bain\/#primaryimage\"},\"image\":{\"@id\":\"https:\/\/medecine-du-papillon.com\/produit\/relaxation-totale-the-de-bain\/#primaryimage\"},\"thumbnailUrl\":\"https:\/\/i0.wp.com\/medecine-du-papillon.com\/wp-content\/uploads\/2022\/02\/The-de-bain-sel-de-bain-medecine-du-papillon-Relaxation-totale-CARREE-HAUT.jpg?fit=1146%2C1146&ssl=1\",\"datePublished\":\"2022-02-25T23:53:26+00:00\",\"dateModified\":\"2024-11-28T21:30:01+00:00\",\"description\":\"Le m\u00e9lange botanique Relaxation totale de plantes apaisantes permet une d\u00e9tente totale de votre \u00eatre pour retrouver la paix int\u00e9rieure.\",\"breadcrumb\":{\"@id\":\"https:\/\/medecine-du-papillon.com\/produit\/relaxation-totale-the-de-bain\/#breadcrumb\"},\"inLanguage\":\"en-CA\",\"potentialAction\":[{\"@type\":\"ReadAction\",\"target\":[\"https:\/\/medecine-du-papillon.com\/produit\/relaxation-totale-the-de-bain\/\"]}]},{\"@type\":\"ImageObject\",\"inLanguage\":\"en-CA\",\"@id\":\"https:\/\/medecine-du-papillon.com\/produit\/relaxation-totale-the-de-bain\/#primaryimage\",\"url\":\"https:\/\/i0.wp.com\/medecine-du-papillon.com\/wp-content\/uploads\/2022\/02\/The-de-bain-sel-de-bain-medecine-du-papillon-Relaxation-totale-CARREE-HAUT.jpg?fit=1146%2C1146&ssl=1\",\"contentUrl\":\"https:\/\/i0.wp.com\/medecine-du-papillon.com\/wp-content\/uploads\/2022\/02\/The-de-bain-sel-de-bain-medecine-du-papillon-Relaxation-totale-CARREE-HAUT.jpg?fit=1146%2C1146&ssl=1\",\"width\":1146,\"height\":1146,\"caption\":\"The de bain sel de bain medecine du papillon Relaxation totale CARREE HAUT\"},{\"@type\":\"BreadcrumbList\",\"@id\":\"https:\/\/medecine-du-papillon.com\/produit\/relaxation-totale-the-de-bain\/#breadcrumb\",\"itemListElement\":[{\"@type\":\"ListItem\",\"position\":1,\"name\":\"Accueil\",\"item\":\"https:\/\/medecine-du-papillon.com\/\"},{\"@type\":\"ListItem\",\"position\":2,\"name\":\"Boutique\",\"item\":\"https:\/\/medecine-du-papillon.com\/boutique\/\"},{\"@type\":\"ListItem\",\"position\":3,\"name\":\"Relaxation totale &#8211; Th\u00e9 de bain\"}]},{\"@type\":\"WebSite\",\"@id\":\"https:\/\/medecine-du-papillon.com\/#website\",\"url\":\"https:\/\/medecine-du-papillon.com\/\",\"name\":\"M\u00e9decine du papillon\",\"description\":\"Retrouver votre bien-\u00eatre en vous accordant de doux moments via nos produits naturels.\",\"potentialAction\":[{\"@type\":\"SearchAction\",\"target\":{\"@type\":\"EntryPoint\",\"urlTemplate\":\"https:\/\/medecine-du-papillon.com\/?s={search_term_string}\"},\"query-input\":{\"@type\":\"PropertyValueSpecification\",\"valueRequired\":true,\"valueName\":\"search_term_string\"}}],\"inLanguage\":\"en-CA\"}]}<\/script>\n<!-- \/ Yoast SEO plugin. -->","yoast_head_json":{"title":"Total relaxation - Bath tea \u00b7 Butterfly medicine","description":"The Total Relaxation botanical blend of soothing plants allows total relaxation of your being to find inner peace.","robots":{"index":"index","follow":"follow","max-snippet":"max-snippet:-1","max-image-preview":"max-image-preview:large","max-video-preview":"max-video-preview:-1"},"canonical":"https:\/\/medecine-du-papillon.com\/en\/product\/total-relaxation-bath-tea\/","og_locale":"en_US","og_type":"article","og_title":"Relaxation totale - Th\u00e9 de bain &#183; M\u00e9decine du papillon","og_description":"Le m\u00e9lange botanique Relaxation totale de plantes apaisantes permet une d\u00e9tente totale de votre \u00eatre pour retrouver la paix int\u00e9rieure.","og_url":"https:\/\/medecine-du-papillon.com\/en\/product\/total-relaxation-bath-tea\/","og_site_name":"M\u00e9decine du papillon","article_modified_time":"2024-11-28T21:30:01+00:00","og_image":[{"width":1146,"height":1146,"url":"https:\/\/medecine-du-papillon.com\/wp-content\/uploads\/2022\/02\/The-de-bain-sel-de-bain-medecine-du-papillon-Relaxation-totale-CARREE-HAUT.jpg","type":"image\/jpeg"}],"twitter_card":"summary_large_image","twitter_misc":{"Est. reading time":"4 minutes"},"schema":{"@context":"https:\/\/schema.org","@graph":[{"@type":"WebPage","@id":"https:\/\/medecine-du-papillon.com\/produit\/relaxation-totale-the-de-bain\/","url":"https:\/\/medecine-du-papillon.com\/produit\/relaxation-totale-the-de-bain\/","name":"Total relaxation - Bath tea \u00b7 Butterfly medicine","isPartOf":{"@id":"https:\/\/medecine-du-papillon.com\/#website"},"primaryImageOfPage":{"@id":"https:\/\/medecine-du-papillon.com\/produit\/relaxation-totale-the-de-bain\/#primaryimage"},"image":{"@id":"https:\/\/medecine-du-papillon.com\/produit\/relaxation-totale-the-de-bain\/#primaryimage"},"thumbnailUrl":"https:\/\/i0.wp.com\/medecine-du-papillon.com\/wp-content\/uploads\/2022\/02\/The-de-bain-sel-de-bain-medecine-du-papillon-Relaxation-totale-CARREE-HAUT.jpg?fit=1146%2C1146&ssl=1","datePublished":"2022-02-25T23:53:26+00:00","dateModified":"2024-11-28T21:30:01+00:00","description":"The Total Relaxation botanical blend of soothing plants allows total relaxation of your being to find inner peace.","breadcrumb":{"@id":"https:\/\/medecine-du-papillon.com\/produit\/relaxation-totale-the-de-bain\/#breadcrumb"},"inLanguage":"en-CA","potentialAction":[{"@type":"ReadAction","target":["https:\/\/medecine-du-papillon.com\/produit\/relaxation-totale-the-de-bain\/"]}]},{"@type":"ImageObject","inLanguage":"en-CA","@id":"https:\/\/medecine-du-papillon.com\/produit\/relaxation-totale-the-de-bain\/#primaryimage","url":"https:\/\/i0.wp.com\/medecine-du-papillon.com\/wp-content\/uploads\/2022\/02\/The-de-bain-sel-de-bain-medecine-du-papillon-Relaxation-totale-CARREE-HAUT.jpg?fit=1146%2C1146&ssl=1","contentUrl":"https:\/\/i0.wp.com\/medecine-du-papillon.com\/wp-content\/uploads\/2022\/02\/The-de-bain-sel-de-bain-medecine-du-papillon-Relaxation-totale-CARREE-HAUT.jpg?fit=1146%2C1146&ssl=1","width":1146,"height":1146,"caption":"The de bain sel de bain medecine du papillon Relaxation totale CARREE HAUT"},{"@type":"BreadcrumbList","@id":"https:\/\/medecine-du-papillon.com\/produit\/relaxation-totale-the-de-bain\/#breadcrumb","itemListElement":[{"@type":"ListItem","position":1,"name":"Accueil","item":"https:\/\/medecine-du-papillon.com\/"},{"@type":"ListItem","position":2,"name":"Boutique","item":"https:\/\/medecine-du-papillon.com\/boutique\/"},{"@type":"ListItem","position":3,"name":"Relaxation totale &#8211; Th\u00e9 de bain"}]},{"@type":"WebSite","@id":"https:\/\/medecine-du-papillon.com\/#website","url":"https:\/\/medecine-du-papillon.com\/","name":"Butterfly Medicine","description":"Regain your well-being by treating yourself to sweet moments with our natural products.","potentialAction":[{"@type":"SearchAction","target":{"@type":"EntryPoint","urlTemplate":"https:\/\/medecine-du-papillon.com\/?s={search_term_string}"},"query-input":{"@type":"PropertyValueSpecification","valueRequired":true,"valueName":"search_term_string"}}],"inLanguage":"en-CA"}]}},"jetpack_publicize_connections":[],"jetpack-related-posts":[],"jetpack_sharing_enabled":true,"_links":{"self":[{"href":"https:\/\/medecine-du-papillon.com\/en\/wp-json\/wp\/v2\/product\/1466","targetHints":{"allow":["GET"]}}],"collection":[{"href":"https:\/\/medecine-du-papillon.com\/en\/wp-json\/wp\/v2\/product"}],"about":[{"href":"https:\/\/medecine-du-papillon.com\/en\/wp-json\/wp\/v2\/types\/product"}],"replies":[{"embeddable":true,"href":"https:\/\/medecine-du-papillon.com\/en\/wp-json\/wp\/v2\/comments?post=1466"}],"wp:featuredmedia":[{"embeddable":true,"href":"https:\/\/medecine-du-papillon.com\/en\/wp-json\/wp\/v2\/media\/2982"}],"wp:attachment":[{"href":"https:\/\/medecine-du-papillon.com\/en\/wp-json\/wp\/v2\/media?parent=1466"}],"wp:term":[{"taxonomy":"product_brand","embeddable":true,"href":"https:\/\/medecine-du-papillon.com\/en\/wp-json\/wp\/v2\/product_brand?post=1466"},{"taxonomy":"product_cat","embeddable":true,"href":"https:\/\/medecine-du-papillon.com\/en\/wp-json\/wp\/v2\/product_cat?post=1466"},{"taxonomy":"product_tag","embeddable":true,"href":"https:\/\/medecine-du-papillon.com\/en\/wp-json\/wp\/v2\/product_tag?post=1466"},{"taxonomy":"giftcard-category","embeddable":true,"href":"https:\/\/medecine-du-papillon.com\/en\/wp-json\/wp\/v2\/giftcard-category?post=1466"}],"curies":[{"name":"wp","href":"https:\/\/api.w.org\/{rel}","templated":true}]}}