{"id":1513,"date":"2022-02-26T14:51:30","date_gmt":"2022-02-26T19:51:30","guid":{"rendered":"https:\/\/medecine-du-papillon.com\/?post_type=product&#038;p=1513"},"modified":"2025-01-01T23:00:09","modified_gmt":"2025-01-02T04:00:09","slug":"douceur-peau-sensible-et-irritee","status":"publish","type":"product","link":"https:\/\/medecine-du-papillon.com\/en\/product\/softness-sensitive-and-irritated-skin\/","title":{"rendered":"Gentle sensitive skin \u2013 Bath tea"},"content":{"rendered":"<p>[et_pb_section fb_built=\u00a0\u00bb1&Prime; _builder_version=\u00a0\u00bb4.16&Prime; custom_padding=\u00a0\u00bb0px||||false|false\u00a0\u00bb global_colors_info=\u00a0\u00bb{}\u00a0\u00bb][et_pb_row _builder_version=\u00a0\u00bb4.16&Prime; background_size=\u00a0\u00bbinitial\u00a0\u00bb background_position=\u00a0\u00bbtop_left\u00a0\u00bb background_repeat=\u00a0\u00bbrepeat\u00a0\u00bb width=\u00a0\u00bb100%\u00a0\u00bb custom_padding=\u00a0\u00bb0px||0px||false|false\u00a0\u00bb global_colors_info=\u00a0\u00bb{}\u00a0\u00bb][et_pb_column type=\u00a0\u00bb4_4&Prime; _builder_version=\u00a0\u00bb4.16&Prime; custom_padding=\u00a0\u00bb|||\u00a0\u00bb global_colors_info=\u00a0\u00bb{}\u00a0\u00bb custom_padding__hover=\u00a0\u00bb|||\u00a0\u00bb][et_pb_wc_breadcrumb _builder_version=\u00a0\u00bb4.16&Prime; global_colors_info=\u00a0\u00bb{}\u00a0\u00bb][\/et_pb_wc_breadcrumb][et_pb_wc_cart_notice _builder_version=\u00a0\u00bb4.17.3&Prime; custom_button=\u00a0\u00bbon\u00a0\u00bb button_text_color=\u00a0\u00bb#FFFFFF\u00a0\u00bb text_orientation=\u00a0\u00bbcenter\u00a0\u00bb global_colors_info=\u00a0\u00bb{}\u00a0\u00bb][\/et_pb_wc_cart_notice][\/et_pb_column][\/et_pb_row][et_pb_row column_structure=\u00a0\u00bb1_2,1_2&Prime; _builder_version=\u00a0\u00bb4.16&Prime; background_size=\u00a0\u00bbinitial\u00a0\u00bb background_position=\u00a0\u00bbtop_left\u00a0\u00bb background_repeat=\u00a0\u00bbrepeat\u00a0\u00bb width=\u00a0\u00bb100%\u00a0\u00bb custom_padding=\u00a0\u00bb0px||||false|false\u00a0\u00bb global_colors_info=\u00a0\u00bb{}\u00a0\u00bb][et_pb_column type=\u00a0\u00bb1_2&Prime; _builder_version=\u00a0\u00bb4.16&Prime; custom_padding=\u00a0\u00bb|||\u00a0\u00bb global_colors_info=\u00a0\u00bb{}\u00a0\u00bb custom_padding__hover=\u00a0\u00bb|||\u00a0\u00bb][et_pb_wc_images _builder_version=\u00a0\u00bb4.16&Prime; global_colors_info=\u00a0\u00bb{}\u00a0\u00bb][\/et_pb_wc_images][\/et_pb_column][et_pb_column type=\u00a0\u00bb1_2&Prime; _builder_version=\u00a0\u00bb4.16&Prime; custom_padding=\u00a0\u00bb|||\u00a0\u00bb global_colors_info=\u00a0\u00bb{}\u00a0\u00bb custom_padding__hover=\u00a0\u00bb|||\u00a0\u00bb][et_pb_wc_title _builder_version=\u00a0\u00bb4.16.0&Prime; global_colors_info=\u00a0\u00bb{}\u00a0\u00bb][\/et_pb_wc_title][et_pb_wc_rating _builder_version=\u00a0\u00bb4.16&Prime; global_colors_info=\u00a0\u00bb{}\u00a0\u00bb][\/et_pb_wc_rating][et_pb_wc_price _builder_version=\u00a0\u00bb4.16&Prime; global_colors_info=\u00a0\u00bb{}\u00a0\u00bb][\/et_pb_wc_price][et_pb_wc_description _builder_version=\u00a0\u00bb4.16.0&Prime; global_colors_info=\u00a0\u00bb{}\u00a0\u00bb][\/et_pb_wc_description][et_pb_wc_add_to_cart _builder_version=\u00a0\u00bb4.16&Prime; custom_button=\u00a0\u00bbon\u00a0\u00bb button_text_color=\u00a0\u00bb#FFFFFF\u00a0\u00bb global_colors_info=\u00a0\u00bb{}\u00a0\u00bb][\/et_pb_wc_add_to_cart][et_pb_wc_meta _builder_version=\u00a0\u00bb4.16&Prime; global_colors_info=\u00a0\u00bb{}\u00a0\u00bb][\/et_pb_wc_meta][\/et_pb_column][\/et_pb_row][et_pb_row _builder_version=\u00a0\u00bb4.16&Prime; background_size=\u00a0\u00bbinitial\u00a0\u00bb background_position=\u00a0\u00bbtop_left\u00a0\u00bb background_repeat=\u00a0\u00bbrepeat\u00a0\u00bb width=\u00a0\u00bb100%\u00a0\u00bb global_colors_info=\u00a0\u00bb{}\u00a0\u00bb][et_pb_column type=\u00a0\u00bb4_4&Prime; _builder_version=\u00a0\u00bb4.16&Prime; custom_padding=\u00a0\u00bb|||\u00a0\u00bb global_colors_info=\u00a0\u00bb{}\u00a0\u00bb custom_padding__hover=\u00a0\u00bb|||\u00a0\u00bb][et_pb_wc_tabs _builder_version=\u00a0\u00bb4.16&Prime; global_colors_info=\u00a0\u00bb{}\u00a0\u00bb]\t\t\t\t\t[\/et_pb_wc_tabs][et_pb_wc_upsells _builder_version=\u00a0\u00bb4.16.0&Prime; title_font=\u00a0\u00bbZCOOL XiaoWei||||||||\u00a0\u00bb title_text_align=\u00a0\u00bbcenter\u00a0\u00bb title_font_size=\u00a0\u00bb50px\u00a0\u00bb product_title_font=\u00a0\u00bbZCOOL XiaoWei||||||||\u00a0\u00bb product_title_text_align=\u00a0\u00bbcenter\u00a0\u00bb price_text_align=\u00a0\u00bbcenter\u00a0\u00bb global_colors_info=\u00a0\u00bb{}\u00a0\u00bb][\/et_pb_wc_upsells][et_pb_wc_related_products _builder_version=\u00a0\u00bb4.16.0&Prime; global_colors_info=\u00a0\u00bb{}\u00a0\u00bb][\/et_pb_wc_related_products][\/et_pb_column][\/et_pb_row][\/et_pb_section]<\/p>\n","protected":false},"excerpt":{"rendered":"<p><span style=\"text-decoration: underline;\"><strong>The experience<\/strong><\/span><br \/>\nBath tea \u2013 Gentle sensitive skin, perfect for healing and soothing sensitive skin.<\/p>\n<p><span style=\"text-decoration: underline;\"><strong>It smells<\/strong><\/span><br \/>\nCalendula and rose<\/p>\n<p><strong><span style=\"text-decoration: underline;\">Benefits<\/span><br \/>\n<\/strong><\/p>\n<ul>\n<li>Moisturizes the skin<\/li>\n<li>Soothes irritated, sensitive skin<\/li>\n<li>Deeply cleanses skin pores<\/li>\n<li>Helps skin healing<\/li>\n<\/ul>\n<p><strong><span style=\"text-decoration: underline;\">Ingredients<\/span><br \/>\n<\/strong>Rose, calendula, yarrow, St. John&#039;s wort, oats<\/p>\n<p><span style=\"text-decoration: underline;\"><strong>Use<\/strong><\/span><br \/>\nFor the bath<br \/>\n<span class=\"WdYUQQ text-decoration-none text-strikethrough-none\">Completely fill your muslin bag with your Bath Tea for easy infusion in your bath water. Soak in and enjoy your comforting bath. Let the bag soak in the bath for at least 20 minutes. To take care of your skin, you can also use the<a href=\"https:\/\/medecine-du-papillon.com\/en\/product\/regenerating-facial-oil\/\">Regenerating facial oil<\/a>.<br \/>\n<\/span><\/p>","protected":false},"featured_media":2985,"comment_status":"open","ping_status":"closed","template":"","meta":{"_et_pb_use_builder":"on","_et_pb_old_content":"<span style=\"text-decoration: underline\"><strong>BONUS <\/strong><\/span><b>\r\n<\/b>Le th\u00e9 de bain est livr\u00e9 avec un sac en mousseline \u00e0 cordon r\u00e9utilisable pour une infusion facile d'ar\u00f4mes botaniques dans votre eau de baignade. Cela vous permet de sortir du bain en gardant votre \u00e9tat zen, sans avoir \u00e0 nettoyer votre bain des fleurs et les feuilles contre les parois\r\n\r\n<span style=\"text-decoration: underline\"><strong>Entretien<\/strong><\/span><b>\r\n<\/b>Laissez les ingr\u00e9dients \u00e0 l\u2019abri de la lumi\u00e8re et au sec pour pr\u00e9server les propri\u00e9t\u00e9s des plantes m\u00e9dicinales.","_et_gb_content_width":"","_exactmetrics_skip_tracking":false,"_exactmetrics_sitenote_active":false,"_exactmetrics_sitenote_note":"","_exactmetrics_sitenote_category":0,"jetpack_publicize_message":"","jetpack_publicize_feature_enabled":true,"jetpack_social_post_already_shared":true,"jetpack_social_options":{"image_generator_settings":{"template":"highway","default_image_id":0,"font":"","enabled":false},"version":2}},"product_brand":[],"product_cat":[31],"product_tag":[38,37],"giftcard-category":[],"class_list":{"0":"post-1513","1":"product","2":"type-product","3":"status-publish","4":"has-post-thumbnail","6":"product_cat-the-de-bain","7":"product_tag-peau-normale","8":"product_tag-peau-seche","10":"first","11":"instock","12":"purchasable","13":"product-type-variable"},"yoast_head":"<!-- This site is optimized with the Yoast SEO plugin v23.9 - https:\/\/yoast.com\/wordpress\/plugins\/seo\/ -->\n<title>Douceur peau sensible - Th\u00e9 de bain &#183; M\u00e9decine du papillon<\/title>\n<meta name=\"description\" content=\"Le m\u00e9lange botanique Douceur pour peau sensible et irrit\u00e9e de plantes m\u00e9dicinales permet de prendre soin de votre peau de d\u00e9esse sensible et irrit\u00e9e dans une ambiance apaisante.\" \/>\n<meta name=\"robots\" content=\"index, follow, max-snippet:-1, max-image-preview:large, max-video-preview:-1\" \/>\n<link rel=\"canonical\" href=\"https:\/\/medecine-du-papillon.com\/en\/product\/softness-sensitive-and-irritated-skin\/\" \/>\n<meta property=\"og:locale\" content=\"en_US\" \/>\n<meta property=\"og:type\" content=\"article\" \/>\n<meta property=\"og:title\" content=\"Douceur peau sensible - Th\u00e9 de bain &#183; M\u00e9decine du papillon\" \/>\n<meta property=\"og:description\" content=\"Le m\u00e9lange botanique Douceur pour peau sensible et irrit\u00e9e de plantes m\u00e9dicinales permet de prendre soin de votre peau de d\u00e9esse sensible et irrit\u00e9e dans une ambiance apaisante.\" \/>\n<meta property=\"og:url\" content=\"https:\/\/medecine-du-papillon.com\/en\/product\/softness-sensitive-and-irritated-skin\/\" \/>\n<meta property=\"og:site_name\" content=\"M\u00e9decine du papillon\" \/>\n<meta property=\"article:modified_time\" content=\"2025-01-02T04:00:09+00:00\" \/>\n<meta property=\"og:image\" content=\"https:\/\/medecine-du-papillon.com\/wp-content\/uploads\/2022\/02\/The-de-bain-sel-de-bain-medecine-du-papillon-DOUCEUR-PEAU-SENSIBLE-CARREE-HAUTt.jpg\" \/>\n\t<meta property=\"og:image:width\" content=\"1101\" \/>\n\t<meta property=\"og:image:height\" content=\"1101\" \/>\n\t<meta property=\"og:image:type\" content=\"image\/jpeg\" \/>\n<meta name=\"twitter:card\" content=\"summary_large_image\" \/>\n<meta name=\"twitter:label1\" content=\"Est. reading time\" \/>\n\t<meta name=\"twitter:data1\" content=\"3 minutes\" \/>\n<script type=\"application\/ld+json\" class=\"yoast-schema-graph\">{\"@context\":\"https:\/\/schema.org\",\"@graph\":[{\"@type\":\"WebPage\",\"@id\":\"https:\/\/medecine-du-papillon.com\/produit\/douceur-peau-sensible-et-irritee\/\",\"url\":\"https:\/\/medecine-du-papillon.com\/produit\/douceur-peau-sensible-et-irritee\/\",\"name\":\"Douceur peau sensible - Th\u00e9 de bain &#183; M\u00e9decine du papillon\",\"isPartOf\":{\"@id\":\"https:\/\/medecine-du-papillon.com\/#website\"},\"primaryImageOfPage\":{\"@id\":\"https:\/\/medecine-du-papillon.com\/produit\/douceur-peau-sensible-et-irritee\/#primaryimage\"},\"image\":{\"@id\":\"https:\/\/medecine-du-papillon.com\/produit\/douceur-peau-sensible-et-irritee\/#primaryimage\"},\"thumbnailUrl\":\"https:\/\/i0.wp.com\/medecine-du-papillon.com\/wp-content\/uploads\/2022\/02\/The-de-bain-sel-de-bain-medecine-du-papillon-DOUCEUR-PEAU-SENSIBLE-CARREE-HAUTt.jpg?fit=1101%2C1101&ssl=1\",\"datePublished\":\"2022-02-26T19:51:30+00:00\",\"dateModified\":\"2025-01-02T04:00:09+00:00\",\"description\":\"Le m\u00e9lange botanique Douceur pour peau sensible et irrit\u00e9e de plantes m\u00e9dicinales permet de prendre soin de votre peau de d\u00e9esse sensible et irrit\u00e9e dans une ambiance apaisante.\",\"breadcrumb\":{\"@id\":\"https:\/\/medecine-du-papillon.com\/produit\/douceur-peau-sensible-et-irritee\/#breadcrumb\"},\"inLanguage\":\"en-CA\",\"potentialAction\":[{\"@type\":\"ReadAction\",\"target\":[\"https:\/\/medecine-du-papillon.com\/produit\/douceur-peau-sensible-et-irritee\/\"]}]},{\"@type\":\"ImageObject\",\"inLanguage\":\"en-CA\",\"@id\":\"https:\/\/medecine-du-papillon.com\/produit\/douceur-peau-sensible-et-irritee\/#primaryimage\",\"url\":\"https:\/\/i0.wp.com\/medecine-du-papillon.com\/wp-content\/uploads\/2022\/02\/The-de-bain-sel-de-bain-medecine-du-papillon-DOUCEUR-PEAU-SENSIBLE-CARREE-HAUTt.jpg?fit=1101%2C1101&ssl=1\",\"contentUrl\":\"https:\/\/i0.wp.com\/medecine-du-papillon.com\/wp-content\/uploads\/2022\/02\/The-de-bain-sel-de-bain-medecine-du-papillon-DOUCEUR-PEAU-SENSIBLE-CARREE-HAUTt.jpg?fit=1101%2C1101&ssl=1\",\"width\":1101,\"height\":1101,\"caption\":\"The de bain sel de bain medecine du papillon DOUCEUR PEAU SENSIBLE CARREE HAUTt\"},{\"@type\":\"BreadcrumbList\",\"@id\":\"https:\/\/medecine-du-papillon.com\/produit\/douceur-peau-sensible-et-irritee\/#breadcrumb\",\"itemListElement\":[{\"@type\":\"ListItem\",\"position\":1,\"name\":\"Accueil\",\"item\":\"https:\/\/medecine-du-papillon.com\/\"},{\"@type\":\"ListItem\",\"position\":2,\"name\":\"Boutique\",\"item\":\"https:\/\/medecine-du-papillon.com\/boutique\/\"},{\"@type\":\"ListItem\",\"position\":3,\"name\":\"Douceur peau sensible &#8211; Th\u00e9 de bain\"}]},{\"@type\":\"WebSite\",\"@id\":\"https:\/\/medecine-du-papillon.com\/#website\",\"url\":\"https:\/\/medecine-du-papillon.com\/\",\"name\":\"M\u00e9decine du papillon\",\"description\":\"Retrouver votre bien-\u00eatre en vous accordant de doux moments via nos produits naturels.\",\"potentialAction\":[{\"@type\":\"SearchAction\",\"target\":{\"@type\":\"EntryPoint\",\"urlTemplate\":\"https:\/\/medecine-du-papillon.com\/?s={search_term_string}\"},\"query-input\":{\"@type\":\"PropertyValueSpecification\",\"valueRequired\":true,\"valueName\":\"search_term_string\"}}],\"inLanguage\":\"en-CA\"}]}<\/script>\n<!-- \/ Yoast SEO plugin. -->","yoast_head_json":{"title":"Gentle sensitive skin - Bath tea \u00b7 Butterfly medicine","description":"The Gentleness botanical blend for sensitive and irritated skin of medicinal plants allows you to take care of your sensitive and irritated goddess skin in a soothing atmosphere.","robots":{"index":"index","follow":"follow","max-snippet":"max-snippet:-1","max-image-preview":"max-image-preview:large","max-video-preview":"max-video-preview:-1"},"canonical":"https:\/\/medecine-du-papillon.com\/en\/product\/softness-sensitive-and-irritated-skin\/","og_locale":"en_US","og_type":"article","og_title":"Douceur peau sensible - Th\u00e9 de bain &#183; M\u00e9decine du papillon","og_description":"Le m\u00e9lange botanique Douceur pour peau sensible et irrit\u00e9e de plantes m\u00e9dicinales permet de prendre soin de votre peau de d\u00e9esse sensible et irrit\u00e9e dans une ambiance apaisante.","og_url":"https:\/\/medecine-du-papillon.com\/en\/product\/softness-sensitive-and-irritated-skin\/","og_site_name":"M\u00e9decine du papillon","article_modified_time":"2025-01-02T04:00:09+00:00","og_image":[{"width":1101,"height":1101,"url":"https:\/\/medecine-du-papillon.com\/wp-content\/uploads\/2022\/02\/The-de-bain-sel-de-bain-medecine-du-papillon-DOUCEUR-PEAU-SENSIBLE-CARREE-HAUTt.jpg","type":"image\/jpeg"}],"twitter_card":"summary_large_image","twitter_misc":{"Est. reading time":"3 minutes"},"schema":{"@context":"https:\/\/schema.org","@graph":[{"@type":"WebPage","@id":"https:\/\/medecine-du-papillon.com\/produit\/douceur-peau-sensible-et-irritee\/","url":"https:\/\/medecine-du-papillon.com\/produit\/douceur-peau-sensible-et-irritee\/","name":"Gentle sensitive skin - Bath tea \u00b7 Butterfly medicine","isPartOf":{"@id":"https:\/\/medecine-du-papillon.com\/#website"},"primaryImageOfPage":{"@id":"https:\/\/medecine-du-papillon.com\/produit\/douceur-peau-sensible-et-irritee\/#primaryimage"},"image":{"@id":"https:\/\/medecine-du-papillon.com\/produit\/douceur-peau-sensible-et-irritee\/#primaryimage"},"thumbnailUrl":"https:\/\/i0.wp.com\/medecine-du-papillon.com\/wp-content\/uploads\/2022\/02\/The-de-bain-sel-de-bain-medecine-du-papillon-DOUCEUR-PEAU-SENSIBLE-CARREE-HAUTt.jpg?fit=1101%2C1101&ssl=1","datePublished":"2022-02-26T19:51:30+00:00","dateModified":"2025-01-02T04:00:09+00:00","description":"The Gentleness botanical blend for sensitive and irritated skin of medicinal plants allows you to take care of your sensitive and irritated goddess skin in a soothing atmosphere.","breadcrumb":{"@id":"https:\/\/medecine-du-papillon.com\/produit\/douceur-peau-sensible-et-irritee\/#breadcrumb"},"inLanguage":"en-CA","potentialAction":[{"@type":"ReadAction","target":["https:\/\/medecine-du-papillon.com\/produit\/douceur-peau-sensible-et-irritee\/"]}]},{"@type":"ImageObject","inLanguage":"en-CA","@id":"https:\/\/medecine-du-papillon.com\/produit\/douceur-peau-sensible-et-irritee\/#primaryimage","url":"https:\/\/i0.wp.com\/medecine-du-papillon.com\/wp-content\/uploads\/2022\/02\/The-de-bain-sel-de-bain-medecine-du-papillon-DOUCEUR-PEAU-SENSIBLE-CARREE-HAUTt.jpg?fit=1101%2C1101&ssl=1","contentUrl":"https:\/\/i0.wp.com\/medecine-du-papillon.com\/wp-content\/uploads\/2022\/02\/The-de-bain-sel-de-bain-medecine-du-papillon-DOUCEUR-PEAU-SENSIBLE-CARREE-HAUTt.jpg?fit=1101%2C1101&ssl=1","width":1101,"height":1101,"caption":"The de bain sel de bain medecine du papillon DOUCEUR PEAU SENSIBLE CARREE HAUTt"},{"@type":"BreadcrumbList","@id":"https:\/\/medecine-du-papillon.com\/produit\/douceur-peau-sensible-et-irritee\/#breadcrumb","itemListElement":[{"@type":"ListItem","position":1,"name":"Accueil","item":"https:\/\/medecine-du-papillon.com\/"},{"@type":"ListItem","position":2,"name":"Boutique","item":"https:\/\/medecine-du-papillon.com\/boutique\/"},{"@type":"ListItem","position":3,"name":"Douceur peau sensible &#8211; Th\u00e9 de bain"}]},{"@type":"WebSite","@id":"https:\/\/medecine-du-papillon.com\/#website","url":"https:\/\/medecine-du-papillon.com\/","name":"Butterfly Medicine","description":"Regain your well-being by treating yourself to sweet moments with our natural products.","potentialAction":[{"@type":"SearchAction","target":{"@type":"EntryPoint","urlTemplate":"https:\/\/medecine-du-papillon.com\/?s={search_term_string}"},"query-input":{"@type":"PropertyValueSpecification","valueRequired":true,"valueName":"search_term_string"}}],"inLanguage":"en-CA"}]}},"jetpack_publicize_connections":[],"jetpack-related-posts":[],"jetpack_sharing_enabled":true,"_links":{"self":[{"href":"https:\/\/medecine-du-papillon.com\/en\/wp-json\/wp\/v2\/product\/1513","targetHints":{"allow":["GET"]}}],"collection":[{"href":"https:\/\/medecine-du-papillon.com\/en\/wp-json\/wp\/v2\/product"}],"about":[{"href":"https:\/\/medecine-du-papillon.com\/en\/wp-json\/wp\/v2\/types\/product"}],"replies":[{"embeddable":true,"href":"https:\/\/medecine-du-papillon.com\/en\/wp-json\/wp\/v2\/comments?post=1513"}],"wp:featuredmedia":[{"embeddable":true,"href":"https:\/\/medecine-du-papillon.com\/en\/wp-json\/wp\/v2\/media\/2985"}],"wp:attachment":[{"href":"https:\/\/medecine-du-papillon.com\/en\/wp-json\/wp\/v2\/media?parent=1513"}],"wp:term":[{"taxonomy":"product_brand","embeddable":true,"href":"https:\/\/medecine-du-papillon.com\/en\/wp-json\/wp\/v2\/product_brand?post=1513"},{"taxonomy":"product_cat","embeddable":true,"href":"https:\/\/medecine-du-papillon.com\/en\/wp-json\/wp\/v2\/product_cat?post=1513"},{"taxonomy":"product_tag","embeddable":true,"href":"https:\/\/medecine-du-papillon.com\/en\/wp-json\/wp\/v2\/product_tag?post=1513"},{"taxonomy":"giftcard-category","embeddable":true,"href":"https:\/\/medecine-du-papillon.com\/en\/wp-json\/wp\/v2\/giftcard-category?post=1513"}],"curies":[{"name":"wp","href":"https:\/\/api.w.org\/{rel}","templated":true}]}}