{"id":2173,"date":"2022-05-03T18:13:07","date_gmt":"2022-05-03T22:13:07","guid":{"rendered":"https:\/\/medecine-du-papillon.com\/?post_type=product&#038;p=2173"},"modified":"2024-12-10T23:00:34","modified_gmt":"2024-12-11T04:00:34","slug":"masque-douce-calendula-peaux-normales-ou-seches","status":"publish","type":"product","link":"https:\/\/medecine-du-papillon.com\/en\/product\/gentle-calendula-mask-for-normal-or-dry-skin\/","title":{"rendered":"Calendula Gentle Mask \u2014 Normal or dry skin"},"content":{"rendered":"<p>[et_pb_section fb_built=\u00a0\u00bb1&Prime; _builder_version=\u00a0\u00bb4.16&Prime; custom_padding=\u00a0\u00bb0px||||false|false\u00a0\u00bb global_colors_info=\u00a0\u00bb{}\u00a0\u00bb][et_pb_row _builder_version=\u00a0\u00bb4.16&Prime; background_size=\u00a0\u00bbinitial\u00a0\u00bb background_position=\u00a0\u00bbtop_left\u00a0\u00bb background_repeat=\u00a0\u00bbrepeat\u00a0\u00bb width=\u00a0\u00bb100%\u00a0\u00bb custom_padding=\u00a0\u00bb0px||0px||false|false\u00a0\u00bb global_colors_info=\u00a0\u00bb{}\u00a0\u00bb][et_pb_column type=\u00a0\u00bb4_4&Prime; _builder_version=\u00a0\u00bb4.16&Prime; custom_padding=\u00a0\u00bb|||\u00a0\u00bb global_colors_info=\u00a0\u00bb{}\u00a0\u00bb custom_padding__hover=\u00a0\u00bb|||\u00a0\u00bb][et_pb_wc_breadcrumb _builder_version=\u00a0\u00bb4.16&Prime; global_colors_info=\u00a0\u00bb{}\u00a0\u00bb][\/et_pb_wc_breadcrumb][et_pb_wc_cart_notice _builder_version=\u00a0\u00bb4.17.3&Prime; custom_button=\u00a0\u00bbon\u00a0\u00bb button_text_color=\u00a0\u00bb#FFFFFF\u00a0\u00bb global_colors_info=\u00a0\u00bb{}\u00a0\u00bb][\/et_pb_wc_cart_notice][\/et_pb_column][\/et_pb_row][et_pb_row column_structure=\u00a0\u00bb1_2,1_2&Prime; _builder_version=\u00a0\u00bb4.16&Prime; background_size=\u00a0\u00bbinitial\u00a0\u00bb background_position=\u00a0\u00bbtop_left\u00a0\u00bb background_repeat=\u00a0\u00bbrepeat\u00a0\u00bb width=\u00a0\u00bb100%\u00a0\u00bb custom_padding=\u00a0\u00bb0px||||false|false\u00a0\u00bb global_colors_info=\u00a0\u00bb{}\u00a0\u00bb][et_pb_column type=\u00a0\u00bb1_2&Prime; _builder_version=\u00a0\u00bb4.16&Prime; custom_padding=\u00a0\u00bb|||\u00a0\u00bb global_colors_info=\u00a0\u00bb{}\u00a0\u00bb custom_padding__hover=\u00a0\u00bb|||\u00a0\u00bb][et_pb_wc_images _builder_version=\u00a0\u00bb4.16&Prime; global_colors_info=\u00a0\u00bb{}\u00a0\u00bb][\/et_pb_wc_images][\/et_pb_column][et_pb_column type=\u00a0\u00bb1_2&Prime; _builder_version=\u00a0\u00bb4.16&Prime; custom_padding=\u00a0\u00bb|||\u00a0\u00bb global_colors_info=\u00a0\u00bb{}\u00a0\u00bb custom_padding__hover=\u00a0\u00bb|||\u00a0\u00bb][et_pb_wc_title _builder_version=\u00a0\u00bb4.17.3&Prime; global_colors_info=\u00a0\u00bb{}\u00a0\u00bb][\/et_pb_wc_title][et_pb_wc_rating _builder_version=\u00a0\u00bb4.16&Prime; global_colors_info=\u00a0\u00bb{}\u00a0\u00bb][\/et_pb_wc_rating][et_pb_wc_price _builder_version=\u00a0\u00bb4.17.3&Prime; sale_price_font=\u00a0\u00bb||||||||\u00a0\u00bb global_colors_info=\u00a0\u00bb{}\u00a0\u00bb][\/et_pb_wc_price][et_pb_wc_description _builder_version=\u00a0\u00bb4.17.3&Prime; global_colors_info=\u00a0\u00bb{}\u00a0\u00bb][\/et_pb_wc_description][et_pb_wc_add_to_cart _builder_version=\u00a0\u00bb4.17.3&Prime; custom_button=\u00a0\u00bbon\u00a0\u00bb button_text_color=\u00a0\u00bb#FFFFFF\u00a0\u00bb global_colors_info=\u00a0\u00bb{}\u00a0\u00bb][\/et_pb_wc_add_to_cart][et_pb_wc_meta _builder_version=\u00a0\u00bb4.16&Prime; global_colors_info=\u00a0\u00bb{}\u00a0\u00bb][\/et_pb_wc_meta][\/et_pb_column][\/et_pb_row][et_pb_row _builder_version=\u00a0\u00bb4.16&Prime; background_size=\u00a0\u00bbinitial\u00a0\u00bb background_position=\u00a0\u00bbtop_left\u00a0\u00bb background_repeat=\u00a0\u00bbrepeat\u00a0\u00bb width=\u00a0\u00bb100%\u00a0\u00bb global_colors_info=\u00a0\u00bb{}\u00a0\u00bb][et_pb_column type=\u00a0\u00bb4_4&Prime; _builder_version=\u00a0\u00bb4.16&Prime; custom_padding=\u00a0\u00bb|||\u00a0\u00bb global_colors_info=\u00a0\u00bb{}\u00a0\u00bb custom_padding__hover=\u00a0\u00bb|||\u00a0\u00bb][et_pb_wc_tabs active_tab_text_color=\u00a0\u00bb#a9804a\u00a0\u00bb _builder_version=\u00a0\u00bb4.17.3&Prime; global_colors_info=\u00a0\u00bb{}\u00a0\u00bb]\t\t\t\t\t[\/et_pb_wc_tabs][et_pb_wc_upsells _builder_version=\u00a0\u00bb4.16&Prime; global_colors_info=\u00a0\u00bb{}\u00a0\u00bb][\/et_pb_wc_upsells][et_pb_wc_related_products _builder_version=\u00a0\u00bb4.17.3&Prime; rating_font_size=\u00a0\u00bb1px\u00a0\u00bb global_colors_info=\u00a0\u00bb{}\u00a0\u00bb][\/et_pb_wc_related_products][\/et_pb_column][\/et_pb_row][\/et_pb_section]<\/p>\n","protected":false},"excerpt":{"rendered":"<p><span style=\"text-decoration: underline;\"><strong>The experience<\/strong><\/span><br \/>\nThe mask<em> Sweet calendula<\/em><em>, <\/em>perfect for normal, sensitive or dry skin. A trip to the chamomile fields, a gentle wind.<\/p>\n<p><span style=\"text-decoration: underline;\"><strong>It smells<\/strong><\/span><br \/>\nChamomile and calendula<\/p>\n<p><span style=\"text-decoration: underline;\"><strong>The benefits<\/strong><\/span><\/p>\n<ul>\n<li>Regenerates the skin<\/li>\n<li>Tones the skin<\/li>\n<li>Softens the skin<\/li>\n<li>Reduces redness and itching<br \/>\nGoodbye dull and tired skin!<\/li>\n<\/ul>\n<p><strong><span style=\"text-decoration: underline;\">Ingredients<\/span><br \/>\n<\/strong>Pink, green and bentonite clays, calendula, chamomile, oats, cornstarch<\/p>\n<p><span style=\"text-decoration: underline;\"><strong>Use<\/strong><\/span><br \/>\nFor the face<br \/>\nMix 1 tsp. to s. of the product with a little water or hydrosol to form a paste. If your mask is too thick, add liquid; if it is too fluid, add more product. Apply it with your fingers or a brush. Leave it on for about 5 minutes and rinse it well with lukewarm water. Application once a week. Apply the<a href=\"https:\/\/medecine-du-papillon.com\/en\/product\/regenerating-facial-oil\/\">Regenerating oil<\/a> to hydrate your skin afterwards.<\/p>\n<p>*Before application, we recommend doing a skin test to check the compatibility of the product with your skin.<\/p>","protected":false},"featured_media":2494,"comment_status":"open","ping_status":"closed","template":"","meta":{"_et_pb_use_builder":"on","_et_pb_old_content":"<span class=\"x4k7w5x x1h91t0o x1h9r5lt x1jfb8zj xv2umb2 x1beo9mf xaigb6o x12ejxvf x3igimt xarpa2k xedcshv x1lytzrv x1t2pt76 x7ja8zs x1qrby5j\"><strong>Trucs de pro pour une application de masque r\u00e9ussie :<\/strong> <\/span>\r\n\r\n<span class=\"x4k7w5x x1h91t0o x1h9r5lt x1jfb8zj xv2umb2 x1beo9mf xaigb6o x12ejxvf x3igimt xarpa2k xedcshv x1lytzrv x1t2pt76 x7ja8zs x1qrby5j\">1) Appliquez toujours votre masque sur une peau humide, apr\u00e8s l'avoir lav\u00e9e.\r\n<\/span><span class=\"x4k7w5x x1h91t0o x1h9r5lt x1jfb8zj xv2umb2 x1beo9mf xaigb6o x12ejxvf x3igimt xarpa2k xedcshv x1lytzrv x1t2pt76 x7ja8zs x1qrby5j\">2) Ne laissez jamais votre masque s\u00e9cher compl\u00e8tement - il vaut mieux le retirer l\u00e9g\u00e8rement humide (environ 5 minutes).\r\n3) Utilisez un gant de toilette pour un retrait plus facile et en douceur. Rincez abondamment.\r\n4) Si vous avez des restes de pr\u00e9paration, conservez-les au frais pour une semaine suppl\u00e9mentaire d'utilisation.\r\n5) Hydratez votre peau avec notre huile R\u00e9g\u00e9n\u00e9rante ou une cr\u00e8me hydratante. <\/span>\r\n\r\n<span class=\"x4k7w5x x1h91t0o x1h9r5lt x1jfb8zj xv2umb2 x1beo9mf xaigb6o x12ejxvf x3igimt xarpa2k xedcshv x1lytzrv x1t2pt76 x7ja8zs x1qrby5j\">* Avant l'application, effectuez un test cutan\u00e9 pour assurer la compatibilit\u00e9 avec votre peau.<\/span>\r\n\r\n<strong><span style=\"text-decoration: underline\">Entretien<\/span>\r\n<\/strong>Laissez les ingr\u00e9dients \u00e0 l\u2019abri de la lumi\u00e8re et au sec pour pr\u00e9server les propri\u00e9t\u00e9s des plantes.","_et_gb_content_width":"","_exactmetrics_skip_tracking":false,"_exactmetrics_sitenote_active":false,"_exactmetrics_sitenote_note":"","_exactmetrics_sitenote_category":0,"jetpack_post_was_ever_published":false,"jetpack_publicize_message":"","jetpack_publicize_feature_enabled":true,"jetpack_social_post_already_shared":true,"jetpack_social_options":{"image_generator_settings":{"template":"highway","default_image_id":0,"font":"","enabled":false},"version":2}},"product_brand":[],"product_cat":[36],"product_tag":[38,37],"giftcard-category":[],"class_list":{"0":"post-2173","1":"product","2":"type-product","3":"status-publish","4":"has-post-thumbnail","6":"product_cat-masque-argile","7":"product_tag-peau-normale","8":"product_tag-peau-seche","10":"first","11":"instock","12":"purchasable","13":"product-type-variable"},"yoast_head":"<!-- This site is optimized with the Yoast SEO plugin v23.9 - https:\/\/yoast.com\/wordpress\/plugins\/seo\/ -->\n<title>Masque Douce calendula \u2014 Peaux normales ou s\u00e8ches &#183; M\u00e9decine du papillon<\/title>\n<meta name=\"description\" content=\"Le masque Douce calendula qui est compos\u00e9 majoritairement d\u2019argile rose convient aux peaux sensibles, s\u00e8ches ou normales.\" \/>\n<meta name=\"robots\" content=\"index, follow, max-snippet:-1, max-image-preview:large, max-video-preview:-1\" \/>\n<link rel=\"canonical\" href=\"https:\/\/medecine-du-papillon.com\/en\/product\/gentle-calendula-mask-for-normal-or-dry-skin\/\" \/>\n<meta property=\"og:locale\" content=\"en_US\" \/>\n<meta property=\"og:type\" content=\"article\" \/>\n<meta property=\"og:title\" content=\"Masque Douce calendula \u2014 Peaux normales ou s\u00e8ches &#183; M\u00e9decine du papillon\" \/>\n<meta property=\"og:description\" content=\"Le masque Douce calendula qui est compos\u00e9 majoritairement d\u2019argile rose convient aux peaux sensibles, s\u00e8ches ou normales.\" \/>\n<meta property=\"og:url\" content=\"https:\/\/medecine-du-papillon.com\/en\/product\/gentle-calendula-mask-for-normal-or-dry-skin\/\" \/>\n<meta property=\"og:site_name\" content=\"M\u00e9decine du papillon\" \/>\n<meta property=\"article:modified_time\" content=\"2024-12-11T04:00:34+00:00\" \/>\n<meta property=\"og:image\" content=\"https:\/\/medecine-du-papillon.com\/wp-content\/uploads\/2022\/05\/Masque-a\u0300-la-douce-calendule-clay-pink-mask\u2014-Peaux-normales-ou-se\u0300ches-MINI-2-Me\u0301decine-du-papillon-Montreal.png\" \/>\n\t<meta property=\"og:image:width\" content=\"1080\" \/>\n\t<meta property=\"og:image:height\" content=\"1080\" \/>\n\t<meta property=\"og:image:type\" content=\"image\/png\" \/>\n<meta name=\"twitter:card\" content=\"summary_large_image\" \/>\n<meta name=\"twitter:label1\" content=\"Est. reading time\" \/>\n\t<meta name=\"twitter:data1\" content=\"1 minute\" \/>\n<script type=\"application\/ld+json\" class=\"yoast-schema-graph\">{\"@context\":\"https:\/\/schema.org\",\"@graph\":[{\"@type\":\"WebPage\",\"@id\":\"https:\/\/medecine-du-papillon.com\/produit\/masque-douce-calendula-peaux-normales-ou-seches\/\",\"url\":\"https:\/\/medecine-du-papillon.com\/produit\/masque-douce-calendula-peaux-normales-ou-seches\/\",\"name\":\"Masque Douce calendula \u2014 Peaux normales ou s\u00e8ches &#183; M\u00e9decine du papillon\",\"isPartOf\":{\"@id\":\"https:\/\/medecine-du-papillon.com\/#website\"},\"primaryImageOfPage\":{\"@id\":\"https:\/\/medecine-du-papillon.com\/produit\/masque-douce-calendula-peaux-normales-ou-seches\/#primaryimage\"},\"image\":{\"@id\":\"https:\/\/medecine-du-papillon.com\/produit\/masque-douce-calendula-peaux-normales-ou-seches\/#primaryimage\"},\"thumbnailUrl\":\"https:\/\/i0.wp.com\/medecine-du-papillon.com\/wp-content\/uploads\/2022\/05\/Masque-a%CC%80-la-douce-calendule-clay-pink-mask%E2%80%94-Peaux-normales-ou-se%CC%80ches-MINI-2-Me%CC%81decine-du-papillon-Montreal.png?fit=1080%2C1080&ssl=1\",\"datePublished\":\"2022-05-03T22:13:07+00:00\",\"dateModified\":\"2024-12-11T04:00:34+00:00\",\"description\":\"Le masque Douce calendula qui est compos\u00e9 majoritairement d\u2019argile rose convient aux peaux sensibles, s\u00e8ches ou normales.\",\"breadcrumb\":{\"@id\":\"https:\/\/medecine-du-papillon.com\/produit\/masque-douce-calendula-peaux-normales-ou-seches\/#breadcrumb\"},\"inLanguage\":\"en-CA\",\"potentialAction\":[{\"@type\":\"ReadAction\",\"target\":[\"https:\/\/medecine-du-papillon.com\/produit\/masque-douce-calendula-peaux-normales-ou-seches\/\"]}]},{\"@type\":\"ImageObject\",\"inLanguage\":\"en-CA\",\"@id\":\"https:\/\/medecine-du-papillon.com\/produit\/masque-douce-calendula-peaux-normales-ou-seches\/#primaryimage\",\"url\":\"https:\/\/i0.wp.com\/medecine-du-papillon.com\/wp-content\/uploads\/2022\/05\/Masque-a%CC%80-la-douce-calendule-clay-pink-mask%E2%80%94-Peaux-normales-ou-se%CC%80ches-MINI-2-Me%CC%81decine-du-papillon-Montreal.png?fit=1080%2C1080&ssl=1\",\"contentUrl\":\"https:\/\/i0.wp.com\/medecine-du-papillon.com\/wp-content\/uploads\/2022\/05\/Masque-a%CC%80-la-douce-calendule-clay-pink-mask%E2%80%94-Peaux-normales-ou-se%CC%80ches-MINI-2-Me%CC%81decine-du-papillon-Montreal.png?fit=1080%2C1080&ssl=1\",\"width\":1080,\"height\":1080,\"caption\":\"Masque a\u0300 la douce calendule clay pink mask\u2014 Peaux normales ou se\u0300ches MINI 2 Me\u0301decine du papillon Montreal\"},{\"@type\":\"BreadcrumbList\",\"@id\":\"https:\/\/medecine-du-papillon.com\/produit\/masque-douce-calendula-peaux-normales-ou-seches\/#breadcrumb\",\"itemListElement\":[{\"@type\":\"ListItem\",\"position\":1,\"name\":\"Accueil\",\"item\":\"https:\/\/medecine-du-papillon.com\/\"},{\"@type\":\"ListItem\",\"position\":2,\"name\":\"Boutique\",\"item\":\"https:\/\/medecine-du-papillon.com\/boutique\/\"},{\"@type\":\"ListItem\",\"position\":3,\"name\":\"Masque Douce calendula \u2014 Peaux normales ou s\u00e8ches\"}]},{\"@type\":\"WebSite\",\"@id\":\"https:\/\/medecine-du-papillon.com\/#website\",\"url\":\"https:\/\/medecine-du-papillon.com\/\",\"name\":\"M\u00e9decine du papillon\",\"description\":\"Retrouver votre bien-\u00eatre en vous accordant de doux moments via nos produits naturels.\",\"potentialAction\":[{\"@type\":\"SearchAction\",\"target\":{\"@type\":\"EntryPoint\",\"urlTemplate\":\"https:\/\/medecine-du-papillon.com\/?s={search_term_string}\"},\"query-input\":{\"@type\":\"PropertyValueSpecification\",\"valueRequired\":true,\"valueName\":\"search_term_string\"}}],\"inLanguage\":\"en-CA\"}]}<\/script>\n<!-- \/ Yoast SEO plugin. -->","yoast_head_json":{"title":"Calendula Gentle Mask \u2014 Normal or dry skin \u00b7 Butterfly medicine","description":"The Douce calendula mask which is mainly composed of pink clay is suitable for sensitive, dry or normal skin.","robots":{"index":"index","follow":"follow","max-snippet":"max-snippet:-1","max-image-preview":"max-image-preview:large","max-video-preview":"max-video-preview:-1"},"canonical":"https:\/\/medecine-du-papillon.com\/en\/product\/gentle-calendula-mask-for-normal-or-dry-skin\/","og_locale":"en_US","og_type":"article","og_title":"Masque Douce calendula \u2014 Peaux normales ou s\u00e8ches &#183; M\u00e9decine du papillon","og_description":"Le masque Douce calendula qui est compos\u00e9 majoritairement d\u2019argile rose convient aux peaux sensibles, s\u00e8ches ou normales.","og_url":"https:\/\/medecine-du-papillon.com\/en\/product\/gentle-calendula-mask-for-normal-or-dry-skin\/","og_site_name":"M\u00e9decine du papillon","article_modified_time":"2024-12-11T04:00:34+00:00","og_image":[{"width":1080,"height":1080,"url":"https:\/\/medecine-du-papillon.com\/wp-content\/uploads\/2022\/05\/Masque-a\u0300-la-douce-calendule-clay-pink-mask\u2014-Peaux-normales-ou-se\u0300ches-MINI-2-Me\u0301decine-du-papillon-Montreal.png","type":"image\/png"}],"twitter_card":"summary_large_image","twitter_misc":{"Est. reading time":"1 minute"},"schema":{"@context":"https:\/\/schema.org","@graph":[{"@type":"WebPage","@id":"https:\/\/medecine-du-papillon.com\/produit\/masque-douce-calendula-peaux-normales-ou-seches\/","url":"https:\/\/medecine-du-papillon.com\/produit\/masque-douce-calendula-peaux-normales-ou-seches\/","name":"Calendula Gentle Mask \u2014 Normal or dry skin \u00b7 Butterfly medicine","isPartOf":{"@id":"https:\/\/medecine-du-papillon.com\/#website"},"primaryImageOfPage":{"@id":"https:\/\/medecine-du-papillon.com\/produit\/masque-douce-calendula-peaux-normales-ou-seches\/#primaryimage"},"image":{"@id":"https:\/\/medecine-du-papillon.com\/produit\/masque-douce-calendula-peaux-normales-ou-seches\/#primaryimage"},"thumbnailUrl":"https:\/\/i0.wp.com\/medecine-du-papillon.com\/wp-content\/uploads\/2022\/05\/Masque-a%CC%80-la-douce-calendule-clay-pink-mask%E2%80%94-Peaux-normales-ou-se%CC%80ches-MINI-2-Me%CC%81decine-du-papillon-Montreal.png?fit=1080%2C1080&ssl=1","datePublished":"2022-05-03T22:13:07+00:00","dateModified":"2024-12-11T04:00:34+00:00","description":"The Douce calendula mask which is mainly composed of pink clay is suitable for sensitive, dry or normal skin.","breadcrumb":{"@id":"https:\/\/medecine-du-papillon.com\/produit\/masque-douce-calendula-peaux-normales-ou-seches\/#breadcrumb"},"inLanguage":"en-CA","potentialAction":[{"@type":"ReadAction","target":["https:\/\/medecine-du-papillon.com\/produit\/masque-douce-calendula-peaux-normales-ou-seches\/"]}]},{"@type":"ImageObject","inLanguage":"en-CA","@id":"https:\/\/medecine-du-papillon.com\/produit\/masque-douce-calendula-peaux-normales-ou-seches\/#primaryimage","url":"https:\/\/i0.wp.com\/medecine-du-papillon.com\/wp-content\/uploads\/2022\/05\/Masque-a%CC%80-la-douce-calendule-clay-pink-mask%E2%80%94-Peaux-normales-ou-se%CC%80ches-MINI-2-Me%CC%81decine-du-papillon-Montreal.png?fit=1080%2C1080&ssl=1","contentUrl":"https:\/\/i0.wp.com\/medecine-du-papillon.com\/wp-content\/uploads\/2022\/05\/Masque-a%CC%80-la-douce-calendule-clay-pink-mask%E2%80%94-Peaux-normales-ou-se%CC%80ches-MINI-2-Me%CC%81decine-du-papillon-Montreal.png?fit=1080%2C1080&ssl=1","width":1080,"height":1080,"caption":"Masque a\u0300 la douce calendule clay pink mask\u2014 Peaux normales ou se\u0300ches MINI 2 Me\u0301decine du papillon Montreal"},{"@type":"BreadcrumbList","@id":"https:\/\/medecine-du-papillon.com\/produit\/masque-douce-calendula-peaux-normales-ou-seches\/#breadcrumb","itemListElement":[{"@type":"ListItem","position":1,"name":"Accueil","item":"https:\/\/medecine-du-papillon.com\/"},{"@type":"ListItem","position":2,"name":"Boutique","item":"https:\/\/medecine-du-papillon.com\/boutique\/"},{"@type":"ListItem","position":3,"name":"Masque Douce calendula \u2014 Peaux normales ou s\u00e8ches"}]},{"@type":"WebSite","@id":"https:\/\/medecine-du-papillon.com\/#website","url":"https:\/\/medecine-du-papillon.com\/","name":"Butterfly Medicine","description":"Regain your well-being by treating yourself to sweet moments with our natural products.","potentialAction":[{"@type":"SearchAction","target":{"@type":"EntryPoint","urlTemplate":"https:\/\/medecine-du-papillon.com\/?s={search_term_string}"},"query-input":{"@type":"PropertyValueSpecification","valueRequired":true,"valueName":"search_term_string"}}],"inLanguage":"en-CA"}]}},"jetpack_publicize_connections":[],"jetpack-related-posts":[],"jetpack_sharing_enabled":true,"_links":{"self":[{"href":"https:\/\/medecine-du-papillon.com\/en\/wp-json\/wp\/v2\/product\/2173","targetHints":{"allow":["GET"]}}],"collection":[{"href":"https:\/\/medecine-du-papillon.com\/en\/wp-json\/wp\/v2\/product"}],"about":[{"href":"https:\/\/medecine-du-papillon.com\/en\/wp-json\/wp\/v2\/types\/product"}],"replies":[{"embeddable":true,"href":"https:\/\/medecine-du-papillon.com\/en\/wp-json\/wp\/v2\/comments?post=2173"}],"wp:featuredmedia":[{"embeddable":true,"href":"https:\/\/medecine-du-papillon.com\/en\/wp-json\/wp\/v2\/media\/2494"}],"wp:attachment":[{"href":"https:\/\/medecine-du-papillon.com\/en\/wp-json\/wp\/v2\/media?parent=2173"}],"wp:term":[{"taxonomy":"product_brand","embeddable":true,"href":"https:\/\/medecine-du-papillon.com\/en\/wp-json\/wp\/v2\/product_brand?post=2173"},{"taxonomy":"product_cat","embeddable":true,"href":"https:\/\/medecine-du-papillon.com\/en\/wp-json\/wp\/v2\/product_cat?post=2173"},{"taxonomy":"product_tag","embeddable":true,"href":"https:\/\/medecine-du-papillon.com\/en\/wp-json\/wp\/v2\/product_tag?post=2173"},{"taxonomy":"giftcard-category","embeddable":true,"href":"https:\/\/medecine-du-papillon.com\/en\/wp-json\/wp\/v2\/giftcard-category?post=2173"}],"curies":[{"name":"wp","href":"https:\/\/api.w.org\/{rel}","templated":true}]}}