{"id":2180,"date":"2022-05-03T18:30:46","date_gmt":"2022-05-03T22:30:46","guid":{"rendered":"https:\/\/medecine-du-papillon.com\/?post_type=product&#038;p=2180"},"modified":"2025-12-08T12:12:39","modified_gmt":"2025-12-08T17:12:39","slug":"masque-parfum-de-lavande-peaux-grasses-ou-mixtes","status":"publish","type":"product","link":"https:\/\/medecine-du-papillon.com\/en\/product\/lavender-scent-mask-for-oily-or-combination-skin\/","title":{"rendered":"Lavender Scent Mask \u2014 Oily or combination skin"},"content":{"rendered":"<p>[et_pb_section fb_built=\u00a0\u00bb1&Prime; _builder_version=\u00a0\u00bb4.16&Prime; custom_padding=\u00a0\u00bb0px||||false|false\u00a0\u00bb global_colors_info=\u00a0\u00bb{}\u00a0\u00bb][et_pb_row _builder_version=\u00a0\u00bb4.16&Prime; background_size=\u00a0\u00bbinitial\u00a0\u00bb background_position=\u00a0\u00bbtop_left\u00a0\u00bb background_repeat=\u00a0\u00bbrepeat\u00a0\u00bb width=\u00a0\u00bb100%\u00a0\u00bb custom_padding=\u00a0\u00bb0px||0px||false|false\u00a0\u00bb global_colors_info=\u00a0\u00bb{}\u00a0\u00bb][et_pb_column type=\u00a0\u00bb4_4&Prime; _builder_version=\u00a0\u00bb4.16&Prime; custom_padding=\u00a0\u00bb|||\u00a0\u00bb global_colors_info=\u00a0\u00bb{}\u00a0\u00bb custom_padding__hover=\u00a0\u00bb|||\u00a0\u00bb][et_pb_wc_breadcrumb _builder_version=\u00a0\u00bb4.16&Prime; global_colors_info=\u00a0\u00bb{}\u00a0\u00bb][\/et_pb_wc_breadcrumb][et_pb_wc_cart_notice _builder_version=\u00a0\u00bb4.17.3&Prime; custom_button=\u00a0\u00bbon\u00a0\u00bb button_text_color=\u00a0\u00bb#FFFFFF\u00a0\u00bb global_colors_info=\u00a0\u00bb{}\u00a0\u00bb][\/et_pb_wc_cart_notice][\/et_pb_column][\/et_pb_row][et_pb_row column_structure=\u00a0\u00bb1_2,1_2&Prime; _builder_version=\u00a0\u00bb4.16&Prime; background_size=\u00a0\u00bbinitial\u00a0\u00bb background_position=\u00a0\u00bbtop_left\u00a0\u00bb background_repeat=\u00a0\u00bbrepeat\u00a0\u00bb width=\u00a0\u00bb100%\u00a0\u00bb custom_padding=\u00a0\u00bb0px||||false|false\u00a0\u00bb global_colors_info=\u00a0\u00bb{}\u00a0\u00bb][et_pb_column type=\u00a0\u00bb1_2&Prime; _builder_version=\u00a0\u00bb4.16&Prime; custom_padding=\u00a0\u00bb|||\u00a0\u00bb global_colors_info=\u00a0\u00bb{}\u00a0\u00bb custom_padding__hover=\u00a0\u00bb|||\u00a0\u00bb][et_pb_wc_images _builder_version=\u00a0\u00bb4.16&Prime; global_colors_info=\u00a0\u00bb{}\u00a0\u00bb][\/et_pb_wc_images][\/et_pb_column][et_pb_column type=\u00a0\u00bb1_2&Prime; _builder_version=\u00a0\u00bb4.16&Prime; custom_padding=\u00a0\u00bb|||\u00a0\u00bb global_colors_info=\u00a0\u00bb{}\u00a0\u00bb custom_padding__hover=\u00a0\u00bb|||\u00a0\u00bb][et_pb_wc_title _builder_version=\u00a0\u00bb4.17.3&Prime; global_colors_info=\u00a0\u00bb{}\u00a0\u00bb][\/et_pb_wc_title][et_pb_wc_rating _builder_version=\u00a0\u00bb4.16&Prime; global_colors_info=\u00a0\u00bb{}\u00a0\u00bb][\/et_pb_wc_rating][et_pb_wc_price _builder_version=\u00a0\u00bb4.17.3&Prime; sale_price_font=\u00a0\u00bb||||||||\u00a0\u00bb global_colors_info=\u00a0\u00bb{}\u00a0\u00bb][\/et_pb_wc_price][et_pb_wc_description _builder_version=\u00a0\u00bb4.17.3&Prime; global_colors_info=\u00a0\u00bb{}\u00a0\u00bb][\/et_pb_wc_description][et_pb_wc_add_to_cart _builder_version=\u00a0\u00bb4.17.3&Prime; custom_button=\u00a0\u00bbon\u00a0\u00bb button_text_color=\u00a0\u00bb#FFFFFF\u00a0\u00bb global_colors_info=\u00a0\u00bb{}\u00a0\u00bb][\/et_pb_wc_add_to_cart][et_pb_wc_meta _builder_version=\u00a0\u00bb4.16&Prime; global_colors_info=\u00a0\u00bb{}\u00a0\u00bb][\/et_pb_wc_meta][\/et_pb_column][\/et_pb_row][et_pb_row _builder_version=\u00a0\u00bb4.16&Prime; background_size=\u00a0\u00bbinitial\u00a0\u00bb background_position=\u00a0\u00bbtop_left\u00a0\u00bb background_repeat=\u00a0\u00bbrepeat\u00a0\u00bb width=\u00a0\u00bb100%\u00a0\u00bb global_colors_info=\u00a0\u00bb{}\u00a0\u00bb][et_pb_column type=\u00a0\u00bb4_4&Prime; _builder_version=\u00a0\u00bb4.16&Prime; custom_padding=\u00a0\u00bb|||\u00a0\u00bb global_colors_info=\u00a0\u00bb{}\u00a0\u00bb custom_padding__hover=\u00a0\u00bb|||\u00a0\u00bb][et_pb_wc_tabs active_tab_text_color=\u00a0\u00bb#a9804a\u00a0\u00bb _builder_version=\u00a0\u00bb4.17.3&Prime; global_colors_info=\u00a0\u00bb{}\u00a0\u00bb]\t\t\t\t\t[\/et_pb_wc_tabs][et_pb_wc_upsells _builder_version=\u00a0\u00bb4.16&Prime; global_colors_info=\u00a0\u00bb{}\u00a0\u00bb][\/et_pb_wc_upsells][et_pb_wc_related_products _builder_version=\u00a0\u00bb4.17.3&Prime; global_colors_info=\u00a0\u00bb{}\u00a0\u00bb][\/et_pb_wc_related_products][\/et_pb_column][\/et_pb_row][\/et_pb_section]<\/p>\n","protected":false},"excerpt":{"rendered":"<p><span style=\"text-decoration: underline;\"><strong>The experience<\/strong><\/span><br \/>\nThe mask<em> Lavender scent<\/em><em>, <\/em>perfect for combination, oily or mature skin. A trip to the lavender fields, a breath of fresh air.<\/p>\n<p><span style=\"text-decoration: underline;\"><strong>It smells<\/strong><\/span><br \/>\nLavender and rosemary<\/p>\n<p><span style=\"text-decoration: underline;\"><strong>The benefits<\/strong><\/span><\/p>\n<ul>\n<li>Revitalizes more mature skin<\/li>\n<li>Balances combination skin<\/li>\n<li>Purifies and detoxifies the skin from pollution<\/li>\n<li>Softens the skin<br \/>\nGoodbye blemishes and acne!<\/li>\n<\/ul>\n<p><strong><span style=\"text-decoration: underline;\">Ingredients<\/span><br \/>\n<\/strong>Green, bentonite and pink clays, lavender, rosemary, cornstarch<\/p>\n<p><span style=\"text-decoration: underline;\"><strong>Use<\/strong><\/span><br \/>\nFor the face<br \/>\nMix 1 tsp. to s. of the product with a little water or hydrosol to form a paste. If your mask is too thick, add liquid; if it is too fluid, add more product. Apply it with your fingers or a brush. Leave it on for about 5 minutes and rinse it well with lukewarm water. Application once a week. Apply the<a href=\"https:\/\/medecine-du-papillon.com\/en\/product\/regenerating-facial-oil\/\">Regenerating oil<\/a> to hydrate your skin afterwards.<\/p>\n<p>*Before application, we recommend doing a skin test to check the compatibility of the product with your skin.<\/p>","protected":false},"featured_media":2497,"comment_status":"open","ping_status":"closed","template":"","meta":{"_et_pb_use_builder":"on","_et_pb_old_content":"<span class=\"x4k7w5x x1h91t0o x1h9r5lt x1jfb8zj xv2umb2 x1beo9mf xaigb6o x12ejxvf x3igimt xarpa2k xedcshv x1lytzrv x1t2pt76 x7ja8zs x1qrby5j\"><strong>Trucs de pro pour une application de masque r\u00e9ussie :<\/strong> <\/span>\r\n\r\n<span class=\"x4k7w5x x1h91t0o x1h9r5lt x1jfb8zj xv2umb2 x1beo9mf xaigb6o x12ejxvf x3igimt xarpa2k xedcshv x1lytzrv x1t2pt76 x7ja8zs x1qrby5j\">1) Appliquez toujours votre masque sur une peau humide, apr\u00e8s l'avoir lav\u00e9e.\r\n<\/span><span class=\"x4k7w5x x1h91t0o x1h9r5lt x1jfb8zj xv2umb2 x1beo9mf xaigb6o x12ejxvf x3igimt xarpa2k xedcshv x1lytzrv x1t2pt76 x7ja8zs x1qrby5j\">2) Ne laissez jamais votre masque s\u00e9cher compl\u00e8tement - il vaut mieux le retirer l\u00e9g\u00e8rement humide (environ 5 minutes).\r\n3) Utilisez un gant de toilette pour un retrait plus facile et en douceur. Rincez abondamment.\r\n4) Si vous avez des restes de pr\u00e9paration, conservez-les au frais pour une semaine suppl\u00e9mentaire d'utilisation.\r\n5) Hydratez votre peau avec notre huile R\u00e9g\u00e9n\u00e9rante ou une cr\u00e8me hydratante. <\/span>\r\n\r\n<span class=\"x4k7w5x x1h91t0o x1h9r5lt x1jfb8zj xv2umb2 x1beo9mf xaigb6o x12ejxvf x3igimt xarpa2k xedcshv x1lytzrv x1t2pt76 x7ja8zs x1qrby5j\">* Avant l'application, effectuez un test cutan\u00e9 pour assurer la compatibilit\u00e9 avec votre peau.<\/span>\r\n\r\n<strong><span style=\"text-decoration: underline\">Entretien<\/span>\r\n<\/strong>Laissez les ingr\u00e9dients \u00e0 l\u2019abri de la lumi\u00e8re et au sec pour pr\u00e9server les propri\u00e9t\u00e9s des plantes.","_et_gb_content_width":"","_exactmetrics_skip_tracking":false,"_exactmetrics_sitenote_active":false,"_exactmetrics_sitenote_note":"","_exactmetrics_sitenote_category":0,"jetpack_post_was_ever_published":false,"jetpack_publicize_message":"","jetpack_publicize_feature_enabled":true,"jetpack_social_post_already_shared":true,"jetpack_social_options":{"image_generator_settings":{"template":"highway","default_image_id":0,"font":"","enabled":false},"version":2}},"product_brand":[],"product_cat":[36],"product_tag":[39,40],"giftcard-category":[],"class_list":{"0":"post-2180","1":"product","2":"type-product","3":"status-publish","4":"has-post-thumbnail","6":"product_cat-masque-argile","7":"product_tag-peau-grasse","8":"product_tag-peau-mixte","10":"first","11":"instock","12":"purchasable","13":"product-type-variable"},"yoast_head":"<!-- This site is optimized with the Yoast SEO plugin v23.9 - https:\/\/yoast.com\/wordpress\/plugins\/seo\/ -->\n<title>Masque Parfum de lavande \u2014 Peaux grasses ou mixtes &#183; M\u00e9decine du papillon<\/title>\n<meta name=\"description\" content=\"Le masque Parfum de lavande qui est compos\u00e9 majoritairement d\u2019argile verte convient aux peaux grasses ou mixtes.\" \/>\n<meta name=\"robots\" content=\"index, follow, max-snippet:-1, max-image-preview:large, max-video-preview:-1\" \/>\n<link rel=\"canonical\" href=\"https:\/\/medecine-du-papillon.com\/en\/product\/lavender-scent-mask-for-oily-or-combination-skin\/\" \/>\n<meta property=\"og:locale\" content=\"en_US\" \/>\n<meta property=\"og:type\" content=\"article\" \/>\n<meta property=\"og:title\" content=\"Masque Parfum de lavande \u2014 Peaux grasses ou mixtes &#183; M\u00e9decine du papillon\" \/>\n<meta property=\"og:description\" content=\"Le masque Parfum de lavande qui est compos\u00e9 majoritairement d\u2019argile verte convient aux peaux grasses ou mixtes.\" \/>\n<meta property=\"og:url\" content=\"https:\/\/medecine-du-papillon.com\/en\/product\/lavender-scent-mask-for-oily-or-combination-skin\/\" \/>\n<meta property=\"og:site_name\" content=\"M\u00e9decine du papillon\" \/>\n<meta property=\"article:modified_time\" content=\"2025-12-08T17:12:39+00:00\" \/>\n<meta property=\"og:image\" content=\"https:\/\/medecine-du-papillon.com\/wp-content\/uploads\/2022\/05\/Masque-au-parfum-de-lavande-\u2014-Peaux-grasses-ou-mixtes-Masque-facial-a\u0300-largile-verte-bentonite-rose-poudre-de-fleurs-et-avoine-lavande-romarin-MINI.png\" \/>\n\t<meta property=\"og:image:width\" content=\"1080\" \/>\n\t<meta property=\"og:image:height\" content=\"1080\" \/>\n\t<meta property=\"og:image:type\" content=\"image\/png\" \/>\n<meta name=\"twitter:card\" content=\"summary_large_image\" \/>\n<meta name=\"twitter:label1\" content=\"Est. reading time\" \/>\n\t<meta name=\"twitter:data1\" content=\"3 minutes\" \/>\n<script type=\"application\/ld+json\" class=\"yoast-schema-graph\">{\"@context\":\"https:\/\/schema.org\",\"@graph\":[{\"@type\":\"WebPage\",\"@id\":\"https:\/\/medecine-du-papillon.com\/produit\/masque-parfum-de-lavande-peaux-grasses-ou-mixtes\/\",\"url\":\"https:\/\/medecine-du-papillon.com\/produit\/masque-parfum-de-lavande-peaux-grasses-ou-mixtes\/\",\"name\":\"Masque Parfum de lavande \u2014 Peaux grasses ou mixtes &#183; M\u00e9decine du papillon\",\"isPartOf\":{\"@id\":\"https:\/\/medecine-du-papillon.com\/#website\"},\"primaryImageOfPage\":{\"@id\":\"https:\/\/medecine-du-papillon.com\/produit\/masque-parfum-de-lavande-peaux-grasses-ou-mixtes\/#primaryimage\"},\"image\":{\"@id\":\"https:\/\/medecine-du-papillon.com\/produit\/masque-parfum-de-lavande-peaux-grasses-ou-mixtes\/#primaryimage\"},\"thumbnailUrl\":\"https:\/\/i0.wp.com\/medecine-du-papillon.com\/wp-content\/uploads\/2022\/05\/Masque-au-parfum-de-lavande-%E2%80%94-Peaux-grasses-ou-mixtes-Masque-facial-a%CC%80-largile-verte-bentonite-rose-poudre-de-fleurs-et-avoine-lavande-romarin-MINI.png?fit=1080%2C1080&ssl=1\",\"datePublished\":\"2022-05-03T22:30:46+00:00\",\"dateModified\":\"2025-12-08T17:12:39+00:00\",\"description\":\"Le masque Parfum de lavande qui est compos\u00e9 majoritairement d\u2019argile verte convient aux peaux grasses ou mixtes.\",\"breadcrumb\":{\"@id\":\"https:\/\/medecine-du-papillon.com\/produit\/masque-parfum-de-lavande-peaux-grasses-ou-mixtes\/#breadcrumb\"},\"inLanguage\":\"en-CA\",\"potentialAction\":[{\"@type\":\"ReadAction\",\"target\":[\"https:\/\/medecine-du-papillon.com\/produit\/masque-parfum-de-lavande-peaux-grasses-ou-mixtes\/\"]}]},{\"@type\":\"ImageObject\",\"inLanguage\":\"en-CA\",\"@id\":\"https:\/\/medecine-du-papillon.com\/produit\/masque-parfum-de-lavande-peaux-grasses-ou-mixtes\/#primaryimage\",\"url\":\"https:\/\/i0.wp.com\/medecine-du-papillon.com\/wp-content\/uploads\/2022\/05\/Masque-au-parfum-de-lavande-%E2%80%94-Peaux-grasses-ou-mixtes-Masque-facial-a%CC%80-largile-verte-bentonite-rose-poudre-de-fleurs-et-avoine-lavande-romarin-MINI.png?fit=1080%2C1080&ssl=1\",\"contentUrl\":\"https:\/\/i0.wp.com\/medecine-du-papillon.com\/wp-content\/uploads\/2022\/05\/Masque-au-parfum-de-lavande-%E2%80%94-Peaux-grasses-ou-mixtes-Masque-facial-a%CC%80-largile-verte-bentonite-rose-poudre-de-fleurs-et-avoine-lavande-romarin-MINI.png?fit=1080%2C1080&ssl=1\",\"width\":1080,\"height\":1080,\"caption\":\"Masque au parfum de lavande \u2014 Peaux grasses ou mixtes Masque facial a\u0300 largile verte bentonite rose poudre de fleurs et avoine lavande romarin MINI\"},{\"@type\":\"BreadcrumbList\",\"@id\":\"https:\/\/medecine-du-papillon.com\/produit\/masque-parfum-de-lavande-peaux-grasses-ou-mixtes\/#breadcrumb\",\"itemListElement\":[{\"@type\":\"ListItem\",\"position\":1,\"name\":\"Accueil\",\"item\":\"https:\/\/medecine-du-papillon.com\/\"},{\"@type\":\"ListItem\",\"position\":2,\"name\":\"Boutique\",\"item\":\"https:\/\/medecine-du-papillon.com\/boutique\/\"},{\"@type\":\"ListItem\",\"position\":3,\"name\":\"Masque Parfum de lavande \u2014 Peaux grasses ou mixtes\"}]},{\"@type\":\"WebSite\",\"@id\":\"https:\/\/medecine-du-papillon.com\/#website\",\"url\":\"https:\/\/medecine-du-papillon.com\/\",\"name\":\"M\u00e9decine du papillon\",\"description\":\"Retrouver votre bien-\u00eatre en vous accordant de doux moments via nos produits naturels.\",\"potentialAction\":[{\"@type\":\"SearchAction\",\"target\":{\"@type\":\"EntryPoint\",\"urlTemplate\":\"https:\/\/medecine-du-papillon.com\/?s={search_term_string}\"},\"query-input\":{\"@type\":\"PropertyValueSpecification\",\"valueRequired\":true,\"valueName\":\"search_term_string\"}}],\"inLanguage\":\"en-CA\"}]}<\/script>\n<!-- \/ Yoast SEO plugin. -->","yoast_head_json":{"title":"Lavender Scent Mask \u2014 Oily or combination skin \u00b7 Butterfly medicine","description":"The Lavender Scent mask which is mainly composed of green clay is suitable for oily or combination skin.","robots":{"index":"index","follow":"follow","max-snippet":"max-snippet:-1","max-image-preview":"max-image-preview:large","max-video-preview":"max-video-preview:-1"},"canonical":"https:\/\/medecine-du-papillon.com\/en\/product\/lavender-scent-mask-for-oily-or-combination-skin\/","og_locale":"en_US","og_type":"article","og_title":"Masque Parfum de lavande \u2014 Peaux grasses ou mixtes &#183; M\u00e9decine du papillon","og_description":"Le masque Parfum de lavande qui est compos\u00e9 majoritairement d\u2019argile verte convient aux peaux grasses ou mixtes.","og_url":"https:\/\/medecine-du-papillon.com\/en\/product\/lavender-scent-mask-for-oily-or-combination-skin\/","og_site_name":"M\u00e9decine du papillon","article_modified_time":"2025-12-08T17:12:39+00:00","og_image":[{"width":1080,"height":1080,"url":"https:\/\/medecine-du-papillon.com\/wp-content\/uploads\/2022\/05\/Masque-au-parfum-de-lavande-\u2014-Peaux-grasses-ou-mixtes-Masque-facial-a\u0300-largile-verte-bentonite-rose-poudre-de-fleurs-et-avoine-lavande-romarin-MINI.png","type":"image\/png"}],"twitter_card":"summary_large_image","twitter_misc":{"Est. reading time":"3 minutes"},"schema":{"@context":"https:\/\/schema.org","@graph":[{"@type":"WebPage","@id":"https:\/\/medecine-du-papillon.com\/produit\/masque-parfum-de-lavande-peaux-grasses-ou-mixtes\/","url":"https:\/\/medecine-du-papillon.com\/produit\/masque-parfum-de-lavande-peaux-grasses-ou-mixtes\/","name":"Lavender Scent Mask \u2014 Oily or combination skin \u00b7 Butterfly medicine","isPartOf":{"@id":"https:\/\/medecine-du-papillon.com\/#website"},"primaryImageOfPage":{"@id":"https:\/\/medecine-du-papillon.com\/produit\/masque-parfum-de-lavande-peaux-grasses-ou-mixtes\/#primaryimage"},"image":{"@id":"https:\/\/medecine-du-papillon.com\/produit\/masque-parfum-de-lavande-peaux-grasses-ou-mixtes\/#primaryimage"},"thumbnailUrl":"https:\/\/i0.wp.com\/medecine-du-papillon.com\/wp-content\/uploads\/2022\/05\/Masque-au-parfum-de-lavande-%E2%80%94-Peaux-grasses-ou-mixtes-Masque-facial-a%CC%80-largile-verte-bentonite-rose-poudre-de-fleurs-et-avoine-lavande-romarin-MINI.png?fit=1080%2C1080&ssl=1","datePublished":"2022-05-03T22:30:46+00:00","dateModified":"2025-12-08T17:12:39+00:00","description":"The Lavender Scent mask which is mainly composed of green clay is suitable for oily or combination skin.","breadcrumb":{"@id":"https:\/\/medecine-du-papillon.com\/produit\/masque-parfum-de-lavande-peaux-grasses-ou-mixtes\/#breadcrumb"},"inLanguage":"en-CA","potentialAction":[{"@type":"ReadAction","target":["https:\/\/medecine-du-papillon.com\/produit\/masque-parfum-de-lavande-peaux-grasses-ou-mixtes\/"]}]},{"@type":"ImageObject","inLanguage":"en-CA","@id":"https:\/\/medecine-du-papillon.com\/produit\/masque-parfum-de-lavande-peaux-grasses-ou-mixtes\/#primaryimage","url":"https:\/\/i0.wp.com\/medecine-du-papillon.com\/wp-content\/uploads\/2022\/05\/Masque-au-parfum-de-lavande-%E2%80%94-Peaux-grasses-ou-mixtes-Masque-facial-a%CC%80-largile-verte-bentonite-rose-poudre-de-fleurs-et-avoine-lavande-romarin-MINI.png?fit=1080%2C1080&ssl=1","contentUrl":"https:\/\/i0.wp.com\/medecine-du-papillon.com\/wp-content\/uploads\/2022\/05\/Masque-au-parfum-de-lavande-%E2%80%94-Peaux-grasses-ou-mixtes-Masque-facial-a%CC%80-largile-verte-bentonite-rose-poudre-de-fleurs-et-avoine-lavande-romarin-MINI.png?fit=1080%2C1080&ssl=1","width":1080,"height":1080,"caption":"Masque au parfum de lavande \u2014 Peaux grasses ou mixtes Masque facial a\u0300 largile verte bentonite rose poudre de fleurs et avoine lavande romarin MINI"},{"@type":"BreadcrumbList","@id":"https:\/\/medecine-du-papillon.com\/produit\/masque-parfum-de-lavande-peaux-grasses-ou-mixtes\/#breadcrumb","itemListElement":[{"@type":"ListItem","position":1,"name":"Accueil","item":"https:\/\/medecine-du-papillon.com\/"},{"@type":"ListItem","position":2,"name":"Boutique","item":"https:\/\/medecine-du-papillon.com\/boutique\/"},{"@type":"ListItem","position":3,"name":"Masque Parfum de lavande \u2014 Peaux grasses ou mixtes"}]},{"@type":"WebSite","@id":"https:\/\/medecine-du-papillon.com\/#website","url":"https:\/\/medecine-du-papillon.com\/","name":"Butterfly Medicine","description":"Regain your well-being by treating yourself to sweet moments with our natural products.","potentialAction":[{"@type":"SearchAction","target":{"@type":"EntryPoint","urlTemplate":"https:\/\/medecine-du-papillon.com\/?s={search_term_string}"},"query-input":{"@type":"PropertyValueSpecification","valueRequired":true,"valueName":"search_term_string"}}],"inLanguage":"en-CA"}]}},"jetpack_publicize_connections":[],"jetpack-related-posts":[],"jetpack_sharing_enabled":true,"_links":{"self":[{"href":"https:\/\/medecine-du-papillon.com\/en\/wp-json\/wp\/v2\/product\/2180","targetHints":{"allow":["GET"]}}],"collection":[{"href":"https:\/\/medecine-du-papillon.com\/en\/wp-json\/wp\/v2\/product"}],"about":[{"href":"https:\/\/medecine-du-papillon.com\/en\/wp-json\/wp\/v2\/types\/product"}],"replies":[{"embeddable":true,"href":"https:\/\/medecine-du-papillon.com\/en\/wp-json\/wp\/v2\/comments?post=2180"}],"wp:featuredmedia":[{"embeddable":true,"href":"https:\/\/medecine-du-papillon.com\/en\/wp-json\/wp\/v2\/media\/2497"}],"wp:attachment":[{"href":"https:\/\/medecine-du-papillon.com\/en\/wp-json\/wp\/v2\/media?parent=2180"}],"wp:term":[{"taxonomy":"product_brand","embeddable":true,"href":"https:\/\/medecine-du-papillon.com\/en\/wp-json\/wp\/v2\/product_brand?post=2180"},{"taxonomy":"product_cat","embeddable":true,"href":"https:\/\/medecine-du-papillon.com\/en\/wp-json\/wp\/v2\/product_cat?post=2180"},{"taxonomy":"product_tag","embeddable":true,"href":"https:\/\/medecine-du-papillon.com\/en\/wp-json\/wp\/v2\/product_tag?post=2180"},{"taxonomy":"giftcard-category","embeddable":true,"href":"https:\/\/medecine-du-papillon.com\/en\/wp-json\/wp\/v2\/giftcard-category?post=2180"}],"curies":[{"name":"wp","href":"https:\/\/api.w.org\/{rel}","templated":true}]}}