{"id":2365,"date":"2023-06-11T21:37:16","date_gmt":"2023-06-12T01:37:16","guid":{"rendered":"https:\/\/medecine-du-papillon.com\/?post_type=product&#038;p=2365"},"modified":"2024-11-28T10:44:26","modified_gmt":"2024-11-28T15:44:26","slug":"detente-musclaire-massage","status":"publish","type":"product","link":"https:\/\/medecine-du-papillon.com\/en\/product\/muscle-relaxation-massage\/","title":{"rendered":"Muscle relaxation \u2013 Botanical massage oil"},"content":{"rendered":"<p>* <em>Do not use during pregnancy, breastfeeding and children under 6 years old. Do not apply to damaged skin or face. St. John&#039;s wort has a photosensitizing effect, avoid exposure to the sun after application.<\/em><\/p>\n<p><strong>Interview :<\/strong><strong><br \/>\n<\/strong>Leave the botanical oil dry, away from light and heat to preserve your product longer. Shelf life 2-3 years.<\/p>","protected":false},"excerpt":{"rendered":"<p><span style=\"text-decoration: underline;\"><strong>The experience<\/strong> <\/span><br \/>\nMassage oil <em>Muscle relaxation, <\/em>perfect for relaxing tense, tired and achy muscles and is suitable for all skin types.<\/p>\n<p><span style=\"text-decoration: underline;\"><strong>It smells<\/strong> <\/span><br \/>\nWintergreen<\/p>\n<p><strong><span style=\"text-decoration: underline;\">The benefits<\/span><\/strong><\/p>\n<ul>\n<li>Reduces inflammation<\/li>\n<li>Reduces pain in bones, joints, muscles, tendons<\/li>\n<\/ul>\n<p><strong><span style=\"text-decoration: underline;\">Ingredients<\/span><br \/>\n<\/strong>Oily macerates of cold-pressed virgin organic olive oil of arnica, St. John&#039;s wort, chamomile, wintergreen essential oil, vitamin E<\/p>\n<p>* <em>The oily macerations were carried out by M\u00e9decine du Papillon.<\/em><\/p>\n<p><strong><span style=\"text-decoration: underline;\">Use :<\/span><\/strong><br \/>\nMassage with a circular motion until the oil is completely absorbed onto the area to be treated with 5 to 10 drops, 3 to 5 times a day. You can also continue with a bath infused with <a href=\"https:\/\/medecine-du-papillon.com\/en\/product\/muscle-relaxation-bath-tea\/\">bath tea \u2013 Muscle relaxation<\/a>.<\/p>\n<p><span style=\"text-decoration: underline;\"><strong>Benefits of black obsidian:<\/strong><\/span><\/p>\n<ul>\n<li>Improves blood circulation<\/li>\n<li>Reduces pain<\/li>\n<li>Reduces muscle cramps<\/li>\n<\/ul>","protected":false},"featured_media":3567,"comment_status":"open","ping_status":"closed","template":"","meta":{"_et_pb_use_builder":"","_et_pb_old_content":"","_et_gb_content_width":"","_exactmetrics_skip_tracking":false,"_exactmetrics_sitenote_active":false,"_exactmetrics_sitenote_note":"","_exactmetrics_sitenote_category":0,"jetpack_post_was_ever_published":false,"jetpack_publicize_message":"D\u00e9tente musculaire - Huile botanique massage","jetpack_publicize_feature_enabled":true,"jetpack_social_post_already_shared":true,"jetpack_social_options":{"image_generator_settings":{"template":"highway","default_image_id":0,"font":"","enabled":false},"version":2}},"product_brand":[],"product_cat":[44],"product_tag":[41,39,40,38,37],"giftcard-category":[],"class_list":{"0":"post-2365","1":"product","2":"type-product","3":"status-publish","4":"has-post-thumbnail","6":"product_cat-huile-botanique-massage","7":"product_tag-muscles","8":"product_tag-peau-grasse","9":"product_tag-peau-mixte","10":"product_tag-peau-normale","11":"product_tag-peau-seche","13":"first","14":"instock","15":"sale","16":"shipping-taxable","17":"purchasable","18":"product-type-simple"},"yoast_head":"<!-- This site is optimized with the Yoast SEO plugin v23.9 - https:\/\/yoast.com\/wordpress\/plugins\/seo\/ -->\n<title>D\u00e9tente musculaire - Huile botanique massage &#183; M\u00e9decine du papillon<\/title>\n<meta name=\"description\" content=\"Soulager vos muscles tendus, fatigu\u00e9s et courbatur\u00e9s, gr\u00e2ce \u00e0 l&#039;huile de massage D\u00e9tente musculaire de M\u00e9decine du papillon.\" \/>\n<meta name=\"robots\" content=\"index, follow, max-snippet:-1, max-image-preview:large, max-video-preview:-1\" \/>\n<link rel=\"canonical\" href=\"https:\/\/medecine-du-papillon.com\/en\/product\/muscle-relaxation-massage\/\" \/>\n<meta property=\"og:locale\" content=\"en_US\" \/>\n<meta property=\"og:type\" content=\"article\" \/>\n<meta property=\"og:title\" content=\"D\u00e9tente musculaire - Huile botanique massage &#183; M\u00e9decine du papillon\" \/>\n<meta property=\"og:description\" content=\"Soulager vos muscles tendus, fatigu\u00e9s et courbatur\u00e9s, gr\u00e2ce \u00e0 l&#039;huile de massage D\u00e9tente musculaire de M\u00e9decine du papillon.\" \/>\n<meta property=\"og:url\" content=\"https:\/\/medecine-du-papillon.com\/en\/product\/muscle-relaxation-massage\/\" \/>\n<meta property=\"og:site_name\" content=\"M\u00e9decine du papillon\" \/>\n<meta property=\"article:modified_time\" content=\"2024-11-28T15:44:26+00:00\" \/>\n<meta property=\"og:image\" content=\"https:\/\/medecine-du-papillon.com\/wp-content\/uploads\/2022\/08\/Detente-musculaire-huile-massage-botanique-medecine-du-papillon-carre.jpg\" \/>\n\t<meta property=\"og:image:width\" content=\"1333\" \/>\n\t<meta property=\"og:image:height\" content=\"1333\" \/>\n\t<meta property=\"og:image:type\" content=\"image\/jpeg\" \/>\n<meta name=\"twitter:card\" content=\"summary_large_image\" \/>\n<meta name=\"twitter:label1\" content=\"Est. reading time\" \/>\n\t<meta name=\"twitter:data1\" content=\"1 minute\" \/>\n<script type=\"application\/ld+json\" class=\"yoast-schema-graph\">{\"@context\":\"https:\/\/schema.org\",\"@graph\":[{\"@type\":\"WebPage\",\"@id\":\"https:\/\/medecine-du-papillon.com\/produit\/detente-musclaire-massage\/\",\"url\":\"https:\/\/medecine-du-papillon.com\/produit\/detente-musclaire-massage\/\",\"name\":\"D\u00e9tente musculaire - Huile botanique massage &#183; M\u00e9decine du papillon\",\"isPartOf\":{\"@id\":\"https:\/\/medecine-du-papillon.com\/#website\"},\"primaryImageOfPage\":{\"@id\":\"https:\/\/medecine-du-papillon.com\/produit\/detente-musclaire-massage\/#primaryimage\"},\"image\":{\"@id\":\"https:\/\/medecine-du-papillon.com\/produit\/detente-musclaire-massage\/#primaryimage\"},\"thumbnailUrl\":\"https:\/\/i0.wp.com\/medecine-du-papillon.com\/wp-content\/uploads\/2022\/08\/Detente-musculaire-huile-massage-botanique-medecine-du-papillon-carre.jpg?fit=1333%2C1333&ssl=1\",\"datePublished\":\"2023-06-12T01:37:16+00:00\",\"dateModified\":\"2024-11-28T15:44:26+00:00\",\"description\":\"Soulager vos muscles tendus, fatigu\u00e9s et courbatur\u00e9s, gr\u00e2ce \u00e0 l'huile de massage D\u00e9tente musculaire de M\u00e9decine du papillon.\",\"breadcrumb\":{\"@id\":\"https:\/\/medecine-du-papillon.com\/produit\/detente-musclaire-massage\/#breadcrumb\"},\"inLanguage\":\"en-CA\",\"potentialAction\":[{\"@type\":\"ReadAction\",\"target\":[\"https:\/\/medecine-du-papillon.com\/produit\/detente-musclaire-massage\/\"]}]},{\"@type\":\"ImageObject\",\"inLanguage\":\"en-CA\",\"@id\":\"https:\/\/medecine-du-papillon.com\/produit\/detente-musclaire-massage\/#primaryimage\",\"url\":\"https:\/\/i0.wp.com\/medecine-du-papillon.com\/wp-content\/uploads\/2022\/08\/Detente-musculaire-huile-massage-botanique-medecine-du-papillon-carre.jpg?fit=1333%2C1333&ssl=1\",\"contentUrl\":\"https:\/\/i0.wp.com\/medecine-du-papillon.com\/wp-content\/uploads\/2022\/08\/Detente-musculaire-huile-massage-botanique-medecine-du-papillon-carre.jpg?fit=1333%2C1333&ssl=1\",\"width\":1333,\"height\":1333,\"caption\":\"Detente musculaire huile massage botanique medecine du papillon carre\"},{\"@type\":\"BreadcrumbList\",\"@id\":\"https:\/\/medecine-du-papillon.com\/produit\/detente-musclaire-massage\/#breadcrumb\",\"itemListElement\":[{\"@type\":\"ListItem\",\"position\":1,\"name\":\"Accueil\",\"item\":\"https:\/\/medecine-du-papillon.com\/\"},{\"@type\":\"ListItem\",\"position\":2,\"name\":\"Boutique\",\"item\":\"https:\/\/medecine-du-papillon.com\/boutique\/\"},{\"@type\":\"ListItem\",\"position\":3,\"name\":\"D\u00e9tente musculaire &#8211; Huile botanique massage\"}]},{\"@type\":\"WebSite\",\"@id\":\"https:\/\/medecine-du-papillon.com\/#website\",\"url\":\"https:\/\/medecine-du-papillon.com\/\",\"name\":\"M\u00e9decine du papillon\",\"description\":\"Retrouver votre bien-\u00eatre en vous accordant de doux moments via nos produits naturels.\",\"potentialAction\":[{\"@type\":\"SearchAction\",\"target\":{\"@type\":\"EntryPoint\",\"urlTemplate\":\"https:\/\/medecine-du-papillon.com\/?s={search_term_string}\"},\"query-input\":{\"@type\":\"PropertyValueSpecification\",\"valueRequired\":true,\"valueName\":\"search_term_string\"}}],\"inLanguage\":\"en-CA\"}]}<\/script>\n<!-- \/ Yoast SEO plugin. -->","yoast_head_json":{"title":"Muscle relaxation - Botanical massage oil \u00b7 Butterfly medicine","description":"Relieve your tense, tired and aching muscles with the Muscle Relaxation massage oil from M\u00e9decine du Papillon.","robots":{"index":"index","follow":"follow","max-snippet":"max-snippet:-1","max-image-preview":"max-image-preview:large","max-video-preview":"max-video-preview:-1"},"canonical":"https:\/\/medecine-du-papillon.com\/en\/product\/muscle-relaxation-massage\/","og_locale":"en_US","og_type":"article","og_title":"D\u00e9tente musculaire - Huile botanique massage &#183; M\u00e9decine du papillon","og_description":"Soulager vos muscles tendus, fatigu\u00e9s et courbatur\u00e9s, gr\u00e2ce \u00e0 l'huile de massage D\u00e9tente musculaire de M\u00e9decine du papillon.","og_url":"https:\/\/medecine-du-papillon.com\/en\/product\/muscle-relaxation-massage\/","og_site_name":"M\u00e9decine du papillon","article_modified_time":"2024-11-28T15:44:26+00:00","og_image":[{"width":1333,"height":1333,"url":"https:\/\/medecine-du-papillon.com\/wp-content\/uploads\/2022\/08\/Detente-musculaire-huile-massage-botanique-medecine-du-papillon-carre.jpg","type":"image\/jpeg"}],"twitter_card":"summary_large_image","twitter_misc":{"Est. reading time":"1 minute"},"schema":{"@context":"https:\/\/schema.org","@graph":[{"@type":"WebPage","@id":"https:\/\/medecine-du-papillon.com\/produit\/detente-musclaire-massage\/","url":"https:\/\/medecine-du-papillon.com\/produit\/detente-musclaire-massage\/","name":"Muscle relaxation - Botanical massage oil \u00b7 Butterfly medicine","isPartOf":{"@id":"https:\/\/medecine-du-papillon.com\/#website"},"primaryImageOfPage":{"@id":"https:\/\/medecine-du-papillon.com\/produit\/detente-musclaire-massage\/#primaryimage"},"image":{"@id":"https:\/\/medecine-du-papillon.com\/produit\/detente-musclaire-massage\/#primaryimage"},"thumbnailUrl":"https:\/\/i0.wp.com\/medecine-du-papillon.com\/wp-content\/uploads\/2022\/08\/Detente-musculaire-huile-massage-botanique-medecine-du-papillon-carre.jpg?fit=1333%2C1333&ssl=1","datePublished":"2023-06-12T01:37:16+00:00","dateModified":"2024-11-28T15:44:26+00:00","description":"Relieve your tense, tired and aching muscles with the Muscle Relaxation massage oil from M\u00e9decine du Papillon.","breadcrumb":{"@id":"https:\/\/medecine-du-papillon.com\/produit\/detente-musclaire-massage\/#breadcrumb"},"inLanguage":"en-CA","potentialAction":[{"@type":"ReadAction","target":["https:\/\/medecine-du-papillon.com\/produit\/detente-musclaire-massage\/"]}]},{"@type":"ImageObject","inLanguage":"en-CA","@id":"https:\/\/medecine-du-papillon.com\/produit\/detente-musclaire-massage\/#primaryimage","url":"https:\/\/i0.wp.com\/medecine-du-papillon.com\/wp-content\/uploads\/2022\/08\/Detente-musculaire-huile-massage-botanique-medecine-du-papillon-carre.jpg?fit=1333%2C1333&ssl=1","contentUrl":"https:\/\/i0.wp.com\/medecine-du-papillon.com\/wp-content\/uploads\/2022\/08\/Detente-musculaire-huile-massage-botanique-medecine-du-papillon-carre.jpg?fit=1333%2C1333&ssl=1","width":1333,"height":1333,"caption":"Detente musculaire huile massage botanique medecine du papillon carre"},{"@type":"BreadcrumbList","@id":"https:\/\/medecine-du-papillon.com\/produit\/detente-musclaire-massage\/#breadcrumb","itemListElement":[{"@type":"ListItem","position":1,"name":"Accueil","item":"https:\/\/medecine-du-papillon.com\/"},{"@type":"ListItem","position":2,"name":"Boutique","item":"https:\/\/medecine-du-papillon.com\/boutique\/"},{"@type":"ListItem","position":3,"name":"D\u00e9tente musculaire &#8211; Huile botanique massage"}]},{"@type":"WebSite","@id":"https:\/\/medecine-du-papillon.com\/#website","url":"https:\/\/medecine-du-papillon.com\/","name":"Butterfly Medicine","description":"Regain your well-being by treating yourself to sweet moments with our natural products.","potentialAction":[{"@type":"SearchAction","target":{"@type":"EntryPoint","urlTemplate":"https:\/\/medecine-du-papillon.com\/?s={search_term_string}"},"query-input":{"@type":"PropertyValueSpecification","valueRequired":true,"valueName":"search_term_string"}}],"inLanguage":"en-CA"}]}},"jetpack_publicize_connections":[],"jetpack-related-posts":[{"id":2363,"url":"https:\/\/medecine-du-papillon.com\/en\/product\/sweet-moons-botanical-oil-massage\/","url_meta":{"origin":2365,"position":0},"title":"Sweet moons \u2013 Botanical massage oil","author":"Lisa Bleuze","date":"","format":false,"excerpt":"L'exp\u00e9rience L\u2019huile botanique Douces lunes, parfait pour soulager et r\u00e9duire les crampes menstruelles lors des lunes et convient \u00e0 tous les types de peaux. \u00c7a sent Le basilic et l'huile de ricin Les bienfaits Antispasmodique Anti-inflammatoire Ingr\u00e9dients Mac\u00e9rats huileux d\u2019huile d\u2019olive biologique vierge press\u00e9e \u00e0 froid de millepertuis, d\u2019achill\u00e9e millefeuille,\u2026","rel":"","context":"Similar post","block_context":{"text":"Similar post","link":""},"img":{"alt_text":"Huile botanique menstruation olive bio cornaline mace\u0301ration massage millepertuis achillee millefeuille romarin huile de ricin camomille basilic vitamine E avant","src":"https:\/\/i0.wp.com\/medecine-du-papillon.com\/wp-content\/uploads\/2022\/08\/Huile-botanique-menstruation-olive-bio-cornaline-mace%CC%81ration-massage-millepertuis-achillee-millefeuille-romarin-huile-de-ricin-camomille-basilic-vitamine-E-avant.png?fit=1080%2C1080&ssl=1&resize=350%2C200","width":350,"height":200,"srcset":"https:\/\/i0.wp.com\/medecine-du-papillon.com\/wp-content\/uploads\/2022\/08\/Huile-botanique-menstruation-olive-bio-cornaline-mace%CC%81ration-massage-millepertuis-achillee-millefeuille-romarin-huile-de-ricin-camomille-basilic-vitamine-E-avant.png?fit=1080%2C1080&ssl=1&resize=350%2C200 1x, https:\/\/i0.wp.com\/medecine-du-papillon.com\/wp-content\/uploads\/2022\/08\/Huile-botanique-menstruation-olive-bio-cornaline-mace%CC%81ration-massage-millepertuis-achillee-millefeuille-romarin-huile-de-ricin-camomille-basilic-vitamine-E-avant.png?fit=1080%2C1080&ssl=1&resize=525%2C300 1.5x, https:\/\/i0.wp.com\/medecine-du-papillon.com\/wp-content\/uploads\/2022\/08\/Huile-botanique-menstruation-olive-bio-cornaline-mace%CC%81ration-massage-millepertuis-achillee-millefeuille-romarin-huile-de-ricin-camomille-basilic-vitamine-E-avant.png?fit=1080%2C1080&ssl=1&resize=700%2C400 2x, https:\/\/i0.wp.com\/medecine-du-papillon.com\/wp-content\/uploads\/2022\/08\/Huile-botanique-menstruation-olive-bio-cornaline-mace%CC%81ration-massage-millepertuis-achillee-millefeuille-romarin-huile-de-ricin-camomille-basilic-vitamine-E-avant.png?fit=1080%2C1080&ssl=1&resize=1050%2C600 3x"},"classes":[]},{"id":2364,"url":"https:\/\/medecine-du-papillon.com\/en\/product\/healing-botanical-oil-massage\/","url_meta":{"origin":2365,"position":1},"title":"Healing \u2013 Botanical massage oil","author":"Lisa Bleuze","date":"","format":false,"excerpt":"L\u2019huile botanique Cicatrisation est cicatrisante, anti-inflammatoire, analg\u00e9sique et antiseptique. Elle permet de soulager les blessures cicatrisant et d\u2019augmenter la rapidit\u00e9 de gu\u00e9rison et convient \u00e0 tous les types de peaux. L'exp\u00e9rience L\u2019huile de massage D\u00e9tente musculaire, parfait pour d\u00e9tendre les muscles tendus, fatigu\u00e9s et courbatur\u00e9s et convient \u00e0 tous les\u2026","rel":"","context":"Similar post","block_context":{"text":"Similar post","link":""},"img":{"alt_text":"Huile botanique cicatrisation olive bio quartz rose mace\u0301ration huileuse massage lavande centauree bleuet guimauve vitamine E Me\u0301decine du papillon","src":"https:\/\/i0.wp.com\/medecine-du-papillon.com\/wp-content\/uploads\/2022\/08\/Huile-botanique-cicatrisation-olive-bio-quartz-rose-mace%CC%81ration-huileuse-massage-lavande-centauree-bleuet-guimauve-vitamine-E-Me%CC%81decine-du-papillon.png?fit=1080%2C1080&ssl=1&resize=350%2C200","width":350,"height":200,"srcset":"https:\/\/i0.wp.com\/medecine-du-papillon.com\/wp-content\/uploads\/2022\/08\/Huile-botanique-cicatrisation-olive-bio-quartz-rose-mace%CC%81ration-huileuse-massage-lavande-centauree-bleuet-guimauve-vitamine-E-Me%CC%81decine-du-papillon.png?fit=1080%2C1080&ssl=1&resize=350%2C200 1x, https:\/\/i0.wp.com\/medecine-du-papillon.com\/wp-content\/uploads\/2022\/08\/Huile-botanique-cicatrisation-olive-bio-quartz-rose-mace%CC%81ration-huileuse-massage-lavande-centauree-bleuet-guimauve-vitamine-E-Me%CC%81decine-du-papillon.png?fit=1080%2C1080&ssl=1&resize=525%2C300 1.5x, https:\/\/i0.wp.com\/medecine-du-papillon.com\/wp-content\/uploads\/2022\/08\/Huile-botanique-cicatrisation-olive-bio-quartz-rose-mace%CC%81ration-huileuse-massage-lavande-centauree-bleuet-guimauve-vitamine-E-Me%CC%81decine-du-papillon.png?fit=1080%2C1080&ssl=1&resize=700%2C400 2x, https:\/\/i0.wp.com\/medecine-du-papillon.com\/wp-content\/uploads\/2022\/08\/Huile-botanique-cicatrisation-olive-bio-quartz-rose-mace%CC%81ration-huileuse-massage-lavande-centauree-bleuet-guimauve-vitamine-E-Me%CC%81decine-du-papillon.png?fit=1080%2C1080&ssl=1&resize=1050%2C600 3x"},"classes":[]},{"id":3572,"url":"https:\/\/medecine-du-papillon.com\/en\/product\/regenerating-facial-oil\/","url_meta":{"origin":2365,"position":2},"title":"Regenerating \u2013 Facial oil","author":"Lisa Bleuze","date":"","format":false,"excerpt":"L'exp\u00e9rience L\u2019huile R\u00e9g\u00e9n\u00e9rante pour le visage offre une hydratation profonde, des propri\u00e9t\u00e9s cicatrisantes, r\u00e9paratrices et anti-\u00e2ge. Elle convient \u00e0 tous les types de peau et p\u00e9n\u00e8tre rapidement sans laisser de film gras. Elle est compos\u00e9e d'huiles fines comme l'huile de jojoba. \u00c7a sent La calendule Les bienfaits R\u00e9gulation du s\u00e9bum\u2026","rel":"","context":"Similar post","block_context":{"text":"Similar post","link":""},"img":{"alt_text":"coffret personnalisable huile regenerante the de bain routine soin visage medecine du papillon","src":"https:\/\/i0.wp.com\/medecine-du-papillon.com\/wp-content\/uploads\/2023\/06\/coffret-personnalisable-huile-regenerante-the-de-bain-routine-soin-visage-medecine-du-papillon.jpg?fit=1200%2C1200&ssl=1&resize=350%2C200","width":350,"height":200,"srcset":"https:\/\/i0.wp.com\/medecine-du-papillon.com\/wp-content\/uploads\/2023\/06\/coffret-personnalisable-huile-regenerante-the-de-bain-routine-soin-visage-medecine-du-papillon.jpg?fit=1200%2C1200&ssl=1&resize=350%2C200 1x, https:\/\/i0.wp.com\/medecine-du-papillon.com\/wp-content\/uploads\/2023\/06\/coffret-personnalisable-huile-regenerante-the-de-bain-routine-soin-visage-medecine-du-papillon.jpg?fit=1200%2C1200&ssl=1&resize=525%2C300 1.5x, https:\/\/i0.wp.com\/medecine-du-papillon.com\/wp-content\/uploads\/2023\/06\/coffret-personnalisable-huile-regenerante-the-de-bain-routine-soin-visage-medecine-du-papillon.jpg?fit=1200%2C1200&ssl=1&resize=700%2C400 2x, https:\/\/i0.wp.com\/medecine-du-papillon.com\/wp-content\/uploads\/2023\/06\/coffret-personnalisable-huile-regenerante-the-de-bain-routine-soin-visage-medecine-du-papillon.jpg?fit=1200%2C1200&ssl=1&resize=1050%2C600 3x"},"classes":[]},{"id":1505,"url":"https:\/\/medecine-du-papillon.com\/en\/product\/muscle-relaxation-bath-tea\/","url_meta":{"origin":2365,"position":3},"title":"Muscle relaxation \u2013 Bath tea","author":"Lisa Bleuze","date":"","format":false,"excerpt":"L'exp\u00e9rience Le th\u00e9 de bain - D\u00e9tente musculaire, parfait pour r\u00e9duire les inflammations musculaires et articulaires, convient \u00e0 tous les types de peaux. \u00c7a sent La menthe poivr\u00e9e et le romarin Les bienfaits Soulage les douleurs arthritiques mineures R\u00e9duit la raideur et la douleur musculaires et articulaires Nettoie en profondeur\u2026","rel":"","context":"With 2 comments","block_context":{"text":"With 2 comments","link":"https:\/\/medecine-du-papillon.com\/en\/product\/muscle-relaxation-bath-tea\/#comments"},"img":{"alt_text":"The de bain sel de bain medecine du papillon DETENTE MUSCULAIRE CARREE HAUT","src":"https:\/\/i0.wp.com\/medecine-du-papillon.com\/wp-content\/uploads\/2022\/02\/The-de-bain-sel-de-bain-medecine-du-papillon-DETENTE-MUSCULAIRE-CARREE-HAUT.jpg?fit=1200%2C1200&ssl=1&resize=350%2C200","width":350,"height":200,"srcset":"https:\/\/i0.wp.com\/medecine-du-papillon.com\/wp-content\/uploads\/2022\/02\/The-de-bain-sel-de-bain-medecine-du-papillon-DETENTE-MUSCULAIRE-CARREE-HAUT.jpg?fit=1200%2C1200&ssl=1&resize=350%2C200 1x, https:\/\/i0.wp.com\/medecine-du-papillon.com\/wp-content\/uploads\/2022\/02\/The-de-bain-sel-de-bain-medecine-du-papillon-DETENTE-MUSCULAIRE-CARREE-HAUT.jpg?fit=1200%2C1200&ssl=1&resize=525%2C300 1.5x, https:\/\/i0.wp.com\/medecine-du-papillon.com\/wp-content\/uploads\/2022\/02\/The-de-bain-sel-de-bain-medecine-du-papillon-DETENTE-MUSCULAIRE-CARREE-HAUT.jpg?fit=1200%2C1200&ssl=1&resize=700%2C400 2x, https:\/\/i0.wp.com\/medecine-du-papillon.com\/wp-content\/uploads\/2022\/02\/The-de-bain-sel-de-bain-medecine-du-papillon-DETENTE-MUSCULAIRE-CARREE-HAUT.jpg?fit=1200%2C1200&ssl=1&resize=1050%2C600 3x"},"classes":[]},{"id":1513,"url":"https:\/\/medecine-du-papillon.com\/en\/product\/softness-sensitive-and-irritated-skin\/","url_meta":{"origin":2365,"position":4},"title":"Gentle sensitive skin \u2013 Bath tea","author":"Lisa Bleuze","date":"","format":false,"excerpt":"L'exp\u00e9rience Le th\u00e9 de bain - Douceur peau sensible, parfait pour cicatriser et apaiser les peaux sensibles. \u00c7a sent La calendule et la rose Bienfaits Hydrate la peau Apaise les peaux irrit\u00e9es, sensibles Nettoie en profondeur les pores de la peau Aide la cicatrisation la peau Ingr\u00e9dients Rose, calendula, achill\u00e9e\u2026","rel":"","context":"With 1 comment","block_context":{"text":"With 1 comment","link":"https:\/\/medecine-du-papillon.com\/en\/product\/softness-sensitive-and-irritated-skin\/#comments"},"img":{"alt_text":"The de bain sel de bain medecine du papillon DOUCEUR PEAU SENSIBLE CARREE HAUTt","src":"https:\/\/i0.wp.com\/medecine-du-papillon.com\/wp-content\/uploads\/2022\/02\/The-de-bain-sel-de-bain-medecine-du-papillon-DOUCEUR-PEAU-SENSIBLE-CARREE-HAUTt.jpg?fit=1101%2C1101&ssl=1&resize=350%2C200","width":350,"height":200,"srcset":"https:\/\/i0.wp.com\/medecine-du-papillon.com\/wp-content\/uploads\/2022\/02\/The-de-bain-sel-de-bain-medecine-du-papillon-DOUCEUR-PEAU-SENSIBLE-CARREE-HAUTt.jpg?fit=1101%2C1101&ssl=1&resize=350%2C200 1x, https:\/\/i0.wp.com\/medecine-du-papillon.com\/wp-content\/uploads\/2022\/02\/The-de-bain-sel-de-bain-medecine-du-papillon-DOUCEUR-PEAU-SENSIBLE-CARREE-HAUTt.jpg?fit=1101%2C1101&ssl=1&resize=525%2C300 1.5x, https:\/\/i0.wp.com\/medecine-du-papillon.com\/wp-content\/uploads\/2022\/02\/The-de-bain-sel-de-bain-medecine-du-papillon-DOUCEUR-PEAU-SENSIBLE-CARREE-HAUTt.jpg?fit=1101%2C1101&ssl=1&resize=700%2C400 2x, https:\/\/i0.wp.com\/medecine-du-papillon.com\/wp-content\/uploads\/2022\/02\/The-de-bain-sel-de-bain-medecine-du-papillon-DOUCEUR-PEAU-SENSIBLE-CARREE-HAUTt.jpg?fit=1101%2C1101&ssl=1&resize=1050%2C600 3x"},"classes":[]},{"id":2173,"url":"https:\/\/medecine-du-papillon.com\/en\/product\/gentle-calendula-mask-for-normal-or-dry-skin\/","url_meta":{"origin":2365,"position":5},"title":"Calendula Gentle Mask \u2014 Normal or dry skin","author":"Lisa Bleuze","date":"","format":false,"excerpt":"L'exp\u00e9rience Le masque Douce calendula, parfait pour peaux normales, sensibles ou s\u00e8ches. Un voyage dans les champs de camomille, un vent de douceur. \u00c7a sent La camomille et la calendule Les bienfaits R\u00e9g\u00e9n\u00e8re la peau Tonifie la peau Adoucis la peau R\u00e9duit les rougeurs et les d\u00e9mangeaisons Au revoir peau\u2026","rel":"","context":"Similar post","block_context":{"text":"Similar post","link":""},"img":{"alt_text":"Masque a\u0300 la douce calendule clay pink mask\u2014 Peaux normales ou se\u0300ches MINI 2 Me\u0301decine du papillon Montreal","src":"https:\/\/i0.wp.com\/medecine-du-papillon.com\/wp-content\/uploads\/2022\/05\/Masque-a%CC%80-la-douce-calendule-clay-pink-mask%E2%80%94-Peaux-normales-ou-se%CC%80ches-MINI-2-Me%CC%81decine-du-papillon-Montreal.png?fit=1080%2C1080&ssl=1&resize=350%2C200","width":350,"height":200,"srcset":"https:\/\/i0.wp.com\/medecine-du-papillon.com\/wp-content\/uploads\/2022\/05\/Masque-a%CC%80-la-douce-calendule-clay-pink-mask%E2%80%94-Peaux-normales-ou-se%CC%80ches-MINI-2-Me%CC%81decine-du-papillon-Montreal.png?fit=1080%2C1080&ssl=1&resize=350%2C200 1x, https:\/\/i0.wp.com\/medecine-du-papillon.com\/wp-content\/uploads\/2022\/05\/Masque-a%CC%80-la-douce-calendule-clay-pink-mask%E2%80%94-Peaux-normales-ou-se%CC%80ches-MINI-2-Me%CC%81decine-du-papillon-Montreal.png?fit=1080%2C1080&ssl=1&resize=525%2C300 1.5x, https:\/\/i0.wp.com\/medecine-du-papillon.com\/wp-content\/uploads\/2022\/05\/Masque-a%CC%80-la-douce-calendule-clay-pink-mask%E2%80%94-Peaux-normales-ou-se%CC%80ches-MINI-2-Me%CC%81decine-du-papillon-Montreal.png?fit=1080%2C1080&ssl=1&resize=700%2C400 2x, https:\/\/i0.wp.com\/medecine-du-papillon.com\/wp-content\/uploads\/2022\/05\/Masque-a%CC%80-la-douce-calendule-clay-pink-mask%E2%80%94-Peaux-normales-ou-se%CC%80ches-MINI-2-Me%CC%81decine-du-papillon-Montreal.png?fit=1080%2C1080&ssl=1&resize=1050%2C600 3x"},"classes":[]}],"jetpack_sharing_enabled":true,"_links":{"self":[{"href":"https:\/\/medecine-du-papillon.com\/en\/wp-json\/wp\/v2\/product\/2365","targetHints":{"allow":["GET"]}}],"collection":[{"href":"https:\/\/medecine-du-papillon.com\/en\/wp-json\/wp\/v2\/product"}],"about":[{"href":"https:\/\/medecine-du-papillon.com\/en\/wp-json\/wp\/v2\/types\/product"}],"replies":[{"embeddable":true,"href":"https:\/\/medecine-du-papillon.com\/en\/wp-json\/wp\/v2\/comments?post=2365"}],"wp:featuredmedia":[{"embeddable":true,"href":"https:\/\/medecine-du-papillon.com\/en\/wp-json\/wp\/v2\/media\/3567"}],"wp:attachment":[{"href":"https:\/\/medecine-du-papillon.com\/en\/wp-json\/wp\/v2\/media?parent=2365"}],"wp:term":[{"taxonomy":"product_brand","embeddable":true,"href":"https:\/\/medecine-du-papillon.com\/en\/wp-json\/wp\/v2\/product_brand?post=2365"},{"taxonomy":"product_cat","embeddable":true,"href":"https:\/\/medecine-du-papillon.com\/en\/wp-json\/wp\/v2\/product_cat?post=2365"},{"taxonomy":"product_tag","embeddable":true,"href":"https:\/\/medecine-du-papillon.com\/en\/wp-json\/wp\/v2\/product_tag?post=2365"},{"taxonomy":"giftcard-category","embeddable":true,"href":"https:\/\/medecine-du-papillon.com\/en\/wp-json\/wp\/v2\/giftcard-category?post=2365"}],"curies":[{"name":"wp","href":"https:\/\/api.w.org\/{rel}","templated":true}]}}