{"id":2658,"date":"2023-02-03T17:23:10","date_gmt":"2023-02-03T22:23:10","guid":{"rendered":"https:\/\/medecine-du-papillon.com\/?post_type=product&#038;p=2658"},"modified":"2024-12-10T23:00:34","modified_gmt":"2024-12-11T04:00:34","slug":"bouillotte-seche","status":"publish","type":"product","link":"https:\/\/medecine-du-papillon.com\/en\/product\/dry-hot-water-bottle\/","title":{"rendered":"Magic flower bag - hot &amp; cold compresses"},"content":{"rendered":"<p>[et_pb_section fb_built=\u00a0\u00bb1&Prime; _builder_version=\u00a0\u00bb4.16&Prime; custom_padding=\u00a0\u00bb0px||||false|false\u00a0\u00bb global_colors_info=\u00a0\u00bb{}\u00a0\u00bb][et_pb_row _builder_version=\u00a0\u00bb4.16&Prime; background_size=\u00a0\u00bbinitial\u00a0\u00bb background_position=\u00a0\u00bbtop_left\u00a0\u00bb background_repeat=\u00a0\u00bbrepeat\u00a0\u00bb width=\u00a0\u00bb100%\u00a0\u00bb custom_padding=\u00a0\u00bb0px||0px||false|false\u00a0\u00bb global_colors_info=\u00a0\u00bb{}\u00a0\u00bb][et_pb_column type=\u00a0\u00bb4_4&Prime; _builder_version=\u00a0\u00bb4.16&Prime; custom_padding=\u00a0\u00bb|||\u00a0\u00bb global_colors_info=\u00a0\u00bb{}\u00a0\u00bb custom_padding__hover=\u00a0\u00bb|||\u00a0\u00bb][et_pb_wc_breadcrumb _builder_version=\u00a0\u00bb4.16&Prime; global_colors_info=\u00a0\u00bb{}\u00a0\u00bb][\/et_pb_wc_breadcrumb][et_pb_wc_cart_notice _builder_version=\u00a0\u00bb4.16&Prime; global_colors_info=\u00a0\u00bb{}\u00a0\u00bb][\/et_pb_wc_cart_notice][\/et_pb_column][\/et_pb_row][et_pb_row column_structure=\u00a0\u00bb1_2,1_2&Prime; _builder_version=\u00a0\u00bb4.16&Prime; background_size=\u00a0\u00bbinitial\u00a0\u00bb background_position=\u00a0\u00bbtop_left\u00a0\u00bb background_repeat=\u00a0\u00bbrepeat\u00a0\u00bb width=\u00a0\u00bb100%\u00a0\u00bb custom_padding=\u00a0\u00bb0px||||false|false\u00a0\u00bb global_colors_info=\u00a0\u00bb{}\u00a0\u00bb][et_pb_column type=\u00a0\u00bb1_2&Prime; _builder_version=\u00a0\u00bb4.16&Prime; custom_padding=\u00a0\u00bb|||\u00a0\u00bb global_colors_info=\u00a0\u00bb{}\u00a0\u00bb custom_padding__hover=\u00a0\u00bb|||\u00a0\u00bb][et_pb_wc_images _builder_version=\u00a0\u00bb4.16&Prime; global_colors_info=\u00a0\u00bb{}\u00a0\u00bb][\/et_pb_wc_images][\/et_pb_column][et_pb_column type=\u00a0\u00bb1_2&Prime; _builder_version=\u00a0\u00bb4.16&Prime; custom_padding=\u00a0\u00bb|||\u00a0\u00bb global_colors_info=\u00a0\u00bb{}\u00a0\u00bb custom_padding__hover=\u00a0\u00bb|||\u00a0\u00bb][et_pb_wc_title _builder_version=\u00a0\u00bb4.16&Prime; global_colors_info=\u00a0\u00bb{}\u00a0\u00bb][\/et_pb_wc_title][et_pb_wc_rating _builder_version=\u00a0\u00bb4.16&Prime; global_colors_info=\u00a0\u00bb{}\u00a0\u00bb][\/et_pb_wc_rating][et_pb_wc_price _builder_version=\u00a0\u00bb4.16&Prime; global_colors_info=\u00a0\u00bb{}\u00a0\u00bb][\/et_pb_wc_price][et_pb_wc_description _builder_version=\u00a0\u00bb4.16&Prime; global_colors_info=\u00a0\u00bb{}\u00a0\u00bb][\/et_pb_wc_description][et_pb_wc_description _builder_version=\u00a0\u00bb4.16&Prime; global_colors_info=\u00a0\u00bb{}\u00a0\u00bb][\/et_pb_wc_description][et_pb_wc_description _builder_version=\u00a0\u00bb4.16&Prime; global_colors_info=\u00a0\u00bb{}\u00a0\u00bb][\/et_pb_wc_description][et_pb_wc_add_to_cart _builder_version=\u00a0\u00bb4.16&Prime; global_colors_info=\u00a0\u00bb{}\u00a0\u00bb][\/et_pb_wc_add_to_cart][et_pb_wc_meta _builder_version=\u00a0\u00bb4.16&Prime; global_colors_info=\u00a0\u00bb{}\u00a0\u00bb][\/et_pb_wc_meta][\/et_pb_column][\/et_pb_row][et_pb_row _builder_version=\u00a0\u00bb4.16&Prime; background_size=\u00a0\u00bbinitial\u00a0\u00bb background_position=\u00a0\u00bbtop_left\u00a0\u00bb background_repeat=\u00a0\u00bbrepeat\u00a0\u00bb width=\u00a0\u00bb100%\u00a0\u00bb global_colors_info=\u00a0\u00bb{}\u00a0\u00bb][et_pb_column type=\u00a0\u00bb4_4&Prime; _builder_version=\u00a0\u00bb4.16&Prime; custom_padding=\u00a0\u00bb|||\u00a0\u00bb global_colors_info=\u00a0\u00bb{}\u00a0\u00bb custom_padding__hover=\u00a0\u00bb|||\u00a0\u00bb][et_pb_wc_tabs _builder_version=\u00a0\u00bb4.16&Prime; global_colors_info=\u00a0\u00bb{}\u00a0\u00bb] [\/et_pb_wc_tabs][et_pb_wc_upsells _builder_version=\u00a0\u00bb4.16&Prime; global_colors_info=\u00a0\u00bb{}\u00a0\u00bb][\/et_pb_wc_upsells][et_pb_wc_related_products _builder_version=\u00a0\u00bb4.16&Prime; global_colors_info=\u00a0\u00bb{}\u00a0\u00bb][\/et_pb_wc_related_products][\/et_pb_column][\/et_pb_row][\/et_pb_section]<\/p>\n","protected":false},"excerpt":{"rendered":"<div class=\"et_pb_module et_pb_wc_description et_pb_wc_description_0_tb_body et_pb_bg_layout_light et_pb_text_align_left\">\n<div class=\"et_pb_module_inner\">\n<p><span style=\"text-decoration: underline;\"><strong>The experience<\/strong><\/span><br \/>\nThe dry hot water bottle, the magic flower bag or also called the relaxing eye pillow, perfect for relaxing the mind and body. Rest peacefully thanks to the weight of cereals and the comforting and calming scent of dried flowers.<\/p>\n<p><span style=\"text-decoration: underline;\"><strong>It smells<\/strong><\/span><br \/>\nChamomile and\/or lavender<\/p>\n<p><span style=\"text-decoration: underline;\"><strong>The benefits<\/strong><\/span><\/p>\n<ul>\n<li>Promotes sleep<\/li>\n<li><strong>Soothes<\/strong> the effects of the<strong>anxiety and <\/strong>of <strong>stress<\/strong><\/li>\n<li>Reduces headaches<\/li>\n<li>Reduces muscle and joint stiffness and pain<\/li>\n<li>Reduces menstrual cramps<\/li>\n<\/ul>\n<p><strong><span style=\"text-decoration: underline;\">Ingredients<\/span><br \/>\n<\/strong>Canadian organic oat grains, dried lavender and chamomile flowers, semi-precious stone of Rose Quartz<\/p>\n<p><span style=\"text-decoration: underline;\"><strong>Use<\/strong><\/span><br \/>\nPlace this light pressure and temperature on your eyes, your cramps, your muscle pain or your inflammation and find relief and serenity. It will accompany you in your daily life: your relaxation, your sleep, your menstruation, after screen time or a sports session...<\/p>\n<\/div>\n<\/div>","protected":false},"featured_media":2689,"comment_status":"open","ping_status":"closed","template":"","meta":{"_et_pb_use_builder":"on","_et_pb_old_content":"Cet oreiller compos\u00e9 de\u00a0<strong>grains d'avoine<\/strong><strong> biologiques, <\/strong>de vos <strong>fleurs s\u00e9ch\u00e9es<\/strong> pr\u00e9f\u00e9r\u00e9es, la <strong>camomille<\/strong> et la <strong>lavande, <\/strong>et de la <strong>pierre semi-pr\u00e9cieuse Quartz rose<\/strong>.\r\n\r\nChaque oreiller est livr\u00e9 avec une <strong>housse amovible<\/strong> et lavable en machine. Son <strong>tissu<\/strong> est <strong>doux<\/strong> : coton et chanvre <strong>biologiques<\/strong> certifi\u00e9 \u00e0 100% et les teintures <strong>\u00e9coresponsables<\/strong>. Ils sont con\u00e7us de mani\u00e8re <strong>\u00e9thique<\/strong> et <strong>responsable<\/strong>. Parfaitement adapt\u00e9e pour les peaux sensibles.\r\n\r\n<strong>Utilisation :\r\n<\/strong><span class=\"S1PPyQ\">Placez-le sur vos yeux pour vous aider \u00e0 vous reposer ou \u00e0 m\u00e9diter. Calme et apaise gr\u00e2ce \u00e0 son poids.\r\nPlacez-le sur votre dos, bas-ventre ou vos \u00e9paules pour diminuer vos inflammations, crampes ou douleurs musculaires.\r\nProfitez du parfum r\u00e9confortant et calmant des fleurs s\u00e9ch\u00e9es.<\/span>\r\n\r\n<span class=\"S1PPyQ\"><strong>S'utilise chaud ou froid :<\/strong>\r\n<\/span><span class=\"S1PPyQ\">Chauffez-le<\/span><span class=\"S1PPyQ\"> dans un four \u00e0 micro-ondes propre par intervalles de 15 secondes jusqu'\u00e0 ce que la temp\u00e9rature soit confortable au toucher de la peau. L'oreiller doit seulement \u00eatre chauff\u00e9 \u00e0 partir de la temp\u00e9rature ambiante. Maximum de trois fois par jour afin que les grains d\u2019avoine aient le temps de retrouver leur taux d\u2019humidit\u00e9 naturel. Apaise les crampes ou les douleurs musculaires.\r\n<\/span><span class=\"S1PPyQ\">R\u00e9frig\u00e9rez-le<\/span><span class=\"S1PPyQ\"> au cong\u00e9lateur, pendant 3 heures, dans un sac de plastique, pour ensuite profiter du soulagement procur\u00e9 par un doux froid. Diminue les inflammations.<\/span>\r\n\r\n<strong>Entretien :\r\n<\/strong><span class=\"S1PPyQ\">Retirez la taie d\u2019oreiller. Lavez la taie d\u2019oreiller en machine \u00e0 l\u2019eau froide et au cycle d\u00e9licat avec des couleurs similaires. S\u00e9chez-la \u00e0 plat.<\/span>\r\n<p class=\"_04xlpA direction-ltr align-start para-style-body\"><span class=\"S1PPyQ\">Conservez l\u2019oreiller dans un endroit frais et sec. Ne pas mouiller l'oreiller.<\/span><\/p>\r\n<p class=\"_04xlpA direction-ltr align-center para-style-body\"><span class=\"S1PPyQ\"><span style=\"text-decoration: underline\">Housse amovible et lavable en machine :<\/span>\r\n<\/span><span class=\"S1PPyQ\">Son tissu est doux : chanvre et coton biologiques certifi\u00e9s \u00e0 100% et les teintures \u00e9coresponsables. Ils sont con\u00e7us de mani\u00e8re \u00e9thique et responsable. Parfaitement adapt\u00e9 pour les peaux sensibles.<\/span><\/p>\r\n<p class=\"_04xlpA direction-ltr align-center para-style-body\"><span class=\"S1PPyQ\"><span style=\"text-decoration: underline\">Apr\u00e8s 100 utilisations ou une ann\u00e9e d\u2019utilisation :<\/span>\r\n<\/span><span class=\"S1PPyQ\">Il est peut-\u00eatre temps de composter les grains se trouvant \u00e0 l\u2019int\u00e9rieur de l'oreiller et d\u2019en acheter un nouveau. Effectivement, la c\u00e9r\u00e9ale aura perdu sa capacit\u00e9 de r\u00e9tention de la chaleur.<\/span><\/p>\r\n<strong>D\u00e9tails :<\/strong>\r\n- Les huiles essentielles ne sont pas utilis\u00e9es.\r\n- Tous nos emballages sont 100% recyclables ou biod\u00e9gradables !\r\n-<strong> L\u2019oreiller et la housse d\u2019oreiller sont cousus par M\u00e9decine du papillon \u00e0 Montr\u00e9al.<\/strong>","_et_gb_content_width":"","_exactmetrics_skip_tracking":false,"_exactmetrics_sitenote_active":false,"_exactmetrics_sitenote_note":"","_exactmetrics_sitenote_category":0,"jetpack_post_was_ever_published":false,"jetpack_publicize_message":"","jetpack_publicize_feature_enabled":true,"jetpack_social_post_already_shared":true,"jetpack_social_options":{"image_generator_settings":{"template":"highway","default_image_id":0,"font":"","enabled":false},"version":2}},"product_brand":[],"product_cat":[90],"product_tag":[43,41,39,40,38,37,91],"giftcard-category":[],"class_list":{"0":"post-2658","1":"product","2":"type-product","3":"status-publish","4":"has-post-thumbnail","6":"product_cat-bouillotte-seche","7":"product_tag-menstruation","8":"product_tag-muscles","9":"product_tag-peau-grasse","10":"product_tag-peau-mixte","11":"product_tag-peau-normale","12":"product_tag-peau-seche","13":"product_tag-sport","15":"first","16":"instock","17":"sale","18":"shipping-taxable","19":"purchasable","20":"product-type-variable","21":"has-default-attributes"},"yoast_head":"<!-- This site is optimized with the Yoast SEO plugin v23.9 - https:\/\/yoast.com\/wordpress\/plugins\/seo\/ -->\n<title>Bouillotte s\u00e8che - Sac magique aux fleurs &#183; M\u00e9decine du papillon<\/title>\n<meta name=\"description\" content=\"D\u00e9couvrez votre nouveau compagnon r\u00e9confortant : la Bouillotte s\u00e8che remplie de grains d&#039;avoine biologiques, de fleurs s\u00e9ch\u00e9es !\" \/>\n<meta name=\"robots\" content=\"index, follow, max-snippet:-1, max-image-preview:large, max-video-preview:-1\" \/>\n<link rel=\"canonical\" href=\"https:\/\/medecine-du-papillon.com\/en\/product\/dry-hot-water-bottle\/\" \/>\n<meta property=\"og:locale\" content=\"en_US\" \/>\n<meta property=\"og:type\" content=\"article\" \/>\n<meta property=\"og:title\" content=\"Bouillotte s\u00e8che - Sac magique aux fleurs &#183; M\u00e9decine du papillon\" \/>\n<meta property=\"og:description\" content=\"D\u00e9couvrez votre nouveau compagnon r\u00e9confortant : la Bouillotte s\u00e8che remplie de grains d&#039;avoine biologiques, de fleurs s\u00e9ch\u00e9es !\" \/>\n<meta property=\"og:url\" content=\"https:\/\/medecine-du-papillon.com\/en\/product\/dry-hot-water-bottle\/\" \/>\n<meta property=\"og:site_name\" content=\"M\u00e9decine du papillon\" \/>\n<meta property=\"article:modified_time\" content=\"2024-12-11T04:00:34+00:00\" \/>\n<meta property=\"og:image\" content=\"https:\/\/medecine-du-papillon.com\/wp-content\/uploads\/2023\/02\/oreillers-biaisMedecine-du-papillon-Bouillotte-seche-oreiller-relaxant-sac-magique-scaled-e1718151457184.jpg\" \/>\n\t<meta property=\"og:image:width\" content=\"1774\" \/>\n\t<meta property=\"og:image:height\" content=\"1774\" \/>\n\t<meta property=\"og:image:type\" content=\"image\/jpeg\" \/>\n<meta name=\"twitter:card\" content=\"summary_large_image\" \/>\n<meta name=\"twitter:label1\" content=\"Est. reading time\" \/>\n\t<meta name=\"twitter:data1\" content=\"5 minutes\" \/>\n<script type=\"application\/ld+json\" class=\"yoast-schema-graph\">{\"@context\":\"https:\/\/schema.org\",\"@graph\":[{\"@type\":\"WebPage\",\"@id\":\"https:\/\/medecine-du-papillon.com\/produit\/bouillotte-seche\/\",\"url\":\"https:\/\/medecine-du-papillon.com\/produit\/bouillotte-seche\/\",\"name\":\"Bouillotte s\u00e8che - Sac magique aux fleurs &#183; M\u00e9decine du papillon\",\"isPartOf\":{\"@id\":\"https:\/\/medecine-du-papillon.com\/#website\"},\"primaryImageOfPage\":{\"@id\":\"https:\/\/medecine-du-papillon.com\/produit\/bouillotte-seche\/#primaryimage\"},\"image\":{\"@id\":\"https:\/\/medecine-du-papillon.com\/produit\/bouillotte-seche\/#primaryimage\"},\"thumbnailUrl\":\"https:\/\/i0.wp.com\/medecine-du-papillon.com\/wp-content\/uploads\/2023\/02\/oreillers-biaisMedecine-du-papillon-Bouillotte-seche-oreiller-relaxant-sac-magique-scaled-e1718151457184.jpg?fit=1774%2C1774&ssl=1\",\"datePublished\":\"2023-02-03T22:23:10+00:00\",\"dateModified\":\"2024-12-11T04:00:34+00:00\",\"description\":\"D\u00e9couvrez votre nouveau compagnon r\u00e9confortant : la Bouillotte s\u00e8che remplie de grains d'avoine biologiques, de fleurs s\u00e9ch\u00e9es !\",\"breadcrumb\":{\"@id\":\"https:\/\/medecine-du-papillon.com\/produit\/bouillotte-seche\/#breadcrumb\"},\"inLanguage\":\"en-CA\",\"potentialAction\":[{\"@type\":\"ReadAction\",\"target\":[\"https:\/\/medecine-du-papillon.com\/produit\/bouillotte-seche\/\"]}]},{\"@type\":\"ImageObject\",\"inLanguage\":\"en-CA\",\"@id\":\"https:\/\/medecine-du-papillon.com\/produit\/bouillotte-seche\/#primaryimage\",\"url\":\"https:\/\/i0.wp.com\/medecine-du-papillon.com\/wp-content\/uploads\/2023\/02\/oreillers-biaisMedecine-du-papillon-Bouillotte-seche-oreiller-relaxant-sac-magique-scaled-e1718151457184.jpg?fit=1774%2C1774&ssl=1\",\"contentUrl\":\"https:\/\/i0.wp.com\/medecine-du-papillon.com\/wp-content\/uploads\/2023\/02\/oreillers-biaisMedecine-du-papillon-Bouillotte-seche-oreiller-relaxant-sac-magique-scaled-e1718151457184.jpg?fit=1774%2C1774&ssl=1\",\"width\":1774,\"height\":1774,\"caption\":\"oreillers biaisMedecine du papillon Bouillotte seche oreiller relaxant sac magique scaled\"},{\"@type\":\"BreadcrumbList\",\"@id\":\"https:\/\/medecine-du-papillon.com\/produit\/bouillotte-seche\/#breadcrumb\",\"itemListElement\":[{\"@type\":\"ListItem\",\"position\":1,\"name\":\"Accueil\",\"item\":\"https:\/\/medecine-du-papillon.com\/\"},{\"@type\":\"ListItem\",\"position\":2,\"name\":\"Boutique\",\"item\":\"https:\/\/medecine-du-papillon.com\/boutique\/\"},{\"@type\":\"ListItem\",\"position\":3,\"name\":\"Bouillotte s\u00e8che &#8211; Sac magique aux fleurs\"}]},{\"@type\":\"WebSite\",\"@id\":\"https:\/\/medecine-du-papillon.com\/#website\",\"url\":\"https:\/\/medecine-du-papillon.com\/\",\"name\":\"M\u00e9decine du papillon\",\"description\":\"Retrouver votre bien-\u00eatre en vous accordant de doux moments via nos produits naturels.\",\"potentialAction\":[{\"@type\":\"SearchAction\",\"target\":{\"@type\":\"EntryPoint\",\"urlTemplate\":\"https:\/\/medecine-du-papillon.com\/?s={search_term_string}\"},\"query-input\":{\"@type\":\"PropertyValueSpecification\",\"valueRequired\":true,\"valueName\":\"search_term_string\"}}],\"inLanguage\":\"en-CA\"}]}<\/script>\n<!-- \/ Yoast SEO plugin. -->","yoast_head_json":{"title":"Dry hot water bottle - Magic flower bag \u00b7 Butterfly medicine","description":"Discover your new comforting companion: the dry hot water bottle filled with organic oat grains and dried flowers!","robots":{"index":"index","follow":"follow","max-snippet":"max-snippet:-1","max-image-preview":"max-image-preview:large","max-video-preview":"max-video-preview:-1"},"canonical":"https:\/\/medecine-du-papillon.com\/en\/product\/dry-hot-water-bottle\/","og_locale":"en_US","og_type":"article","og_title":"Bouillotte s\u00e8che - Sac magique aux fleurs &#183; M\u00e9decine du papillon","og_description":"D\u00e9couvrez votre nouveau compagnon r\u00e9confortant : la Bouillotte s\u00e8che remplie de grains d'avoine biologiques, de fleurs s\u00e9ch\u00e9es !","og_url":"https:\/\/medecine-du-papillon.com\/en\/product\/dry-hot-water-bottle\/","og_site_name":"M\u00e9decine du papillon","article_modified_time":"2024-12-11T04:00:34+00:00","og_image":[{"width":1774,"height":1774,"url":"https:\/\/medecine-du-papillon.com\/wp-content\/uploads\/2023\/02\/oreillers-biaisMedecine-du-papillon-Bouillotte-seche-oreiller-relaxant-sac-magique-scaled-e1718151457184.jpg","type":"image\/jpeg"}],"twitter_card":"summary_large_image","twitter_misc":{"Est. reading time":"5 minutes"},"schema":{"@context":"https:\/\/schema.org","@graph":[{"@type":"WebPage","@id":"https:\/\/medecine-du-papillon.com\/produit\/bouillotte-seche\/","url":"https:\/\/medecine-du-papillon.com\/produit\/bouillotte-seche\/","name":"Dry hot water bottle - Magic flower bag \u00b7 Butterfly medicine","isPartOf":{"@id":"https:\/\/medecine-du-papillon.com\/#website"},"primaryImageOfPage":{"@id":"https:\/\/medecine-du-papillon.com\/produit\/bouillotte-seche\/#primaryimage"},"image":{"@id":"https:\/\/medecine-du-papillon.com\/produit\/bouillotte-seche\/#primaryimage"},"thumbnailUrl":"https:\/\/i0.wp.com\/medecine-du-papillon.com\/wp-content\/uploads\/2023\/02\/oreillers-biaisMedecine-du-papillon-Bouillotte-seche-oreiller-relaxant-sac-magique-scaled-e1718151457184.jpg?fit=1774%2C1774&ssl=1","datePublished":"2023-02-03T22:23:10+00:00","dateModified":"2024-12-11T04:00:34+00:00","description":"Discover your new comforting companion: the dry hot water bottle filled with organic oat grains and dried flowers!","breadcrumb":{"@id":"https:\/\/medecine-du-papillon.com\/produit\/bouillotte-seche\/#breadcrumb"},"inLanguage":"en-CA","potentialAction":[{"@type":"ReadAction","target":["https:\/\/medecine-du-papillon.com\/produit\/bouillotte-seche\/"]}]},{"@type":"ImageObject","inLanguage":"en-CA","@id":"https:\/\/medecine-du-papillon.com\/produit\/bouillotte-seche\/#primaryimage","url":"https:\/\/i0.wp.com\/medecine-du-papillon.com\/wp-content\/uploads\/2023\/02\/oreillers-biaisMedecine-du-papillon-Bouillotte-seche-oreiller-relaxant-sac-magique-scaled-e1718151457184.jpg?fit=1774%2C1774&ssl=1","contentUrl":"https:\/\/i0.wp.com\/medecine-du-papillon.com\/wp-content\/uploads\/2023\/02\/oreillers-biaisMedecine-du-papillon-Bouillotte-seche-oreiller-relaxant-sac-magique-scaled-e1718151457184.jpg?fit=1774%2C1774&ssl=1","width":1774,"height":1774,"caption":"oreillers biaisMedecine du papillon Bouillotte seche oreiller relaxant sac magique scaled"},{"@type":"BreadcrumbList","@id":"https:\/\/medecine-du-papillon.com\/produit\/bouillotte-seche\/#breadcrumb","itemListElement":[{"@type":"ListItem","position":1,"name":"Accueil","item":"https:\/\/medecine-du-papillon.com\/"},{"@type":"ListItem","position":2,"name":"Boutique","item":"https:\/\/medecine-du-papillon.com\/boutique\/"},{"@type":"ListItem","position":3,"name":"Bouillotte s\u00e8che &#8211; Sac magique aux fleurs"}]},{"@type":"WebSite","@id":"https:\/\/medecine-du-papillon.com\/#website","url":"https:\/\/medecine-du-papillon.com\/","name":"Butterfly Medicine","description":"Regain your well-being by treating yourself to sweet moments with our natural products.","potentialAction":[{"@type":"SearchAction","target":{"@type":"EntryPoint","urlTemplate":"https:\/\/medecine-du-papillon.com\/?s={search_term_string}"},"query-input":{"@type":"PropertyValueSpecification","valueRequired":true,"valueName":"search_term_string"}}],"inLanguage":"en-CA"}]}},"jetpack_publicize_connections":[],"jetpack-related-posts":[],"jetpack_sharing_enabled":true,"_links":{"self":[{"href":"https:\/\/medecine-du-papillon.com\/en\/wp-json\/wp\/v2\/product\/2658","targetHints":{"allow":["GET"]}}],"collection":[{"href":"https:\/\/medecine-du-papillon.com\/en\/wp-json\/wp\/v2\/product"}],"about":[{"href":"https:\/\/medecine-du-papillon.com\/en\/wp-json\/wp\/v2\/types\/product"}],"replies":[{"embeddable":true,"href":"https:\/\/medecine-du-papillon.com\/en\/wp-json\/wp\/v2\/comments?post=2658"}],"wp:featuredmedia":[{"embeddable":true,"href":"https:\/\/medecine-du-papillon.com\/en\/wp-json\/wp\/v2\/media\/2689"}],"wp:attachment":[{"href":"https:\/\/medecine-du-papillon.com\/en\/wp-json\/wp\/v2\/media?parent=2658"}],"wp:term":[{"taxonomy":"product_brand","embeddable":true,"href":"https:\/\/medecine-du-papillon.com\/en\/wp-json\/wp\/v2\/product_brand?post=2658"},{"taxonomy":"product_cat","embeddable":true,"href":"https:\/\/medecine-du-papillon.com\/en\/wp-json\/wp\/v2\/product_cat?post=2658"},{"taxonomy":"product_tag","embeddable":true,"href":"https:\/\/medecine-du-papillon.com\/en\/wp-json\/wp\/v2\/product_tag?post=2658"},{"taxonomy":"giftcard-category","embeddable":true,"href":"https:\/\/medecine-du-papillon.com\/en\/wp-json\/wp\/v2\/giftcard-category?post=2658"}],"curies":[{"name":"wp","href":"https:\/\/api.w.org\/{rel}","templated":true}]}}