{"id":3572,"date":"2023-06-11T21:43:22","date_gmt":"2023-06-12T01:43:22","guid":{"rendered":"https:\/\/medecine-du-papillon.com\/?post_type=product&#038;p=3572"},"modified":"2024-12-08T23:20:00","modified_gmt":"2024-12-09T04:20:00","slug":"regenerante-huile-pour-visage","status":"publish","type":"product","link":"https:\/\/medecine-du-papillon.com\/en\/product\/regenerating-facial-oil\/","title":{"rendered":"Regenerating \u2013 Facial oil"},"content":{"rendered":"<p>[et_pb_section fb_built=\u00a0\u00bb1&Prime; _builder_version=\u00a0\u00bb4.16&Prime; custom_padding=\u00a0\u00bb0px||||false|false\u00a0\u00bb global_colors_info=\u00a0\u00bb{}\u00a0\u00bb][et_pb_row _builder_version=\u00a0\u00bb4.16&Prime; background_size=\u00a0\u00bbinitial\u00a0\u00bb background_position=\u00a0\u00bbtop_left\u00a0\u00bb background_repeat=\u00a0\u00bbrepeat\u00a0\u00bb width=\u00a0\u00bb100%\u00a0\u00bb custom_padding=\u00a0\u00bb0px||0px||false|false\u00a0\u00bb global_colors_info=\u00a0\u00bb{}\u00a0\u00bb][et_pb_column type=\u00a0\u00bb4_4&Prime; _builder_version=\u00a0\u00bb4.16&Prime; custom_padding=\u00a0\u00bb|||\u00a0\u00bb global_colors_info=\u00a0\u00bb{}\u00a0\u00bb custom_padding__hover=\u00a0\u00bb|||\u00a0\u00bb][et_pb_wc_breadcrumb _builder_version=\u00a0\u00bb4.16&Prime; global_colors_info=\u00a0\u00bb{}\u00a0\u00bb][\/et_pb_wc_breadcrumb][et_pb_wc_cart_notice _builder_version=\u00a0\u00bb4.18.0&Prime; global_colors_info=\u00a0\u00bb{}\u00a0\u00bb][\/et_pb_wc_cart_notice][\/et_pb_column][\/et_pb_row][et_pb_row column_structure=\u00a0\u00bb1_2,1_2&Prime; _builder_version=\u00a0\u00bb4.16&Prime; background_size=\u00a0\u00bbinitial\u00a0\u00bb background_position=\u00a0\u00bbtop_left\u00a0\u00bb background_repeat=\u00a0\u00bbrepeat\u00a0\u00bb width=\u00a0\u00bb100%\u00a0\u00bb custom_padding=\u00a0\u00bb0px||||false|false\u00a0\u00bb global_colors_info=\u00a0\u00bb{}\u00a0\u00bb][et_pb_column type=\u00a0\u00bb1_2&Prime; _builder_version=\u00a0\u00bb4.16&Prime; custom_padding=\u00a0\u00bb|||\u00a0\u00bb global_colors_info=\u00a0\u00bb{}\u00a0\u00bb custom_padding__hover=\u00a0\u00bb|||\u00a0\u00bb][et_pb_wc_images _builder_version=\u00a0\u00bb4.16&Prime; global_colors_info=\u00a0\u00bb{}\u00a0\u00bb][\/et_pb_wc_images][\/et_pb_column][et_pb_column type=\u00a0\u00bb1_2&Prime; _builder_version=\u00a0\u00bb4.16&Prime; custom_padding=\u00a0\u00bb|||\u00a0\u00bb global_colors_info=\u00a0\u00bb{}\u00a0\u00bb custom_padding__hover=\u00a0\u00bb|||\u00a0\u00bb][et_pb_wc_title _builder_version=\u00a0\u00bb4.18.0&Prime; global_colors_info=\u00a0\u00bb{}\u00a0\u00bb][\/et_pb_wc_title][et_pb_wc_rating _builder_version=\u00a0\u00bb4.16&Prime; global_colors_info=\u00a0\u00bb{}\u00a0\u00bb][\/et_pb_wc_rating][et_pb_wc_price _builder_version=\u00a0\u00bb4.18.0&Prime; global_colors_info=\u00a0\u00bb{}\u00a0\u00bb][\/et_pb_wc_price][et_pb_wc_description _builder_version=\u00a0\u00bb4.18.0&Prime; global_colors_info=\u00a0\u00bb{}\u00a0\u00bb][\/et_pb_wc_description][et_pb_wc_add_to_cart _builder_version=\u00a0\u00bb4.16&Prime; global_colors_info=\u00a0\u00bb{}\u00a0\u00bb][\/et_pb_wc_add_to_cart][et_pb_wc_meta _builder_version=\u00a0\u00bb4.16&Prime; global_colors_info=\u00a0\u00bb{}\u00a0\u00bb][\/et_pb_wc_meta][\/et_pb_column][\/et_pb_row][et_pb_row _builder_version=\u00a0\u00bb4.16&Prime; background_size=\u00a0\u00bbinitial\u00a0\u00bb background_position=\u00a0\u00bbtop_left\u00a0\u00bb background_repeat=\u00a0\u00bbrepeat\u00a0\u00bb width=\u00a0\u00bb100%\u00a0\u00bb global_colors_info=\u00a0\u00bb{}\u00a0\u00bb][et_pb_column type=\u00a0\u00bb4_4&Prime; _builder_version=\u00a0\u00bb4.16&Prime; custom_padding=\u00a0\u00bb|||\u00a0\u00bb global_colors_info=\u00a0\u00bb{}\u00a0\u00bb custom_padding__hover=\u00a0\u00bb|||\u00a0\u00bb][et_pb_wc_tabs _builder_version=\u00a0\u00bb4.18.0&Prime; global_colors_info=\u00a0\u00bb{}\u00a0\u00bb]\t\t\t\t\t[\/et_pb_wc_tabs][et_pb_wc_upsells _builder_version=\u00a0\u00bb4.18.0&Prime; title_font=\u00a0\u00bbZCOOL XiaoWei||||||||\u00a0\u00bb title_text_align=\u00a0\u00bbcenter\u00a0\u00bb text_orientation=\u00a0\u00bbcenter\u00a0\u00bb global_colors_info=\u00a0\u00bb{}\u00a0\u00bb][\/et_pb_wc_upsells][et_pb_wc_related_products _builder_version=\u00a0\u00bb4.18.0&Prime; global_colors_info=\u00a0\u00bb{}\u00a0\u00bb][\/et_pb_wc_related_products][\/et_pb_column][\/et_pb_row][\/et_pb_section]<\/p>\n","protected":false},"excerpt":{"rendered":"<p><span style=\"text-decoration: underline;\"><strong>The experience<\/strong><\/span><br \/>\nRegenerating facial oil offers deep hydration, healing, restorative and anti-aging properties. It is suitable for all skin types and penetrates quickly without leaving a greasy film. It is composed of fine oils such as jojoba oil.<\/p>\n<p><span style=\"text-decoration: underline;\"><strong>It smells<\/strong><\/span><br \/>\nThe calendula<\/p>\n<p><span style=\"text-decoration: underline;\"><strong>The benefits<\/strong><\/span><\/p>\n<ul>\n<li>Sebum regulation: thanks to jojoba oil, this oil regulates the skin&#039;s sebum production, which is useful for all skin types.<\/li>\n<li>Moisture Maintenance: Jojoba oil helps maintain skin hydration, ensuring soft and hydrated skin.<\/li>\n<li>Rapid absorption: this oil penetrates quickly into the skin without leaving a greasy film, thus avoiding the unpleasant shine effect during the day.<\/li>\n<li>Protection against external aggressions: thanks to its lipid film on the surface, dry oil helps protect the skin from external aggressions.<\/li>\n<\/ul>\n<p><strong><span style=\"text-decoration: underline;\">Ingredients<\/span><br \/>\n<\/strong>Argan oil, oily macerate of cold-pressed virgin organic olive oil from calendula, rosehip oils, moringa, jojoba, vitamin E<\/p>\n<p>* <em>The oily macerations were carried out by M\u00e9decine du Papillon.<\/em><\/p>\n<p><strong>Use<\/strong><br \/>\nInclude in your facial care routine before or instead of putting on your moisturizer. Massage your face with a circular motion until the oil is completely absorbed with 5 to 10 drops, 1 to 2 times a day. You can also<\/p>\n<p><strong><span style=\"text-decoration: underline;\">Benefits of pink opal<\/span><\/strong><\/p>\n<ul>\n<li>Bring peace, love<\/li>\n<li>Promotes rapid healing, whether physical or moral<\/li>\n<li>Increases self-esteem<\/li>\n<li>Stimulates the circulatory system to the optimal level and improves skin quality<\/li>\n<\/ul>","protected":false},"featured_media":3581,"comment_status":"open","ping_status":"closed","template":"","meta":{"_et_pb_use_builder":"on","_et_pb_old_content":"<strong>Entretien :\r\n<\/strong>Laissez l\u2019huile botanique au sec, \u00e0 l\u2019abri de la lumi\u00e8re et de la chaleur pour conserver plus longtemps votre produit. Conservation 2-3 ans.","_et_gb_content_width":"","_exactmetrics_skip_tracking":false,"_exactmetrics_sitenote_active":false,"_exactmetrics_sitenote_note":"","_exactmetrics_sitenote_category":0,"jetpack_post_was_ever_published":false,"jetpack_publicize_message":"","jetpack_publicize_feature_enabled":true,"jetpack_social_post_already_shared":true,"jetpack_social_options":{"image_generator_settings":{"template":"highway","default_image_id":0,"font":"","enabled":false},"version":2}},"product_brand":[],"product_cat":[44],"product_tag":[45,39,40,38,37],"giftcard-category":[],"class_list":{"0":"post-3572","1":"product","2":"type-product","3":"status-publish","4":"has-post-thumbnail","6":"product_cat-huile-botanique-massage","7":"product_tag-cicatrisation","8":"product_tag-peau-grasse","9":"product_tag-peau-mixte","10":"product_tag-peau-normale","11":"product_tag-peau-seche","13":"first","14":"instock","15":"shipping-taxable","16":"purchasable","17":"product-type-simple"},"yoast_head":"<!-- This site is optimized with the Yoast SEO plugin v23.9 - https:\/\/yoast.com\/wordpress\/plugins\/seo\/ -->\n<title>R\u00e9g\u00e9n\u00e9rante - Huile pour le visage &#183; M\u00e9decine du papillon<\/title>\n<meta name=\"description\" content=\"L&#039;huile R\u00e9g\u00e9n\u00e9rante pour le visage : s\u00e9bum r\u00e9gul\u00e9, peau hydrat\u00e9e, signes de vieillissement att\u00e9nu\u00e9s. Essayez-la maintenant !\" \/>\n<meta name=\"robots\" content=\"index, follow, max-snippet:-1, max-image-preview:large, max-video-preview:-1\" \/>\n<link rel=\"canonical\" href=\"https:\/\/medecine-du-papillon.com\/en\/product\/regenerating-facial-oil\/\" \/>\n<meta property=\"og:locale\" content=\"en_US\" \/>\n<meta property=\"og:type\" content=\"article\" \/>\n<meta property=\"og:title\" content=\"R\u00e9g\u00e9n\u00e9rante - Huile pour le visage &#183; M\u00e9decine du papillon\" \/>\n<meta property=\"og:description\" content=\"L&#039;huile R\u00e9g\u00e9n\u00e9rante pour le visage : s\u00e9bum r\u00e9gul\u00e9, peau hydrat\u00e9e, signes de vieillissement att\u00e9nu\u00e9s. Essayez-la maintenant !\" \/>\n<meta property=\"og:url\" content=\"https:\/\/medecine-du-papillon.com\/en\/product\/regenerating-facial-oil\/\" \/>\n<meta property=\"og:site_name\" content=\"M\u00e9decine du papillon\" \/>\n<meta property=\"article:modified_time\" content=\"2024-12-09T04:20:00+00:00\" \/>\n<meta property=\"og:image\" content=\"https:\/\/medecine-du-papillon.com\/wp-content\/uploads\/2023\/06\/coffret-personnalisable-huile-regenerante-the-de-bain-routine-soin-visage-medecine-du-papillon.jpg\" \/>\n\t<meta property=\"og:image:width\" content=\"1844\" \/>\n\t<meta property=\"og:image:height\" content=\"1844\" \/>\n\t<meta property=\"og:image:type\" content=\"image\/jpeg\" \/>\n<meta name=\"twitter:card\" content=\"summary_large_image\" \/>\n<meta name=\"twitter:label1\" content=\"Est. reading time\" \/>\n\t<meta name=\"twitter:data1\" content=\"3 minutes\" \/>\n<script type=\"application\/ld+json\" class=\"yoast-schema-graph\">{\"@context\":\"https:\/\/schema.org\",\"@graph\":[{\"@type\":\"WebPage\",\"@id\":\"https:\/\/medecine-du-papillon.com\/produit\/regenerante-huile-pour-visage\/\",\"url\":\"https:\/\/medecine-du-papillon.com\/produit\/regenerante-huile-pour-visage\/\",\"name\":\"R\u00e9g\u00e9n\u00e9rante - Huile pour le visage &#183; M\u00e9decine du papillon\",\"isPartOf\":{\"@id\":\"https:\/\/medecine-du-papillon.com\/#website\"},\"primaryImageOfPage\":{\"@id\":\"https:\/\/medecine-du-papillon.com\/produit\/regenerante-huile-pour-visage\/#primaryimage\"},\"image\":{\"@id\":\"https:\/\/medecine-du-papillon.com\/produit\/regenerante-huile-pour-visage\/#primaryimage\"},\"thumbnailUrl\":\"https:\/\/i0.wp.com\/medecine-du-papillon.com\/wp-content\/uploads\/2023\/06\/coffret-personnalisable-huile-regenerante-the-de-bain-routine-soin-visage-medecine-du-papillon.jpg?fit=1844%2C1844&ssl=1\",\"datePublished\":\"2023-06-12T01:43:22+00:00\",\"dateModified\":\"2024-12-09T04:20:00+00:00\",\"description\":\"L'huile R\u00e9g\u00e9n\u00e9rante pour le visage : s\u00e9bum r\u00e9gul\u00e9, peau hydrat\u00e9e, signes de vieillissement att\u00e9nu\u00e9s. Essayez-la maintenant !\",\"breadcrumb\":{\"@id\":\"https:\/\/medecine-du-papillon.com\/produit\/regenerante-huile-pour-visage\/#breadcrumb\"},\"inLanguage\":\"en-CA\",\"potentialAction\":[{\"@type\":\"ReadAction\",\"target\":[\"https:\/\/medecine-du-papillon.com\/produit\/regenerante-huile-pour-visage\/\"]}]},{\"@type\":\"ImageObject\",\"inLanguage\":\"en-CA\",\"@id\":\"https:\/\/medecine-du-papillon.com\/produit\/regenerante-huile-pour-visage\/#primaryimage\",\"url\":\"https:\/\/i0.wp.com\/medecine-du-papillon.com\/wp-content\/uploads\/2023\/06\/coffret-personnalisable-huile-regenerante-the-de-bain-routine-soin-visage-medecine-du-papillon.jpg?fit=1844%2C1844&ssl=1\",\"contentUrl\":\"https:\/\/i0.wp.com\/medecine-du-papillon.com\/wp-content\/uploads\/2023\/06\/coffret-personnalisable-huile-regenerante-the-de-bain-routine-soin-visage-medecine-du-papillon.jpg?fit=1844%2C1844&ssl=1\",\"width\":1844,\"height\":1844,\"caption\":\"coffret personnalisable huile regenerante the de bain routine soin visage medecine du papillon\"},{\"@type\":\"BreadcrumbList\",\"@id\":\"https:\/\/medecine-du-papillon.com\/produit\/regenerante-huile-pour-visage\/#breadcrumb\",\"itemListElement\":[{\"@type\":\"ListItem\",\"position\":1,\"name\":\"Accueil\",\"item\":\"https:\/\/medecine-du-papillon.com\/\"},{\"@type\":\"ListItem\",\"position\":2,\"name\":\"Boutique\",\"item\":\"https:\/\/medecine-du-papillon.com\/boutique\/\"},{\"@type\":\"ListItem\",\"position\":3,\"name\":\"R\u00e9g\u00e9n\u00e9rante &#8211; Huile pour le visage\"}]},{\"@type\":\"WebSite\",\"@id\":\"https:\/\/medecine-du-papillon.com\/#website\",\"url\":\"https:\/\/medecine-du-papillon.com\/\",\"name\":\"M\u00e9decine du papillon\",\"description\":\"Retrouver votre bien-\u00eatre en vous accordant de doux moments via nos produits naturels.\",\"potentialAction\":[{\"@type\":\"SearchAction\",\"target\":{\"@type\":\"EntryPoint\",\"urlTemplate\":\"https:\/\/medecine-du-papillon.com\/?s={search_term_string}\"},\"query-input\":{\"@type\":\"PropertyValueSpecification\",\"valueRequired\":true,\"valueName\":\"search_term_string\"}}],\"inLanguage\":\"en-CA\"}]}<\/script>\n<!-- \/ Yoast SEO plugin. -->","yoast_head_json":{"title":"Regenerating - Facial oil \u00b7 Butterfly medicine","description":"Regenerating oil for the face: regulated sebum, hydrated skin, reduced signs of aging. Try it now!","robots":{"index":"index","follow":"follow","max-snippet":"max-snippet:-1","max-image-preview":"max-image-preview:large","max-video-preview":"max-video-preview:-1"},"canonical":"https:\/\/medecine-du-papillon.com\/en\/product\/regenerating-facial-oil\/","og_locale":"en_US","og_type":"article","og_title":"R\u00e9g\u00e9n\u00e9rante - Huile pour le visage &#183; M\u00e9decine du papillon","og_description":"L'huile R\u00e9g\u00e9n\u00e9rante pour le visage : s\u00e9bum r\u00e9gul\u00e9, peau hydrat\u00e9e, signes de vieillissement att\u00e9nu\u00e9s. Essayez-la maintenant !","og_url":"https:\/\/medecine-du-papillon.com\/en\/product\/regenerating-facial-oil\/","og_site_name":"M\u00e9decine du papillon","article_modified_time":"2024-12-09T04:20:00+00:00","og_image":[{"width":1844,"height":1844,"url":"https:\/\/medecine-du-papillon.com\/wp-content\/uploads\/2023\/06\/coffret-personnalisable-huile-regenerante-the-de-bain-routine-soin-visage-medecine-du-papillon.jpg","type":"image\/jpeg"}],"twitter_card":"summary_large_image","twitter_misc":{"Est. reading time":"3 minutes"},"schema":{"@context":"https:\/\/schema.org","@graph":[{"@type":"WebPage","@id":"https:\/\/medecine-du-papillon.com\/produit\/regenerante-huile-pour-visage\/","url":"https:\/\/medecine-du-papillon.com\/produit\/regenerante-huile-pour-visage\/","name":"Regenerating - Facial oil \u00b7 Butterfly medicine","isPartOf":{"@id":"https:\/\/medecine-du-papillon.com\/#website"},"primaryImageOfPage":{"@id":"https:\/\/medecine-du-papillon.com\/produit\/regenerante-huile-pour-visage\/#primaryimage"},"image":{"@id":"https:\/\/medecine-du-papillon.com\/produit\/regenerante-huile-pour-visage\/#primaryimage"},"thumbnailUrl":"https:\/\/i0.wp.com\/medecine-du-papillon.com\/wp-content\/uploads\/2023\/06\/coffret-personnalisable-huile-regenerante-the-de-bain-routine-soin-visage-medecine-du-papillon.jpg?fit=1844%2C1844&ssl=1","datePublished":"2023-06-12T01:43:22+00:00","dateModified":"2024-12-09T04:20:00+00:00","description":"Regenerating oil for the face: regulated sebum, hydrated skin, reduced signs of aging. Try it now!","breadcrumb":{"@id":"https:\/\/medecine-du-papillon.com\/produit\/regenerante-huile-pour-visage\/#breadcrumb"},"inLanguage":"en-CA","potentialAction":[{"@type":"ReadAction","target":["https:\/\/medecine-du-papillon.com\/produit\/regenerante-huile-pour-visage\/"]}]},{"@type":"ImageObject","inLanguage":"en-CA","@id":"https:\/\/medecine-du-papillon.com\/produit\/regenerante-huile-pour-visage\/#primaryimage","url":"https:\/\/i0.wp.com\/medecine-du-papillon.com\/wp-content\/uploads\/2023\/06\/coffret-personnalisable-huile-regenerante-the-de-bain-routine-soin-visage-medecine-du-papillon.jpg?fit=1844%2C1844&ssl=1","contentUrl":"https:\/\/i0.wp.com\/medecine-du-papillon.com\/wp-content\/uploads\/2023\/06\/coffret-personnalisable-huile-regenerante-the-de-bain-routine-soin-visage-medecine-du-papillon.jpg?fit=1844%2C1844&ssl=1","width":1844,"height":1844,"caption":"coffret personnalisable huile regenerante the de bain routine soin visage medecine du papillon"},{"@type":"BreadcrumbList","@id":"https:\/\/medecine-du-papillon.com\/produit\/regenerante-huile-pour-visage\/#breadcrumb","itemListElement":[{"@type":"ListItem","position":1,"name":"Accueil","item":"https:\/\/medecine-du-papillon.com\/"},{"@type":"ListItem","position":2,"name":"Boutique","item":"https:\/\/medecine-du-papillon.com\/boutique\/"},{"@type":"ListItem","position":3,"name":"R\u00e9g\u00e9n\u00e9rante &#8211; Huile pour le visage"}]},{"@type":"WebSite","@id":"https:\/\/medecine-du-papillon.com\/#website","url":"https:\/\/medecine-du-papillon.com\/","name":"Butterfly Medicine","description":"Regain your well-being by treating yourself to sweet moments with our natural products.","potentialAction":[{"@type":"SearchAction","target":{"@type":"EntryPoint","urlTemplate":"https:\/\/medecine-du-papillon.com\/?s={search_term_string}"},"query-input":{"@type":"PropertyValueSpecification","valueRequired":true,"valueName":"search_term_string"}}],"inLanguage":"en-CA"}]}},"jetpack_publicize_connections":[],"jetpack-related-posts":[],"jetpack_sharing_enabled":true,"_links":{"self":[{"href":"https:\/\/medecine-du-papillon.com\/en\/wp-json\/wp\/v2\/product\/3572","targetHints":{"allow":["GET"]}}],"collection":[{"href":"https:\/\/medecine-du-papillon.com\/en\/wp-json\/wp\/v2\/product"}],"about":[{"href":"https:\/\/medecine-du-papillon.com\/en\/wp-json\/wp\/v2\/types\/product"}],"replies":[{"embeddable":true,"href":"https:\/\/medecine-du-papillon.com\/en\/wp-json\/wp\/v2\/comments?post=3572"}],"wp:featuredmedia":[{"embeddable":true,"href":"https:\/\/medecine-du-papillon.com\/en\/wp-json\/wp\/v2\/media\/3581"}],"wp:attachment":[{"href":"https:\/\/medecine-du-papillon.com\/en\/wp-json\/wp\/v2\/media?parent=3572"}],"wp:term":[{"taxonomy":"product_brand","embeddable":true,"href":"https:\/\/medecine-du-papillon.com\/en\/wp-json\/wp\/v2\/product_brand?post=3572"},{"taxonomy":"product_cat","embeddable":true,"href":"https:\/\/medecine-du-papillon.com\/en\/wp-json\/wp\/v2\/product_cat?post=3572"},{"taxonomy":"product_tag","embeddable":true,"href":"https:\/\/medecine-du-papillon.com\/en\/wp-json\/wp\/v2\/product_tag?post=3572"},{"taxonomy":"giftcard-category","embeddable":true,"href":"https:\/\/medecine-du-papillon.com\/en\/wp-json\/wp\/v2\/giftcard-category?post=3572"}],"curies":[{"name":"wp","href":"https:\/\/api.w.org\/{rel}","templated":true}]}}